{"id":11235,"date":"2026-04-13T15:44:24","date_gmt":"2026-04-13T13:44:24","guid":{"rendered":"https:\/\/www.skandiaverken.com\/kata-nuevas-soluciones-de-energia-limpia-para-un-transporte-maritimo-y-una-industria-siderurgica-mas-ecologicos\/"},"modified":"2026-04-16T09:47:48","modified_gmt":"2026-04-16T07:47:48","slug":"kata-nuevas-soluciones-de-energia-limpia-para-un-transporte-maritimo-y-una-industria-siderurgica-mas-ecologicos","status":"publish","type":"page","link":"https:\/\/www.skandiaverken.com\/es\/kata-nuevas-soluciones-de-energia-limpia-para-un-transporte-maritimo-y-una-industria-siderurgica-mas-ecologicos\/","title":{"rendered":"KATA: Nuevas soluciones de energ\u00eda limpia para un transporte mar\u00edtimo y una industria sider\u00fargica m\u00e1s ecol\u00f3gicos"},"content":{"rendered":"\t\t<div data-elementor-type=\"wp-page\" data-elementor-id=\"11235\" class=\"elementor elementor-11235 elementor-11168\" data-elementor-post-type=\"page\">\n\t\t\t\t<div class=\"elementor-element elementor-element-2e1a0be e-flex e-con-boxed e-con e-parent\" data-id=\"2e1a0be\" data-element_type=\"container\" data-e-type=\"container\">\n\t\t\t\t\t<div class=\"e-con-inner\">\n\t\t\t\t<div class=\"elementor-element elementor-element-fcaa5a9 anima-testo-zoom elementor-widget elementor-widget-heading\" data-id=\"fcaa5a9\" data-element_type=\"widget\" data-e-type=\"widget\" data-settings=\"{&quot;_animation&quot;:&quot;none&quot;,&quot;_animation_delay&quot;:200}\" data-widget_type=\"heading.default\">\n\t\t\t\t<div class=\"elementor-widget-container\">\n\t\t\t\t\t<h1 class=\"elementor-heading-title elementor-size-default\"><span class=\"tit-evidenza\">KATA PROJECT: <\/span><br> Nuevas soluciones de energ\u00eda limpia para un transporte mar\u00edtimo y una industria sider\u00fargica m\u00e1s ecol\u00f3gicos<\/h1>\t\t\t\t<\/div>\n\t\t\t\t<\/div>\n\t\t\t\t\t<\/div>\n\t\t\t\t<\/div>\n\t\t<div class=\"elementor-element elementor-element-007e87c e-grid e-con-boxed e-con e-parent\" data-id=\"007e87c\" data-element_type=\"container\" data-e-type=\"container\">\n\t\t\t\t\t<div class=\"e-con-inner\">\n\t\t<div class=\"elementor-element elementor-element-60e9773 e-con-full e-flex e-con e-child\" data-id=\"60e9773\" data-element_type=\"container\" data-e-type=\"container\" data-settings=\"{&quot;background_background&quot;:&quot;classic&quot;}\">\n\t\t\t\t<\/div>\n\t\t<div class=\"elementor-element elementor-element-a003447 e-con-full e-flex e-con e-child\" data-id=\"a003447\" data-element_type=\"container\" data-e-type=\"container\">\n\t\t\t\t<div class=\"elementor-element elementor-element-160414c elementor-invisible elementor-widget elementor-widget-text-editor\" data-id=\"160414c\" data-element_type=\"widget\" data-e-type=\"widget\" data-settings=\"{&quot;_animation&quot;:&quot;fadeIn&quot;,&quot;_animation_delay&quot;:300}\" data-widget_type=\"text-editor.default\">\n\t\t\t\t<div class=\"elementor-widget-container\">\n\t\t\t\t\t\t\t\t\t<p>Un consorcio vasco, liderado por Iberdrola, ha puesto en marcha el <strong>proyecto KATA<\/strong>, una ambiciosa iniciativa de I+D que desarrollar\u00e1 nuevas tecnolog\u00edas a lo largo de toda la cadena de valor de los vectores de hidr\u00f3geno renovable, desde su generaci\u00f3n hasta su uso final, con el objetivo de acelerar la transici\u00f3n energ\u00e9tica en el transporte mar\u00edtimo y la industria sider\u00fargica.<\/p><p>El consorcio, coordinado por Iberdrola, est\u00e1 formado por <strong>Cintranaval, Fidegas, Global Factor, H2Site, Sarmel, SKV, Tamoin, TTT y Tubacex, <\/strong> con la participaci\u00f3n de la <strong>Universidad del Pa\u00eds Vasco (EHU), Tecnalia y Tubacex Innovaci\u00f3n<\/strong> en calidad de agentes de la <strong>Red Vasca de Ciencia, Tecnolog\u00eda e Innovaci\u00f3n (RVCTI)<\/strong>.<\/p><p>En el marco del proyecto KATA, SKV investigar\u00e1 el desarrollo de soluciones para aplicaciones mar\u00edtimas <strong>del hidr\u00f3geno y los portadores de hidr\u00f3geno<\/strong> en motores de combusti\u00f3n interna destinados a aplicaciones mar\u00edtimas y a la generaci\u00f3n de energ\u00eda.<\/p><p><strong>Se modificar\u00e1 un generador di\u00e9sel para que funcione con hidr\u00f3geno en un ciclo de combustible dual<\/strong>, en el marco de una prueba de larga duraci\u00f3n destinada a evaluar el rendimiento de los distintos componentes cuando se utiliza hidr\u00f3geno como combustible.<\/p>\t\t\t\t\t\t\t\t<\/div>\n\t\t\t\t<\/div>\n\t\t\t\t<\/div>\n\t\t\t\t\t<\/div>\n\t\t\t\t<\/div>\n\t\t<div class=\"elementor-element elementor-element-cfe3f78 e-flex e-con-boxed e-con e-parent\" data-id=\"cfe3f78\" data-element_type=\"container\" data-e-type=\"container\">\n\t\t\t\t\t<div class=\"e-con-inner\">\n\t\t\t\t<div class=\"elementor-element elementor-element-92e523f elementor-widget elementor-widget-text-editor\" data-id=\"92e523f\" data-element_type=\"widget\" data-e-type=\"widget\" data-widget_type=\"text-editor.default\">\n\t\t\t\t<div class=\"elementor-widget-container\">\n\t\t\t\t\t\t\t\t\t<p>El motor di\u00e9sel original se modificar\u00e1 con un <strong>nuevo colector de admisi\u00f3n<\/strong> que incluir\u00e1 inyectores de hidr\u00f3geno de inyecci\u00f3n en el puerto (PFI) y una nueva unidad de control electr\u00f3nico (ECU) para accionar tanto los inyectores de di\u00e9sel como los de hidr\u00f3geno en un ciclo de combustible dual. <strong>El motor se someter\u00e1 a pruebas y se ajustar\u00e1 en laboratorio<\/strong> para lograr un rendimiento \u00f3ptimo en el ciclo de combustible dual, manteniendo al mismo tiempo las emisiones de NOx por debajo de los l\u00edmites permitidos seg\u00fan la normativa de la OMI sobre NOx. El ajuste del motor se llevar\u00e1 a cabo mediante la optimizaci\u00f3n de los tiempos y <strong>presiones de inyecci\u00f3n de hidr\u00f3geno y di\u00e9sel<\/strong>. Se evaluar\u00e1n diferentes niveles de recirculaci\u00f3n de gases de escape (EGR) para mantener las emisiones de NOx bajo control sin comprometer el rendimiento del motor ni las emisiones de humo. <\/p><p>Una vez que el motor haya sido probado y ajustado en el laboratorio, se someter\u00e1 a una prueba de resistencia prolongada en las instalaciones de uno de los socios del consorcio. All\u00ed, el motor se acoplar\u00e1 a un craqueador de amon\u00edaco que producir\u00e1 hidr\u00f3geno, el cual ser\u00e1 utilizado por el motor en un ciclo de combustible dual. Se construir\u00e1 un contenedor especial con todos los equipos auxiliares necesarios, que se trasladar\u00e1 al punto de suministro de hidr\u00f3geno y se convertir\u00e1 en un banco de pruebas port\u00e1til para motores de hidr\u00f3geno.  <\/p><p>Durante la prueba de <strong>resistencia se supervisar\u00e1n las emisiones del motor<\/strong>, la eficiencia y el rendimiento de la combusti\u00f3n, con el fin de evaluar la vida \u00fatil y el envejecimiento de los distintos componentes a medida que acumulan horas de funcionamiento en condiciones muy exigentes.<\/p><p><strong>La investigaci\u00f3n tambi\u00e9n analizar\u00e1 la posibilidad de utilizar hidr\u00f3geno en diferentes vectores.<\/strong> Tambi\u00e9n se investigar\u00e1 la aplicaci\u00f3n del metanol en motores de velocidad media mediante simulaciones de din\u00e1mica de fluidos computacional (CFD). Se utilizar\u00e1 como referencia un motor representativo de la gama de motores que abarca <strong>SKV GROUP<\/strong>. En el motor de velocidad media seleccionado, se estudiar\u00e1n diferentes estrategias de suministro de metanol al cilindro en modelos de combusti\u00f3n de doble combustible: inyecci\u00f3n por inyecci\u00f3n de combustible (PFI) con inyecci\u00f3n directa de di\u00e9sel e inyecci\u00f3n directa de una emulsi\u00f3n de di\u00e9sel y metanol.   <strong>Los resultados del estudio servir\u00e1n de base para futuros trabajos experimentales en motores reales.<\/strong><\/p><p><strong>Este proyecto de investigaci\u00f3n forma parte de la estrategia de ZEPHYR GROUP<\/strong> para desarrollar soluciones de modernizaci\u00f3n destinadas a reducir las emisiones de gases de efecto invernadero de los motores de combusti\u00f3n interna en aplicaciones mar\u00edtimas y de generaci\u00f3n de energ\u00eda.<\/p>\t\t\t\t\t\t\t\t<\/div>\n\t\t\t\t<\/div>\n\t\t\t\t<div class=\"elementor-element elementor-element-904ba2c elementor-widget elementor-widget-text-editor\" data-id=\"904ba2c\" data-element_type=\"widget\" data-e-type=\"widget\" data-widget_type=\"text-editor.default\">\n\t\t\t\t<div class=\"elementor-widget-container\">\n\t\t\t\t\t\t\t\t\t<p>El <strong>proyecto KATA<\/strong>, financiado por el <strong>programa Hazitek del Gobierno Vasco<\/strong>, tendr\u00e1 una duraci\u00f3n de <strong> tres a\u00f1os<\/strong> (2025-2027) y sit\u00faa a Euskadi a la vanguardia europea en el desarrollo de vectores de hidr\u00f3geno como pilares de la nueva econom\u00eda descarbonizada. The funding has been received from the Basque Government Department of Industry, Energy Transition and Sustainability and European Union funds (FEDER).<\/p>\t\t\t\t\t\t\t\t<\/div>\n\t\t\t\t<\/div>\n\t\t\t\t\t<\/div>\n\t\t\t\t<\/div>\n\t\t<div class=\"elementor-element elementor-element-23d3413 e-flex e-con-boxed e-con e-parent\" data-id=\"23d3413\" data-element_type=\"container\" data-e-type=\"container\">\n\t\t\t\t\t<div class=\"e-con-inner\">\n\t\t\t\t<div class=\"elementor-element elementor-element-72cda7e elementor-widget elementor-widget-image-gallery\" data-id=\"72cda7e\" data-element_type=\"widget\" data-e-type=\"widget\" data-widget_type=\"image-gallery.default\">\n\t\t\t\t<div class=\"elementor-widget-container\">\n\t\t\t\t\t\t\t<div class=\"elementor-image-gallery\">\n\t\t\t<div class=\"wpmf-gallerys wpmf-gallerys-life \" ><div id=\"gallery-1\" class=\"gallery gallery_life wpmf_gallery_default gallery_default  gallery-columns-3 gallery-size-full gallery-link-file wpmf-has-border-radius-0 wpmf-gutterwidth-5 no_ratio\"><figure class=\"wpmf-gallery-item\" data-index=\"0\"><div class=\"wpmf-gallery-icon\"><div class=\"square_thumbnail\"><div class=\"img_centered\"><a class=\" not_video noLightbox\" data-lightbox=\"1\" data-href=\"https:\/\/www.skandiaverken.com\/wp-content\/uploads\/2026\/04\/kata04-mod-830x1024.webp\" title=\"Recambios para motores industriales en un taller\" target=\"_self\" data-index=\"0\"><img decoding=\"async\" class=\"wpmf_img\" alt=\"Un motor industrial sobre un soporte en un taller. El motor es negro y tiene varios componentes a la vista. \" src=\"https:\/\/www.skandiaverken.com\/wp-content\/uploads\/2026\/04\/kata04-mod.webp\" data-type=\"wpmfgalleryimg\" data-attachment-id=\"11232\" data-wpmf-size=\"full\" data-lazy-src=\"https:\/\/www.skandiaverken.com\/wp-content\/uploads\/2026\/04\/kata04-mod.webp\"><\/a><\/div><\/div><\/div><\/figure><figure class=\"wpmf-gallery-item\" data-index=\"1\"><div class=\"wpmf-gallery-icon\"><div class=\"square_thumbnail\"><div class=\"img_centered\"><a class=\" not_video noLightbox\" data-lightbox=\"1\" data-href=\"https:\/\/www.skandiaverken.com\/wp-content\/uploads\/2026\/04\/kata02-mod-1-830x1024.webp\" title=\"Recambios y servicios para motores industriales\" target=\"_self\" data-index=\"1\"><img decoding=\"async\" class=\"wpmf_img\" alt=\"Un motor industrial negro descansa sobre un bastidor met\u00e1lico en un taller. Distribuci\u00f3n de repuestos y servicios para los sectores mar\u00edtimo y de centrales el\u00e9ctricas. \" src=\"https:\/\/www.skandiaverken.com\/wp-content\/uploads\/2026\/04\/kata02-mod-1.webp\" data-type=\"wpmfgalleryimg\" data-attachment-id=\"11233\" data-wpmf-size=\"full\" data-lazy-src=\"https:\/\/www.skandiaverken.com\/wp-content\/uploads\/2026\/04\/kata02-mod-1.webp\"><\/a><\/div><\/div><\/div><\/figure><figure class=\"wpmf-gallery-item\" data-index=\"2\"><div class=\"wpmf-gallery-icon\"><div class=\"square_thumbnail\"><div class=\"img_centered\"><a class=\" not_video noLightbox\" data-lightbox=\"1\" data-href=\"https:\/\/www.skandiaverken.com\/wp-content\/uploads\/2026\/04\/Kata03-mod-1-830x1024.webp\" title=\"Pruebas de motores con un ordenador port\u00e1til en un entorno industrial\" target=\"_self\" data-index=\"2\"><img decoding=\"async\" class=\"wpmf_img\" alt=\"Un ordenador port\u00e1til sobre una mesa junto a un gran motor industrial, con cajas de herramientas al fondo. El montaje parece estar destinado a la realizaci\u00f3n de pruebas o diagn\u00f3sticos del motor. \" src=\"https:\/\/www.skandiaverken.com\/wp-content\/uploads\/2026\/04\/Kata03-mod-1.webp\" data-type=\"wpmfgalleryimg\" data-attachment-id=\"11234\" data-wpmf-size=\"full\" data-lazy-src=\"https:\/\/www.skandiaverken.com\/wp-content\/uploads\/2026\/04\/Kata03-mod-1.webp\"><\/a><\/div><\/div><\/div><\/figure><\/div><\/div>\t\t<\/div>\n\t\t\t\t\t\t<\/div>\n\t\t\t\t<\/div>\n\t\t\t\t<div class=\"elementor-element elementor-element-9299fe6 elementor-widget elementor-widget-image\" data-id=\"9299fe6\" data-element_type=\"widget\" data-e-type=\"widget\" data-widget_type=\"image.default\">\n\t\t\t\t<div class=\"elementor-widget-container\">\n\t\t\t\t\t\t\t\t\t\t\t\t\t\t\t<img fetchpriority=\"high\" decoding=\"async\" width=\"1920\" height=\"1082\" src=\"https:\/\/www.skandiaverken.com\/wp-content\/uploads\/2026\/04\/Infografia-KATA-1.webp\" class=\"attachment-full size-full wp-image-11204\" alt=\"Diagrama que muestra la red mundial de distribuci\u00f3n de repuestos para motores. Varios logotipos de empresas y buques de transporte.\" srcset=\"https:\/\/www.skandiaverken.com\/wp-content\/uploads\/2026\/04\/Infografia-KATA-1.webp 1920w, https:\/\/www.skandiaverken.com\/wp-content\/uploads\/2026\/04\/Infografia-KATA-1-300x169.webp 300w, https:\/\/www.skandiaverken.com\/wp-content\/uploads\/2026\/04\/Infografia-KATA-1-1024x577.webp 1024w, https:\/\/www.skandiaverken.com\/wp-content\/uploads\/2026\/04\/Infografia-KATA-1-768x433.webp 768w, https:\/\/www.skandiaverken.com\/wp-content\/uploads\/2026\/04\/Infografia-KATA-1-1536x866.webp 1536w\" sizes=\"(max-width: 1920px) 100vw, 1920px\" \/>\t\t\t\t\t\t\t\t\t\t\t\t\t\t\t<\/div>\n\t\t\t\t<\/div>\n\t\t\t\t\t<\/div>\n\t\t\t\t<\/div>\n\t\t\t\t<\/div>\n\t\t","protected":false},"excerpt":{"rendered":"<p>KATA PROJECT: Nuevas soluciones de energ\u00eda limpia para un transporte mar\u00edtimo y una industria sider\u00fargica m\u00e1s ecol\u00f3gicos Un consorcio vasco, liderado por Iberdrola, ha puesto en marcha el proyecto KATA, una ambiciosa iniciativa de I+D que desarrollar\u00e1 nuevas tecnolog\u00edas a lo largo de toda la cadena de valor de los vectores de hidr\u00f3geno renovable, desde [&hellip;]<\/p>\n","protected":false},"author":1,"featured_media":11205,"parent":0,"menu_order":0,"comment_status":"closed","ping_status":"closed","template":"","meta":{"footnotes":""},"class_list":["post-11235","page","type-page","status-publish","has-post-thumbnail","hentry"],"_links":{"self":[{"href":"https:\/\/www.skandiaverken.com\/es\/wp-json\/wp\/v2\/pages\/11235","targetHints":{"allow":["GET"]}}],"collection":[{"href":"https:\/\/www.skandiaverken.com\/es\/wp-json\/wp\/v2\/pages"}],"about":[{"href":"https:\/\/www.skandiaverken.com\/es\/wp-json\/wp\/v2\/types\/page"}],"author":[{"embeddable":true,"href":"https:\/\/www.skandiaverken.com\/es\/wp-json\/wp\/v2\/users\/1"}],"replies":[{"embeddable":true,"href":"https:\/\/www.skandiaverken.com\/es\/wp-json\/wp\/v2\/comments?post=11235"}],"version-history":[{"count":2,"href":"https:\/\/www.skandiaverken.com\/es\/wp-json\/wp\/v2\/pages\/11235\/revisions"}],"predecessor-version":[{"id":11253,"href":"https:\/\/www.skandiaverken.com\/es\/wp-json\/wp\/v2\/pages\/11235\/revisions\/11253"}],"wp:featuredmedia":[{"embeddable":true,"href":"https:\/\/www.skandiaverken.com\/es\/wp-json\/wp\/v2\/media\/11205"}],"wp:attachment":[{"href":"https:\/\/www.skandiaverken.com\/es\/wp-json\/wp\/v2\/media?parent=11235"}],"curies":[{"name":"wp","href":"https:\/\/api.w.org\/{rel}","templated":true}]}}