{"id":10805,"date":"2025-12-03T11:05:33","date_gmt":"2025-12-03T10:05:33","guid":{"rendered":"https:\/\/gold-ibis-155141.hostingersite.com\/contacta-con-nosotros\/solicitud-enviada\/"},"modified":"2025-12-03T11:41:29","modified_gmt":"2025-12-03T10:41:29","slug":"solicitud-enviada","status":"publish","type":"page","link":"https:\/\/www.skandiaverken.com\/es\/contacta-con-nosotros\/solicitud-enviada\/","title":{"rendered":"Solicitud enviada"},"content":{"rendered":"\t\t<div data-elementor-type=\"wp-page\" data-elementor-id=\"10805\" class=\"elementor elementor-10805 elementor-10791\" data-elementor-post-type=\"page\">\n\t\t\t\t<div class=\"elementor-element elementor-element-76ea7cb9 e-con-full e-flex e-con e-parent\" data-id=\"76ea7cb9\" data-element_type=\"container\">\n\t\t\t\t<\/div>\n\t\t<div class=\"elementor-element elementor-element-73cdc76 e-con-full elementor-hidden-desktop elementor-hidden-laptop elementor-hidden-tablet_extra elementor-hidden-tablet elementor-hidden-mobile_extra elementor-hidden-mobile e-flex e-con e-parent\" data-id=\"73cdc76\" data-element_type=\"container\" data-settings=\"{&quot;background_background&quot;:&quot;classic&quot;}\">\n\t\t<div class=\"elementor-element elementor-element-6a6e6f4a e-con-full e-flex e-con e-child\" data-id=\"6a6e6f4a\" data-element_type=\"container\" data-settings=\"{&quot;position&quot;:&quot;absolute&quot;}\">\n\t\t\t\t<div class=\"elementor-element elementor-element-3cd63caf elementor-invisible elementor-widget elementor-widget-heading\" data-id=\"3cd63caf\" data-element_type=\"widget\" data-settings=\"{&quot;_animation&quot;:&quot;fadeInDown&quot;}\" data-widget_type=\"heading.default\">\n\t\t\t\t<div class=\"elementor-widget-container\">\n\t\t\t\t\t<h2 class=\"elementor-heading-title elementor-size-default\"><b>Contacta con nosotros<\/b><\/h2>\t\t\t\t<\/div>\n\t\t\t\t<\/div>\n\t\t\t\t<div class=\"elementor-element elementor-element-32e72ca3 elementor-invisible elementor-widget elementor-widget-text-editor\" data-id=\"32e72ca3\" data-element_type=\"widget\" data-settings=\"{&quot;_animation&quot;:&quot;fadeInUp&quot;,&quot;_animation_delay&quot;:0.5}\" data-widget_type=\"text-editor.default\">\n\t\t\t\t<div class=\"elementor-widget-container\">\n\t\t\t\t\t\t\t\t\t<p>P\u00eddenos m\u00e1s informaci\u00f3n.<\/p>\t\t\t\t\t\t\t\t<\/div>\n\t\t\t\t<\/div>\n\t\t\t\t<\/div>\n\t\t\t\t<\/div>\n\t\t<div class=\"elementor-element elementor-element-1cf3e2b9 e-flex e-con-boxed e-con e-parent\" data-id=\"1cf3e2b9\" data-element_type=\"container\" data-settings=\"{&quot;background_background&quot;:&quot;classic&quot;}\">\n\t\t\t\t\t<div class=\"e-con-inner\">\n\t\t\t\t<div class=\"elementor-element elementor-element-3dd68d76 anima-testo-zoom elementor-widget elementor-widget-heading\" data-id=\"3dd68d76\" data-element_type=\"widget\" data-widget_type=\"heading.default\">\n\t\t\t\t<div class=\"elementor-widget-container\">\n\t\t\t\t\t<h2 class=\"elementor-heading-title elementor-size-default\">SOLICITUD\n<br><b class=\"tit-evidenza\">ENVIADA<\/b><\/h2>\t\t\t\t<\/div>\n\t\t\t\t<\/div>\n\t\t\t\t<div class=\"elementor-element elementor-element-5d526ab7 anima-testo-top elementor-widget elementor-widget-text-editor\" data-id=\"5d526ab7\" data-element_type=\"widget\" data-settings=\"{&quot;_animation&quot;:&quot;none&quot;,&quot;_animation_delay&quot;:300}\" data-widget_type=\"text-editor.default\">\n\t\t\t\t<div class=\"elementor-widget-container\">\n\t\t\t\t\t\t\t\t\t<p>Solicitud enviada correctamente.<br>Recibir\u00e1 una respuesta de nuestro equipo lo antes posible.<\/p>\t\t\t\t\t\t\t\t<\/div>\n\t\t\t\t<\/div>\n\t\t\t\t\t<\/div>\n\t\t\t\t<\/div>\n\t\t<div class=\"elementor-element elementor-element-4c8fa851 e-flex e-con-boxed e-con e-parent\" data-id=\"4c8fa851\" data-element_type=\"container\">\n\t\t\t\t\t<div class=\"e-con-inner\">\n\t\t\t\t<div class=\"elementor-element elementor-element-244a4993 anima-testo-zoom elementor-widget elementor-widget-heading\" data-id=\"244a4993\" data-element_type=\"widget\" data-settings=\"{&quot;_animation&quot;:&quot;none&quot;,&quot;_animation_delay&quot;:200}\" data-widget_type=\"heading.default\">\n\t\t\t\t<div class=\"elementor-widget-container\">\n\t\t\t\t\t<h1 class=\"elementor-heading-title elementor-size-default\">SERVICIOS PERSONALIZADOS\n<br><span class=\"tit-evidenza\">CERCA DE TI <\/span> <\/h1>\t\t\t\t<\/div>\n\t\t\t\t<\/div>\n\t\t\t\t\t<\/div>\n\t\t\t\t<\/div>\n\t\t<div class=\"elementor-element elementor-element-614d77aa e-grid e-con-full e-con e-parent\" data-id=\"614d77aa\" data-element_type=\"container\">\n\t\t<div class=\"elementor-element elementor-element-33347aa1 e-con-full e-flex e-con e-child\" data-id=\"33347aa1\" data-element_type=\"container\">\n\t\t\t\t<div class=\"elementor-element elementor-element-19982d00 anima-testo-top elementor-widget elementor-widget-text-editor\" data-id=\"19982d00\" data-element_type=\"widget\" data-settings=\"{&quot;_animation&quot;:&quot;none&quot;,&quot;_animation_delay&quot;:300}\" data-widget_type=\"text-editor.default\">\n\t\t\t\t<div class=\"elementor-widget-container\">\n\t\t\t\t\t\t\t\t\t<p><strong>SKANDIAVERKEN S.L.U (ESPA\u00d1A)<\/strong><br>Pol\u00edgono Industrial<br>Torrelarragoiti 7 48170 Zamudio Bilbao Espa\u00f1a<br>Espa\u00f1a<br><span style=\"text-decoration: underline;\"><a href=\"tel:+34944520816\">+34 94 452 0816<\/a><\/span><\/p>\t\t\t\t\t\t\t\t<\/div>\n\t\t\t\t<\/div>\n\t\t\t\t<div class=\"elementor-element elementor-element-101273bc elementor-widget elementor-widget-google_maps\" data-id=\"101273bc\" data-element_type=\"widget\" data-widget_type=\"google_maps.default\">\n\t\t\t\t<div class=\"elementor-widget-container\">\n\t\t\t\t\t\t\t<div class=\"elementor-custom-embed\">\n\t\t\t<iframe loading=\"lazy\"\n\t\t\t\t\tsrc=\"https:\/\/maps.google.com\/maps?q=Poligono%20Industrial%20Torrelarragoiti%207-M%2048170%20Zamudio%20-%20Bilbao%20Spain&#038;t=m&#038;z=4&#038;output=embed&#038;iwloc=near\"\n\t\t\t\t\ttitle=\"Poligono Industrial Torrelarragoiti 7-M 48170 Zamudio - Bilbao Spain\"\n\t\t\t\t\taria-label=\"Poligono Industrial Torrelarragoiti 7-M 48170 Zamudio - Bilbao Spain\"\n\t\t\t><\/iframe>\n\t\t<\/div>\n\t\t\t\t\t\t<\/div>\n\t\t\t\t<\/div>\n\t\t\t\t<\/div>\n\t\t<div class=\"elementor-element elementor-element-675095b e-con-full e-flex e-con e-child\" data-id=\"675095b\" data-element_type=\"container\">\n\t\t\t\t<div class=\"elementor-element elementor-element-123bd8d7 anima-testo-top elementor-widget elementor-widget-text-editor\" data-id=\"123bd8d7\" data-element_type=\"widget\" data-settings=\"{&quot;_animation&quot;:&quot;none&quot;,&quot;_animation_delay&quot;:300}\" data-widget_type=\"text-editor.default\">\n\t\t\t\t<div class=\"elementor-widget-container\">\n\t\t\t\t\t\t\t\t\t<p><strong>SKANDIAVERKEN LTD (ESCOCIA)<\/strong><br>20 Pottery Street, Greenock,<br>Inverclyde PA15 2UH &#8211; Escocia, Reino Unido<br>Escocia<br><span style=\"text-decoration: underline;\"><a href=\"tel:+%20441418128121\">+ 44 141 812 8121<\/a><\/span><\/p>\t\t\t\t\t\t\t\t<\/div>\n\t\t\t\t<\/div>\n\t\t\t\t<div class=\"elementor-element elementor-element-326e94b2 elementor-widget elementor-widget-google_maps\" data-id=\"326e94b2\" data-element_type=\"widget\" data-widget_type=\"google_maps.default\">\n\t\t\t\t<div class=\"elementor-widget-container\">\n\t\t\t\t\t\t\t<div class=\"elementor-custom-embed\">\n\t\t\t<iframe loading=\"lazy\"\n\t\t\t\t\tsrc=\"https:\/\/maps.google.com\/maps?q=20%20Pottery%20Street%2C%20Greenock%2C%20Inverclyde%20PA15%202UH%20%E2%80%93%20Scotland%2C%20UK%20Scotland&#038;t=m&#038;z=4&#038;output=embed&#038;iwloc=near\"\n\t\t\t\t\ttitle=\"20 Pottery Street, Greenock, Inverclyde PA15 2UH \u2013 Scotland, UK Scotland\"\n\t\t\t\t\taria-label=\"20 Pottery Street, Greenock, Inverclyde PA15 2UH \u2013 Scotland, UK Scotland\"\n\t\t\t><\/iframe>\n\t\t<\/div>\n\t\t\t\t\t\t<\/div>\n\t\t\t\t<\/div>\n\t\t\t\t<\/div>\n\t\t\t\t<\/div>\n\t\t\t\t<\/div>\n\t\t","protected":false},"excerpt":{"rendered":"<p>Contacta con nosotros P\u00eddenos m\u00e1s informaci\u00f3n. SOLICITUD ENVIADA Solicitud enviada correctamente.Recibir\u00e1 una respuesta de nuestro equipo lo antes posible. SERVICIOS PERSONALIZADOS CERCA DE TI SKANDIAVERKEN S.L.U (ESPA\u00d1A)Pol\u00edgono IndustrialTorrelarragoiti 7 48170 Zamudio Bilbao Espa\u00f1aEspa\u00f1a+34 94 452 0816 SKANDIAVERKEN LTD (ESCOCIA)20 Pottery Street, Greenock,Inverclyde PA15 2UH &#8211; Escocia, Reino UnidoEscocia+ 44 141 812 8121<\/p>\n","protected":false},"author":1,"featured_media":0,"parent":10499,"menu_order":0,"comment_status":"closed","ping_status":"closed","template":"","meta":{"footnotes":""},"class_list":["post-10805","page","type-page","status-publish","hentry"],"_links":{"self":[{"href":"https:\/\/www.skandiaverken.com\/es\/wp-json\/wp\/v2\/pages\/10805","targetHints":{"allow":["GET"]}}],"collection":[{"href":"https:\/\/www.skandiaverken.com\/es\/wp-json\/wp\/v2\/pages"}],"about":[{"href":"https:\/\/www.skandiaverken.com\/es\/wp-json\/wp\/v2\/types\/page"}],"author":[{"embeddable":true,"href":"https:\/\/www.skandiaverken.com\/es\/wp-json\/wp\/v2\/users\/1"}],"replies":[{"embeddable":true,"href":"https:\/\/www.skandiaverken.com\/es\/wp-json\/wp\/v2\/comments?post=10805"}],"version-history":[{"count":1,"href":"https:\/\/www.skandiaverken.com\/es\/wp-json\/wp\/v2\/pages\/10805\/revisions"}],"predecessor-version":[{"id":10806,"href":"https:\/\/www.skandiaverken.com\/es\/wp-json\/wp\/v2\/pages\/10805\/revisions\/10806"}],"up":[{"embeddable":true,"href":"https:\/\/www.skandiaverken.com\/es\/wp-json\/wp\/v2\/pages\/10499"}],"wp:attachment":[{"href":"https:\/\/www.skandiaverken.com\/es\/wp-json\/wp\/v2\/media?parent=10805"}],"curies":[{"name":"wp","href":"https:\/\/api.w.org\/{rel}","templated":true}]}}