{"id":10692,"date":"2025-06-19T09:52:10","date_gmt":"2025-06-19T07:52:10","guid":{"rendered":"https:\/\/gold-ibis-155141.hostingersite.com\/innovacion\/"},"modified":"2026-04-14T11:26:18","modified_gmt":"2026-04-14T09:26:18","slug":"innovacion","status":"publish","type":"page","link":"https:\/\/www.skandiaverken.com\/es\/innovacion\/","title":{"rendered":"Innovaci\u00f3n"},"content":{"rendered":"\t\t<div data-elementor-type=\"wp-page\" data-elementor-id=\"10692\" class=\"elementor elementor-10692 elementor-86\" data-elementor-post-type=\"page\">\n\t\t\t\t<div class=\"elementor-element elementor-element-92ae856 e-con-full e-flex e-con e-parent\" data-id=\"92ae856\" data-element_type=\"container\" data-e-type=\"container\">\n\t\t\t\t<\/div>\n\t\t<div class=\"elementor-element elementor-element-9531e68 e-con-full e-flex e-con e-parent\" data-id=\"9531e68\" data-element_type=\"container\" data-e-type=\"container\" data-settings=\"{&quot;background_background&quot;:&quot;classic&quot;}\">\n\t\t<div class=\"elementor-element elementor-element-bfa43a9 e-con-full e-flex e-con e-child\" data-id=\"bfa43a9\" data-element_type=\"container\" data-e-type=\"container\" data-settings=\"{&quot;position&quot;:&quot;absolute&quot;}\">\n\t\t\t\t<div class=\"elementor-element elementor-element-95b1937 elementor-invisible elementor-widget elementor-widget-heading\" data-id=\"95b1937\" data-element_type=\"widget\" data-e-type=\"widget\" data-settings=\"{&quot;_animation&quot;:&quot;fadeInDown&quot;}\" data-widget_type=\"heading.default\">\n\t\t\t\t<div class=\"elementor-widget-container\">\n\t\t\t\t\t<h2 class=\"elementor-heading-title elementor-size-default\"><b>INNOVACI\u00d3N  <\/b><\/h2>\t\t\t\t<\/div>\n\t\t\t\t<\/div>\n\t\t\t\t<div class=\"elementor-element elementor-element-8c37214 elementor-invisible elementor-widget elementor-widget-text-editor\" data-id=\"8c37214\" data-element_type=\"widget\" data-e-type=\"widget\" data-settings=\"{&quot;_animation&quot;:&quot;fadeInUp&quot;,&quot;_animation_delay&quot;:0.5}\" data-widget_type=\"text-editor.default\">\n\t\t\t\t<div class=\"elementor-widget-container\">\n\t\t\t\t\t\t\t\t\t<p>Innovaci\u00f3n y sostenibilidad en el centro de nuestro trabajo<\/p>\t\t\t\t\t\t\t\t<\/div>\n\t\t\t\t<\/div>\n\t\t\t\t<\/div>\n\t\t\t\t<\/div>\n\t\t<div class=\"elementor-element elementor-element-6901cc1 e-flex e-con-boxed e-con e-parent\" data-id=\"6901cc1\" data-element_type=\"container\" data-e-type=\"container\">\n\t\t\t\t\t<div class=\"e-con-inner\">\n\t\t\t\t<div class=\"elementor-element elementor-element-21c3074 anima-testo-zoom elementor-widget elementor-widget-heading\" data-id=\"21c3074\" data-element_type=\"widget\" data-e-type=\"widget\" data-settings=\"{&quot;_animation&quot;:&quot;none&quot;,&quot;_animation_delay&quot;:200}\" data-widget_type=\"heading.default\">\n\t\t\t\t<div class=\"elementor-widget-container\">\n\t\t\t\t\t<h1 class=\"elementor-heading-title elementor-size-default\"><span class=\"tit-evidenza\">INNOVACI\u00d3N\n <\/span><br><small>Innovaci\u00f3n y sostenibilidad<br>en el centro de nuestro trabajo\n<\/small><\/h1>\t\t\t\t<\/div>\n\t\t\t\t<\/div>\n\t\t\t\t<div class=\"elementor-element elementor-element-a62357d elementor-widget elementor-widget-text-editor\" data-id=\"a62357d\" data-element_type=\"widget\" data-e-type=\"widget\" data-widget_type=\"text-editor.default\">\n\t\t\t\t<div class=\"elementor-widget-container\">\n\t\t\t\t\t\t\t\t\t<p>En Skandiaverken, <strong>la innovaci\u00f3n y la sostenibilidad<\/strong> est\u00e1n en el centro de todo lo que hacemos.<\/p><p>Participamos activamente en proyectos de investigaci\u00f3n y desarrollo que promueven <strong>las tecnolog\u00edas limpias<\/strong>, la <strong>eficiencia energ\u00e9tica<\/strong> y una <strong>industria mar\u00edtima<\/strong> m\u00e1s sostenible.<\/p><p>Mediante colaboraciones con empresas l\u00edderes, centros de investigaci\u00f3n y universidades, contribuimos a crear soluciones que no s\u00f3lo hacen avanzar la ingenier\u00eda marina, sino que tambi\u00e9n reflejan nuestro compromiso a largo plazo con la <strong>responsabilidad medioambiental<\/strong> y la <strong>excelencia tecnol\u00f3gica<\/strong>.<\/p>\t\t\t\t\t\t\t\t<\/div>\n\t\t\t\t<\/div>\n\t\t\t\t\t<\/div>\n\t\t\t\t<\/div>\n\t\t<div class=\"elementor-element elementor-element-4df2d2d e-grid e-con-full e-con e-parent\" data-id=\"4df2d2d\" data-element_type=\"container\" data-e-type=\"container\" data-settings=\"{&quot;animation&quot;:&quot;none&quot;}\">\n\t\t<a class=\"elementor-element elementor-element-a01fc6d e-flex e-con-boxed e-con e-child\" data-id=\"a01fc6d\" data-element_type=\"container\" data-e-type=\"container\" data-settings=\"{&quot;background_background&quot;:&quot;classic&quot;}\" href=\"https:\/\/www.skandiaverken.com\/ortze-project\/\">\n\t\t\t\t\t<div class=\"e-con-inner\">\n\t\t\t\t<div class=\"elementor-element elementor-element-d8894a6 elementor-widget elementor-widget-heading\" data-id=\"d8894a6\" data-element_type=\"widget\" data-e-type=\"widget\" data-widget_type=\"heading.default\">\n\t\t\t\t<div class=\"elementor-widget-container\">\n\t\t\t\t\t<h3 class=\"elementor-heading-title elementor-size-default\">PROYECTO ORTZE<\/h3>\t\t\t\t<\/div>\n\t\t\t\t<\/div>\n\t\t\t\t\t<\/div>\n\t\t\t\t<\/a>\n\t\t<a class=\"elementor-element elementor-element-1dd282c e-con-full e-flex e-con e-child\" data-id=\"1dd282c\" data-element_type=\"container\" data-e-type=\"container\" data-settings=\"{&quot;background_background&quot;:&quot;classic&quot;}\" href=\"https:\/\/www.skandiaverken.com\/h2o-kata\/\">\n\t\t\t\t<div class=\"elementor-element elementor-element-e958a25 elementor-widget elementor-widget-heading\" data-id=\"e958a25\" data-element_type=\"widget\" data-e-type=\"widget\" data-widget_type=\"heading.default\">\n\t\t\t\t<div class=\"elementor-widget-container\">\n\t\t\t\t\t<h3 class=\"elementor-heading-title elementor-size-default\">H2O OC\u00c9ANO<\/h3>\t\t\t\t<\/div>\n\t\t\t\t<\/div>\n\t\t\t\t<\/a>\n\t\t<a class=\"elementor-element elementor-element-fcbaa96 e-con-full e-flex e-con e-child\" data-id=\"fcbaa96\" data-element_type=\"container\" data-e-type=\"container\" data-settings=\"{&quot;background_background&quot;:&quot;classic&quot;}\" href=\"https:\/\/www.skandiaverken.com\/kata-new-clean-energy-solutions-for-greener-shipping-and-steel\/\">\n\t\t\t\t<div class=\"elementor-element elementor-element-6525c4e elementor-widget elementor-widget-heading\" data-id=\"6525c4e\" data-element_type=\"widget\" data-e-type=\"widget\" data-widget_type=\"heading.default\">\n\t\t\t\t<div class=\"elementor-widget-container\">\n\t\t\t\t\t<h3 class=\"elementor-heading-title elementor-size-default\">KATA PROJECT<\/h3>\t\t\t\t<\/div>\n\t\t\t\t<\/div>\n\t\t\t\t<\/a>\n\t\t\t\t<\/div>\n\t\t\t\t<\/div>\n\t\t","protected":false},"excerpt":{"rendered":"<p>INNOVACI\u00d3N Innovaci\u00f3n y sostenibilidad en el centro de nuestro trabajo INNOVACI\u00d3N Innovaci\u00f3n y sostenibilidaden el centro de nuestro trabajo En Skandiaverken, la innovaci\u00f3n y la sostenibilidad est\u00e1n en el centro de todo lo que hacemos. Participamos activamente en proyectos de investigaci\u00f3n y desarrollo que promueven las tecnolog\u00edas limpias, la eficiencia energ\u00e9tica y una industria mar\u00edtima [&hellip;]<\/p>\n","protected":false},"author":1,"featured_media":10697,"parent":0,"menu_order":0,"comment_status":"closed","ping_status":"closed","template":"","meta":{"footnotes":""},"class_list":["post-10692","page","type-page","status-publish","has-post-thumbnail","hentry"],"_links":{"self":[{"href":"https:\/\/www.skandiaverken.com\/es\/wp-json\/wp\/v2\/pages\/10692","targetHints":{"allow":["GET"]}}],"collection":[{"href":"https:\/\/www.skandiaverken.com\/es\/wp-json\/wp\/v2\/pages"}],"about":[{"href":"https:\/\/www.skandiaverken.com\/es\/wp-json\/wp\/v2\/types\/page"}],"author":[{"embeddable":true,"href":"https:\/\/www.skandiaverken.com\/es\/wp-json\/wp\/v2\/users\/1"}],"replies":[{"embeddable":true,"href":"https:\/\/www.skandiaverken.com\/es\/wp-json\/wp\/v2\/comments?post=10692"}],"version-history":[{"count":2,"href":"https:\/\/www.skandiaverken.com\/es\/wp-json\/wp\/v2\/pages\/10692\/revisions"}],"predecessor-version":[{"id":11245,"href":"https:\/\/www.skandiaverken.com\/es\/wp-json\/wp\/v2\/pages\/10692\/revisions\/11245"}],"wp:featuredmedia":[{"embeddable":true,"href":"https:\/\/www.skandiaverken.com\/es\/wp-json\/wp\/v2\/media\/10697"}],"wp:attachment":[{"href":"https:\/\/www.skandiaverken.com\/es\/wp-json\/wp\/v2\/media?parent=10692"}],"curies":[{"name":"wp","href":"https:\/\/api.w.org\/{rel}","templated":true}]}}