{"id":10663,"date":"2025-06-19T09:52:02","date_gmt":"2025-06-19T07:52:02","guid":{"rendered":"https:\/\/gold-ibis-155141.hostingersite.com\/industrias\/"},"modified":"2025-12-11T15:16:00","modified_gmt":"2025-12-11T14:16:00","slug":"industrias","status":"publish","type":"page","link":"https:\/\/www.skandiaverken.com\/es\/industrias\/","title":{"rendered":"Industrias"},"content":{"rendered":"\t\t<div data-elementor-type=\"wp-page\" data-elementor-id=\"10663\" class=\"elementor elementor-10663 elementor-84\" data-elementor-post-type=\"page\">\n\t\t\t\t<div class=\"elementor-element elementor-element-354bd49 e-con-full e-flex e-con e-parent\" data-id=\"354bd49\" data-element_type=\"container\" data-e-type=\"container\">\n\t\t\t\t<\/div>\n\t\t<div class=\"elementor-element elementor-element-88f1dc4 e-con-full e-flex e-con e-parent\" data-id=\"88f1dc4\" data-element_type=\"container\" data-e-type=\"container\" data-settings=\"{&quot;background_background&quot;:&quot;classic&quot;}\">\n\t\t<div class=\"elementor-element elementor-element-19ee201 e-con-full e-flex e-con e-child\" data-id=\"19ee201\" data-element_type=\"container\" data-e-type=\"container\" data-settings=\"{&quot;position&quot;:&quot;absolute&quot;}\">\n\t\t\t\t<div class=\"elementor-element elementor-element-c82daeb elementor-invisible elementor-widget elementor-widget-heading\" data-id=\"c82daeb\" data-element_type=\"widget\" data-e-type=\"widget\" data-settings=\"{&quot;_animation&quot;:&quot;fadeInDown&quot;}\" data-widget_type=\"heading.default\">\n\t\t\t\t<div class=\"elementor-widget-container\">\n\t\t\t\t\t<h2 class=\"elementor-heading-title elementor-size-default\"><b>Industrias <\/b><br>A las que servimos<\/h2>\t\t\t\t<\/div>\n\t\t\t\t<\/div>\n\t\t\t\t<div class=\"elementor-element elementor-element-adeaeaf elementor-invisible elementor-widget elementor-widget-text-editor\" data-id=\"adeaeaf\" data-element_type=\"widget\" data-e-type=\"widget\" data-settings=\"{&quot;_animation&quot;:&quot;fadeInUp&quot;,&quot;_animation_delay&quot;:0.5}\" data-widget_type=\"text-editor.default\">\n\t\t\t\t<div class=\"elementor-widget-container\">\n\t\t\t\t\t\t\t\t\t<p>Soporte global para una amplia gama de aplicaciones.<\/p>\t\t\t\t\t\t\t\t<\/div>\n\t\t\t\t<\/div>\n\t\t\t\t<\/div>\n\t\t\t\t<\/div>\n\t\t<div class=\"elementor-element elementor-element-08af6e0 e-flex e-con-boxed e-con e-parent\" data-id=\"08af6e0\" data-element_type=\"container\" data-e-type=\"container\">\n\t\t\t\t\t<div class=\"e-con-inner\">\n\t\t\t\t<div class=\"elementor-element elementor-element-6f5b038 anima-testo-zoom elementor-widget elementor-widget-heading\" data-id=\"6f5b038\" data-element_type=\"widget\" data-e-type=\"widget\" data-settings=\"{&quot;_animation&quot;:&quot;none&quot;,&quot;_animation_delay&quot;:200}\" data-widget_type=\"heading.default\">\n\t\t\t\t<div class=\"elementor-widget-container\">\n\t\t\t\t\t<h1 class=\"elementor-heading-title elementor-size-default\"><span class=\"tit-evidenza\">Industrias <\/span><br>A las que servimos<\/h1>\t\t\t\t<\/div>\n\t\t\t\t<\/div>\n\t\t\t\t<div class=\"elementor-element elementor-element-03ea9cc elementor-invisible elementor-widget elementor-widget-text-editor\" data-id=\"03ea9cc\" data-element_type=\"widget\" data-e-type=\"widget\" data-settings=\"{&quot;_animation&quot;:&quot;fadeIn&quot;,&quot;_animation_delay&quot;:300}\" data-widget_type=\"text-editor.default\">\n\t\t\t\t<div class=\"elementor-widget-container\">\n\t\t\t\t\t\t\t\t\t<p>En Skandiaverken, nuestro objetivo es sencillo: <strong>mantener tus motores en funcionamiento 24 horas al d\u00eda, 7 d\u00edas a la semana<\/strong>, est\u00e9 donde est\u00e9 tu embarcaci\u00f3n y sea del tipo que sea.<\/p><p>Suministramos piezas de repuesto y servicios t\u00e9cnicos de alta calidad para una amplia gama de buques: <strong>portacontenedores, cargueros, graneleros, de pasajeros, RO-RO, remolcadores, petroleros, dragas, superpetroleros, quimiqueros<\/strong><strong>, <\/strong>transbordadores y<strong> pesqueros<\/strong>. Nuestra experiencia abarca tanto los <strong>motores di\u00e9sel como los de gas<\/strong>, ofreciendo reparaciones flexibles a bordo y asistencia en taller adaptada a tus necesidades operativas. <\/p>\t\t\t\t\t\t\t\t<\/div>\n\t\t\t\t<\/div>\n\t\t\t\t\t<\/div>\n\t\t\t\t<\/div>\n\t\t<div class=\"elementor-element elementor-element-334ffc3 e-grid e-con-full e-con e-parent\" data-id=\"334ffc3\" data-element_type=\"container\" data-e-type=\"container\" data-settings=\"{&quot;animation&quot;:&quot;none&quot;}\">\n\t\t<div class=\"elementor-element elementor-element-b1b0c62 e-flex e-con-boxed e-con e-child\" data-id=\"b1b0c62\" data-element_type=\"container\" data-e-type=\"container\" data-settings=\"{&quot;background_background&quot;:&quot;classic&quot;}\">\n\t\t\t\t\t<div class=\"e-con-inner\">\n\t\t\t\t<div class=\"elementor-element elementor-element-784d2d2 elementor-position-top elementor-widget elementor-widget-image-box\" data-id=\"784d2d2\" data-element_type=\"widget\" data-e-type=\"widget\" data-widget_type=\"image-box.default\">\n\t\t\t\t<div class=\"elementor-widget-container\">\n\t\t\t\t\t<div class=\"elementor-image-box-wrapper\"><figure class=\"elementor-image-box-img\"><img fetchpriority=\"high\" decoding=\"async\" width=\"816\" height=\"370\" src=\"https:\/\/www.skandiaverken.com\/wp-content\/uploads\/2025\/08\/cargo-w.png\" class=\"attachment-full size-full wp-image-10670\" alt=\"Icono de motor en un fondo blanco\" srcset=\"https:\/\/www.skandiaverken.com\/wp-content\/uploads\/2025\/08\/cargo-w.png 816w, https:\/\/www.skandiaverken.com\/wp-content\/uploads\/2025\/08\/cargo-w-300x136.png 300w, https:\/\/www.skandiaverken.com\/wp-content\/uploads\/2025\/08\/cargo-w-768x348.png 768w\" sizes=\"(max-width: 816px) 100vw, 816px\" \/><\/figure><div class=\"elementor-image-box-content\"><h3 class=\"elementor-image-box-title\">Buques de carga<\/h3><\/div><\/div>\t\t\t\t<\/div>\n\t\t\t\t<\/div>\n\t\t\t\t\t<\/div>\n\t\t\t\t<\/div>\n\t\t<div class=\"elementor-element elementor-element-b4a6cf9 e-con-full e-flex e-con e-child\" data-id=\"b4a6cf9\" data-element_type=\"container\" data-e-type=\"container\" data-settings=\"{&quot;background_background&quot;:&quot;classic&quot;}\">\n\t\t\t\t<div class=\"elementor-element elementor-element-7f501a8 elementor-position-top elementor-widget elementor-widget-image-box\" data-id=\"7f501a8\" data-element_type=\"widget\" data-e-type=\"widget\" data-widget_type=\"image-box.default\">\n\t\t\t\t<div class=\"elementor-widget-container\">\n\t\t\t\t\t<div class=\"elementor-image-box-wrapper\"><figure class=\"elementor-image-box-img\"><img decoding=\"async\" width=\"792\" height=\"504\" src=\"https:\/\/www.skandiaverken.com\/wp-content\/uploads\/2025\/08\/Fishing-w.png\" class=\"attachment-full size-full wp-image-10668\" alt=\"Distribuci\u00f3n de repuestos de motores para industrias mar\u00edtimas y centrales el\u00e9ctricas.\" srcset=\"https:\/\/www.skandiaverken.com\/wp-content\/uploads\/2025\/08\/Fishing-w.png 792w, https:\/\/www.skandiaverken.com\/wp-content\/uploads\/2025\/08\/Fishing-w-300x191.png 300w, https:\/\/www.skandiaverken.com\/wp-content\/uploads\/2025\/08\/Fishing-w-768x489.png 768w\" sizes=\"(max-width: 792px) 100vw, 792px\" \/><\/figure><div class=\"elementor-image-box-content\"><h3 class=\"elementor-image-box-title\">Graneleros<\/h3><\/div><\/div>\t\t\t\t<\/div>\n\t\t\t\t<\/div>\n\t\t\t\t<\/div>\n\t\t<div class=\"elementor-element elementor-element-906d5c7 e-con-full e-flex e-con e-child\" data-id=\"906d5c7\" data-element_type=\"container\" data-e-type=\"container\" data-settings=\"{&quot;background_background&quot;:&quot;classic&quot;}\">\n\t\t\t\t<div class=\"elementor-element elementor-element-87a5259 elementor-position-top elementor-widget elementor-widget-image-box\" data-id=\"87a5259\" data-element_type=\"widget\" data-e-type=\"widget\" data-widget_type=\"image-box.default\">\n\t\t\t\t<div class=\"elementor-widget-container\">\n\t\t\t\t\t<div class=\"elementor-image-box-wrapper\"><figure class=\"elementor-image-box-img\"><img decoding=\"async\" width=\"832\" height=\"312\" src=\"https:\/\/www.skandiaverken.com\/wp-content\/uploads\/2025\/08\/tankers-w.png\" class=\"attachment-full size-full wp-image-10674\" alt=\"Imagen de ejemplo para cargar en sitio web de refacciones\" srcset=\"https:\/\/www.skandiaverken.com\/wp-content\/uploads\/2025\/08\/tankers-w.png 832w, https:\/\/www.skandiaverken.com\/wp-content\/uploads\/2025\/08\/tankers-w-300x113.png 300w, https:\/\/www.skandiaverken.com\/wp-content\/uploads\/2025\/08\/tankers-w-768x288.png 768w\" sizes=\"(max-width: 832px) 100vw, 832px\" \/><\/figure><div class=\"elementor-image-box-content\"><h3 class=\"elementor-image-box-title\">Cisternas<\/h3><\/div><\/div>\t\t\t\t<\/div>\n\t\t\t\t<\/div>\n\t\t\t\t<\/div>\n\t\t<div class=\"elementor-element elementor-element-2420547 e-con-full e-flex e-con e-child\" data-id=\"2420547\" data-element_type=\"container\" data-e-type=\"container\" data-settings=\"{&quot;background_background&quot;:&quot;classic&quot;}\">\n\t\t\t\t<div class=\"elementor-element elementor-element-d8117b2 elementor-position-top elementor-widget elementor-widget-image-box\" data-id=\"d8117b2\" data-element_type=\"widget\" data-e-type=\"widget\" data-widget_type=\"image-box.default\">\n\t\t\t\t<div class=\"elementor-widget-container\">\n\t\t\t\t\t<div class=\"elementor-image-box-wrapper\"><figure class=\"elementor-image-box-img\"><img loading=\"lazy\" decoding=\"async\" width=\"91\" height=\"46\" src=\"https:\/\/www.skandiaverken.com\/wp-content\/uploads\/2025\/06\/Container-icon.svg\" class=\"attachment-full size-full wp-image-10589\" alt=\"Icono de contenedor\" \/><\/figure><div class=\"elementor-image-box-content\"><h3 class=\"elementor-image-box-title\">Buques portacontenedores<\/h3><\/div><\/div>\t\t\t\t<\/div>\n\t\t\t\t<\/div>\n\t\t\t\t<\/div>\n\t\t<div class=\"elementor-element elementor-element-86d9846 e-con-full e-flex e-con e-child\" data-id=\"86d9846\" data-element_type=\"container\" data-e-type=\"container\" data-settings=\"{&quot;background_background&quot;:&quot;classic&quot;}\">\n\t\t\t\t<div class=\"elementor-element elementor-element-86a0637 elementor-position-top elementor-widget elementor-widget-image-box\" data-id=\"86a0637\" data-element_type=\"widget\" data-e-type=\"widget\" data-widget_type=\"image-box.default\">\n\t\t\t\t<div class=\"elementor-widget-container\">\n\t\t\t\t\t<div class=\"elementor-image-box-wrapper\"><figure class=\"elementor-image-box-img\"><img loading=\"lazy\" decoding=\"async\" width=\"778\" height=\"509\" src=\"https:\/\/www.skandiaverken.com\/wp-content\/uploads\/2025\/08\/dredgers-w.png\" class=\"attachment-full size-full wp-image-10677\" alt=\"Repuestos de motores para barcos y plantas de energ\u00eda. Soluciones para la industria mar\u00edtima y de generaci\u00f3n de energ\u00eda.\" srcset=\"https:\/\/www.skandiaverken.com\/wp-content\/uploads\/2025\/08\/dredgers-w.png 778w, https:\/\/www.skandiaverken.com\/wp-content\/uploads\/2025\/08\/dredgers-w-300x196.png 300w, https:\/\/www.skandiaverken.com\/wp-content\/uploads\/2025\/08\/dredgers-w-768x502.png 768w\" sizes=\"(max-width: 778px) 100vw, 778px\" \/><\/figure><div class=\"elementor-image-box-content\"><h3 class=\"elementor-image-box-title\">Dragas<\/h3><\/div><\/div>\t\t\t\t<\/div>\n\t\t\t\t<\/div>\n\t\t\t\t<\/div>\n\t\t<div class=\"elementor-element elementor-element-6ad4ae9 e-con-full e-flex e-con e-child\" data-id=\"6ad4ae9\" data-element_type=\"container\" data-e-type=\"container\" data-settings=\"{&quot;background_background&quot;:&quot;classic&quot;}\">\n\t\t\t\t<div class=\"elementor-element elementor-element-123460a elementor-position-top elementor-widget elementor-widget-image-box\" data-id=\"123460a\" data-element_type=\"widget\" data-e-type=\"widget\" data-widget_type=\"image-box.default\">\n\t\t\t\t<div class=\"elementor-widget-container\">\n\t\t\t\t\t<div class=\"elementor-image-box-wrapper\"><figure class=\"elementor-image-box-img\"><img loading=\"lazy\" decoding=\"async\" width=\"942\" height=\"412\" src=\"https:\/\/www.skandiaverken.com\/wp-content\/uploads\/2025\/08\/supertankers-w.png\" class=\"attachment-full size-full wp-image-10679\" alt=\"Estamos cargando la imagen, por favor espere.\" srcset=\"https:\/\/www.skandiaverken.com\/wp-content\/uploads\/2025\/08\/supertankers-w.png 942w, https:\/\/www.skandiaverken.com\/wp-content\/uploads\/2025\/08\/supertankers-w-300x131.png 300w, https:\/\/www.skandiaverken.com\/wp-content\/uploads\/2025\/08\/supertankers-w-768x336.png 768w\" sizes=\"(max-width: 942px) 100vw, 942px\" \/><\/figure><div class=\"elementor-image-box-content\"><h3 class=\"elementor-image-box-title\">Superpetroleros<\/h3><\/div><\/div>\t\t\t\t<\/div>\n\t\t\t\t<\/div>\n\t\t\t\t<\/div>\n\t\t\t\t<\/div>\n\t\t<div class=\"elementor-element elementor-element-eaa3046 e-grid elementor-hidden-desktop elementor-hidden-laptop elementor-hidden-tablet_extra elementor-hidden-tablet elementor-hidden-mobile_extra elementor-hidden-mobile e-con-boxed e-con e-parent\" data-id=\"eaa3046\" data-element_type=\"container\" data-e-type=\"container\">\n\t\t\t\t\t<div class=\"e-con-inner\">\n\t\t\t\t<div class=\"elementor-element elementor-element-c03fbb1 elementor-widget elementor-widget-image\" data-id=\"c03fbb1\" data-element_type=\"widget\" data-e-type=\"widget\" data-widget_type=\"image.default\">\n\t\t\t\t<div class=\"elementor-widget-container\">\n\t\t\t\t\t\t\t\t\t\t\t\t\t\t\t<img loading=\"lazy\" decoding=\"async\" width=\"1200\" height=\"1020\" src=\"https:\/\/www.skandiaverken.com\/wp-content\/uploads\/2025\/08\/Fisheries-Industries-1.webp\" class=\"attachment-full size-full wp-image-10666\" alt=\"Barco de apoyo mar\u00edtimo con tripulaci\u00f3n. Servicio de asistencia en el agua.\" srcset=\"https:\/\/www.skandiaverken.com\/wp-content\/uploads\/2025\/08\/Fisheries-Industries-1.webp 1200w, https:\/\/www.skandiaverken.com\/wp-content\/uploads\/2025\/08\/Fisheries-Industries-1-300x255.webp 300w, https:\/\/www.skandiaverken.com\/wp-content\/uploads\/2025\/08\/Fisheries-Industries-1-1024x870.webp 1024w, https:\/\/www.skandiaverken.com\/wp-content\/uploads\/2025\/08\/Fisheries-Industries-1-768x653.webp 768w\" sizes=\"(max-width: 1200px) 100vw, 1200px\" \/>\t\t\t\t\t\t\t\t\t\t\t\t\t\t\t<\/div>\n\t\t\t\t<\/div>\n\t\t<div class=\"elementor-element elementor-element-ebba6fc e-con-full e-flex e-con e-child\" data-id=\"ebba6fc\" data-element_type=\"container\" data-e-type=\"container\">\n\t\t\t\t<div class=\"elementor-element elementor-element-71a8bdf elementor-invisible elementor-widget elementor-widget-text-editor\" data-id=\"71a8bdf\" data-element_type=\"widget\" data-e-type=\"widget\" data-settings=\"{&quot;_animation&quot;:&quot;fadeIn&quot;,&quot;_animation_delay&quot;:300}\" data-widget_type=\"text-editor.default\">\n\t\t\t\t<div class=\"elementor-widget-container\">\n\t\t\t\t\t\t\t\t\t<p>Una de nuestras \u00e1reas de experiencia m\u00e1s consolidadas es el <strong>sector pesquero<\/strong>, en el que nos hemos ganado la confianza de operadores y armadores clave.<br>Nos enorgullece apoyar a las flotas de este exigente sector proporcion\u00e1ndoles componentes de motor fiables y un servicio puntual, fundamentales para garantizar <strong>un funcionamiento continuo y la eficiencia del combustible<\/strong>, incluso en los entornos m\u00e1s remotos y dif\u00edciles.<\/p><p>Tanto si operas en rutas mar\u00edtimas mundiales como en el coraz\u00f3n de los caladeros, <strong>Skandiaverken es tu socio de confianza en cuanto a rendimiento y fiabilidad del motor<\/strong>.<\/p>\t\t\t\t\t\t\t\t<\/div>\n\t\t\t\t<\/div>\n\t\t\t\t<\/div>\n\t\t\t\t\t<\/div>\n\t\t\t\t<\/div>\n\t\t<div class=\"elementor-element elementor-element-75dff9d e-con-full e-flex e-con e-child\" data-id=\"75dff9d\" data-element_type=\"container\" data-e-type=\"container\" data-settings=\"{&quot;background_background&quot;:&quot;classic&quot;}\">\n\t\t<div class=\"elementor-element elementor-element-b561ed9 e-con-full e-flex e-con e-child\" data-id=\"b561ed9\" data-element_type=\"container\" data-e-type=\"container\" data-settings=\"{&quot;background_background&quot;:&quot;classic&quot;}\">\n\t\t\t\t<div class=\"elementor-element elementor-element-ba2a055 elementor-position-top elementor-invisible elementor-widget elementor-widget-image-box\" data-id=\"ba2a055\" data-element_type=\"widget\" data-e-type=\"widget\" data-settings=\"{&quot;_animation&quot;:&quot;fadeIn&quot;,&quot;_animation_delay&quot;:300}\" data-widget_type=\"image-box.default\">\n\t\t\t\t<div class=\"elementor-widget-container\">\n\t\t\t\t\t<div class=\"elementor-image-box-wrapper\"><figure class=\"elementor-image-box-img\"><img loading=\"lazy\" decoding=\"async\" width=\"63\" height=\"63\" src=\"https:\/\/www.skandiaverken.com\/wp-content\/uploads\/2025\/06\/Fishing-icon.svg\" class=\"attachment-full size-full wp-image-10587\" alt=\"Icono de pesca\" \/><\/figure><div class=\"elementor-image-box-content\"><h3 class=\"elementor-image-box-title\">Pesca<\/h3><\/div><\/div>\t\t\t\t<\/div>\n\t\t\t\t<\/div>\n\t\t\t\t<div class=\"elementor-element elementor-element-845d62a elementor-invisible elementor-widget elementor-widget-text-editor\" data-id=\"845d62a\" data-element_type=\"widget\" data-e-type=\"widget\" data-settings=\"{&quot;_animation&quot;:&quot;fadeIn&quot;,&quot;_animation_delay&quot;:300}\" data-widget_type=\"text-editor.default\">\n\t\t\t\t<div class=\"elementor-widget-container\">\n\t\t\t\t\t\t\t\t\t<p>Una de nuestras \u00e1reas de experiencia m\u00e1s consolidadas es el <strong>sector pesquero<\/strong>, en el que nos hemos ganado la confianza de operadores y armadores clave.<br>Nos enorgullece apoyar a las flotas de este exigente sector proporcion\u00e1ndoles componentes de motor fiables y un servicio puntual, fundamentales para garantizar <strong>un funcionamiento continuo y la eficiencia del combustible<\/strong>, incluso en los entornos m\u00e1s remotos y dif\u00edciles.<\/p><p>Tanto si operas en rutas mar\u00edtimas mundiales como en el coraz\u00f3n de los caladeros, <strong>Skandiaverken es tu socio de confianza en cuanto a rendimiento y fiabilidad del motor<\/strong>.<\/p>\t\t\t\t\t\t\t\t<\/div>\n\t\t\t\t<\/div>\n\t\t\t\t<\/div>\n\t\t\t\t<\/div>\n\t\t\t\t<\/div>\n\t\t","protected":false},"excerpt":{"rendered":"<p>Skandiaverken suministra piezas de repuesto y asistencia t\u00e9cnica para todo tipo de buques, desde cargueros hasta transbordadores y flotas pesqueras. Estamos especializados en motores di\u00e9sel y de gas, y ofrecemos reparaciones flexibles a bordo o en nuestro taller. <\/p>\n","protected":false},"author":1,"featured_media":10584,"parent":0,"menu_order":0,"comment_status":"closed","ping_status":"open","template":"","meta":{"footnotes":""},"class_list":["post-10663","page","type-page","status-publish","has-post-thumbnail","hentry"],"_links":{"self":[{"href":"https:\/\/www.skandiaverken.com\/es\/wp-json\/wp\/v2\/pages\/10663","targetHints":{"allow":["GET"]}}],"collection":[{"href":"https:\/\/www.skandiaverken.com\/es\/wp-json\/wp\/v2\/pages"}],"about":[{"href":"https:\/\/www.skandiaverken.com\/es\/wp-json\/wp\/v2\/types\/page"}],"author":[{"embeddable":true,"href":"https:\/\/www.skandiaverken.com\/es\/wp-json\/wp\/v2\/users\/1"}],"replies":[{"embeddable":true,"href":"https:\/\/www.skandiaverken.com\/es\/wp-json\/wp\/v2\/comments?post=10663"}],"version-history":[{"count":1,"href":"https:\/\/www.skandiaverken.com\/es\/wp-json\/wp\/v2\/pages\/10663\/revisions"}],"predecessor-version":[{"id":10680,"href":"https:\/\/www.skandiaverken.com\/es\/wp-json\/wp\/v2\/pages\/10663\/revisions\/10680"}],"wp:featuredmedia":[{"embeddable":true,"href":"https:\/\/www.skandiaverken.com\/es\/wp-json\/wp\/v2\/media\/10584"}],"wp:attachment":[{"href":"https:\/\/www.skandiaverken.com\/es\/wp-json\/wp\/v2\/media?parent=10663"}],"curies":[{"name":"wp","href":"https:\/\/api.w.org\/{rel}","templated":true}]}}