{"id":10645,"date":"2025-06-19T09:51:52","date_gmt":"2025-06-19T07:51:52","guid":{"rendered":"https:\/\/gold-ibis-155141.hostingersite.com\/servicios\/"},"modified":"2025-12-11T15:05:32","modified_gmt":"2025-12-11T14:05:32","slug":"servicios","status":"publish","type":"page","link":"https:\/\/www.skandiaverken.com\/es\/servicios\/","title":{"rendered":"Servicios"},"content":{"rendered":"\t\t<div data-elementor-type=\"wp-page\" data-elementor-id=\"10645\" class=\"elementor elementor-10645 elementor-82\" data-elementor-post-type=\"page\">\n\t\t\t\t<div class=\"elementor-element elementor-element-1031772 e-con-full e-flex e-con e-parent\" data-id=\"1031772\" data-element_type=\"container\" data-e-type=\"container\">\n\t\t\t\t<\/div>\n\t\t<div class=\"elementor-element elementor-element-e1afb65 e-con-full e-flex e-con e-parent\" data-id=\"e1afb65\" data-element_type=\"container\" data-e-type=\"container\" data-settings=\"{&quot;background_background&quot;:&quot;classic&quot;}\">\n\t\t<div class=\"elementor-element elementor-element-b195f35 e-con-full e-flex e-con e-child\" data-id=\"b195f35\" data-element_type=\"container\" data-e-type=\"container\" data-settings=\"{&quot;position&quot;:&quot;absolute&quot;}\">\n\t\t\t\t<div class=\"elementor-element elementor-element-c87f959 elementor-invisible elementor-widget elementor-widget-heading\" data-id=\"c87f959\" data-element_type=\"widget\" data-e-type=\"widget\" data-settings=\"{&quot;_animation&quot;:&quot;fadeInDown&quot;}\" data-widget_type=\"heading.default\">\n\t\t\t\t<div class=\"elementor-widget-container\">\n\t\t\t\t\t<h2 class=\"elementor-heading-title elementor-size-default\">NUESTROS <b>SERVICIOS <\/b> <\/h2>\t\t\t\t<\/div>\n\t\t\t\t<\/div>\n\t\t\t\t<div class=\"elementor-element elementor-element-7f63100 elementor-invisible elementor-widget elementor-widget-text-editor\" data-id=\"7f63100\" data-element_type=\"widget\" data-e-type=\"widget\" data-settings=\"{&quot;_animation&quot;:&quot;fadeInUp&quot;,&quot;_animation_delay&quot;:0.5}\" data-widget_type=\"text-editor.default\">\n\t\t\t\t<div class=\"elementor-widget-container\">\n\t\t\t\t\t\t\t\t\t<p>Respuesta r\u00e1pida y soluciones optimizadas.<\/p>\t\t\t\t\t\t\t\t<\/div>\n\t\t\t\t<\/div>\n\t\t\t\t<\/div>\n\t\t\t\t<\/div>\n\t\t<div class=\"elementor-element elementor-element-fd9246c e-flex e-con-boxed e-con e-parent\" data-id=\"fd9246c\" data-element_type=\"container\" data-e-type=\"container\">\n\t\t\t\t\t<div class=\"e-con-inner\">\n\t\t\t\t<div class=\"elementor-element elementor-element-e3d1234 anima-testo-zoom elementor-widget elementor-widget-heading\" data-id=\"e3d1234\" data-element_type=\"widget\" data-e-type=\"widget\" data-settings=\"{&quot;_animation&quot;:&quot;none&quot;,&quot;_animation_delay&quot;:200}\" data-widget_type=\"heading.default\">\n\t\t\t\t<div class=\"elementor-widget-container\">\n\t\t\t\t\t<h1 class=\"elementor-heading-title elementor-size-default\"><span class=\"tit-evidenza\">nuestro SERVICIO <\/span><br><small>respuesta r\u00e1pida y soluciones optimizadas<\/small><\/h1>\t\t\t\t<\/div>\n\t\t\t\t<\/div>\n\t\t\t\t<div class=\"elementor-element elementor-element-cc4df60 elementor-widget elementor-widget-text-editor\" data-id=\"cc4df60\" data-element_type=\"widget\" data-e-type=\"widget\" data-widget_type=\"text-editor.default\">\n\t\t\t\t<div class=\"elementor-widget-container\">\n\t\t\t\t\t\t\t\t\t<p>Gracias a la fuerza de <strong>Zephyr<\/strong> Group, hemos ampliado significativamente nuestra cartera de servicios, haci\u00e9ndola m\u00e1s eficiente tanto en costes como en rapidez. <br>Con una <strong>presencia mundial<\/strong> que se extiende desde Sudam\u00e9rica hasta Singapur, nuestra red garantiza una respuesta r\u00e1pida, soluciones optimizadas y el m\u00e1ximo nivel de conocimientos t\u00e9cnicos dondequiera que operen nuestros clientes.<\/p>\t\t\t\t\t\t\t\t<\/div>\n\t\t\t\t<\/div>\n\t\t\t\t\t<\/div>\n\t\t\t\t<\/div>\n\t\t<div class=\"elementor-element elementor-element-e3f41c8 e-grid griglia-services e-con-boxed elementor-invisible e-con e-parent\" data-id=\"e3f41c8\" data-element_type=\"container\" data-e-type=\"container\" data-settings=\"{&quot;animation&quot;:&quot;zoomIn&quot;}\">\n\t\t\t\t\t<div class=\"e-con-inner\">\n\t\t\t\t<div class=\"elementor-element elementor-element-dd240b1 elementor-position-top elementor-widget elementor-widget-image-box\" data-id=\"dd240b1\" data-element_type=\"widget\" data-e-type=\"widget\" data-widget_type=\"image-box.default\">\n\t\t\t\t<div class=\"elementor-widget-container\">\n\t\t\t\t\t<div class=\"elementor-image-box-wrapper\"><figure class=\"elementor-image-box-img\"><a href=\"https:\/\/www.skandiaverken.com\/es\/taller\/\" tabindex=\"-1\"><img fetchpriority=\"high\" decoding=\"async\" width=\"1200\" height=\"1200\" src=\"https:\/\/www.skandiaverken.com\/wp-content\/uploads\/2025\/08\/Workshop-Service.jpg\" class=\"attachment-full size-full wp-image-10647\" alt=\"Icono de un almac\u00e9n con engranaje, representando almacenamiento de piezas de motor para industrias mar\u00edtimas y centrales el\u00e9ctricas.\" srcset=\"https:\/\/www.skandiaverken.com\/wp-content\/uploads\/2025\/08\/Workshop-Service.jpg 1200w, https:\/\/www.skandiaverken.com\/wp-content\/uploads\/2025\/08\/Workshop-Service-300x300.jpg 300w, https:\/\/www.skandiaverken.com\/wp-content\/uploads\/2025\/08\/Workshop-Service-1024x1024.jpg 1024w, https:\/\/www.skandiaverken.com\/wp-content\/uploads\/2025\/08\/Workshop-Service-150x150.jpg 150w, https:\/\/www.skandiaverken.com\/wp-content\/uploads\/2025\/08\/Workshop-Service-768x768.jpg 768w\" sizes=\"(max-width: 1200px) 100vw, 1200px\" \/><\/a><\/figure><div class=\"elementor-image-box-content\"><h3 class=\"elementor-image-box-title\"><a href=\"https:\/\/www.skandiaverken.com\/es\/taller\/\">TALLER<\/a><\/h3><p class=\"elementor-image-box-description\">MOTOR Y COMPONENTES<\/p><\/div><\/div>\t\t\t\t<\/div>\n\t\t\t\t<\/div>\n\t\t\t\t<div class=\"elementor-element elementor-element-191e713 elementor-position-top elementor-widget elementor-widget-image-box\" data-id=\"191e713\" data-element_type=\"widget\" data-e-type=\"widget\" data-widget_type=\"image-box.default\">\n\t\t\t\t<div class=\"elementor-widget-container\">\n\t\t\t\t\t<div class=\"elementor-image-box-wrapper\"><figure class=\"elementor-image-box-img\"><a href=\"https:\/\/www.skandiaverken.com\/es\/servicios-in-situ\/\" tabindex=\"-1\"><img decoding=\"async\" width=\"1593\" height=\"1594\" src=\"https:\/\/www.skandiaverken.com\/wp-content\/uploads\/2025\/08\/On-site-Services.png\" class=\"attachment-full size-full wp-image-10605\" alt=\"Icono de un t\u00e9cnico con una llave inglesa.\" srcset=\"https:\/\/www.skandiaverken.com\/wp-content\/uploads\/2025\/08\/On-site-Services.png 1593w, https:\/\/www.skandiaverken.com\/wp-content\/uploads\/2025\/08\/On-site-Services-300x300.png 300w, https:\/\/www.skandiaverken.com\/wp-content\/uploads\/2025\/08\/On-site-Services-1024x1024.png 1024w, https:\/\/www.skandiaverken.com\/wp-content\/uploads\/2025\/08\/On-site-Services-150x150.png 150w, https:\/\/www.skandiaverken.com\/wp-content\/uploads\/2025\/08\/On-site-Services-768x768.png 768w, https:\/\/www.skandiaverken.com\/wp-content\/uploads\/2025\/08\/On-site-Services-1536x1536.png 1536w\" sizes=\"(max-width: 1593px) 100vw, 1593px\" \/><\/a><\/figure><div class=\"elementor-image-box-content\"><h3 class=\"elementor-image-box-title\"><a href=\"https:\/\/www.skandiaverken.com\/es\/servicios-in-situ\/\">SERVICIOS IN SITU<\/a><\/h3><p class=\"elementor-image-box-description\">MOTOR Y COMPONENTES<\/p><\/div><\/div>\t\t\t\t<\/div>\n\t\t\t\t<\/div>\n\t\t\t\t<div class=\"elementor-element elementor-element-60c142c elementor-position-top elementor-widget elementor-widget-image-box\" data-id=\"60c142c\" data-element_type=\"widget\" data-e-type=\"widget\" data-widget_type=\"image-box.default\">\n\t\t\t\t<div class=\"elementor-widget-container\">\n\t\t\t\t\t<div class=\"elementor-image-box-wrapper\"><figure class=\"elementor-image-box-img\"><a href=\"https:\/\/www.skandiaverken.com\/es\/cojinetes-lisos\/\" tabindex=\"-1\"><img decoding=\"async\" width=\"1681\" height=\"1676\" src=\"https:\/\/www.skandiaverken.com\/wp-content\/uploads\/2025\/08\/Plain-Bearing.png\" class=\"attachment-full size-full wp-image-10648\" alt=\"Medidor de motor de barco en corte, vista detallada.\" srcset=\"https:\/\/www.skandiaverken.com\/wp-content\/uploads\/2025\/08\/Plain-Bearing.png 1681w, https:\/\/www.skandiaverken.com\/wp-content\/uploads\/2025\/08\/Plain-Bearing-300x300.png 300w, https:\/\/www.skandiaverken.com\/wp-content\/uploads\/2025\/08\/Plain-Bearing-1024x1021.png 1024w, https:\/\/www.skandiaverken.com\/wp-content\/uploads\/2025\/08\/Plain-Bearing-150x150.png 150w, https:\/\/www.skandiaverken.com\/wp-content\/uploads\/2025\/08\/Plain-Bearing-768x766.png 768w, https:\/\/www.skandiaverken.com\/wp-content\/uploads\/2025\/08\/Plain-Bearing-1536x1531.png 1536w\" sizes=\"(max-width: 1681px) 100vw, 1681px\" \/><\/a><\/figure><div class=\"elementor-image-box-content\"><h3 class=\"elementor-image-box-title\"><a href=\"https:\/\/www.skandiaverken.com\/es\/cojinetes-lisos\/\">COJINETES LISOS<\/a><\/h3><p class=\"elementor-image-box-description\">PRODUCCI\u00d3N<\/p><\/div><\/div>\t\t\t\t<\/div>\n\t\t\t\t<\/div>\n\t\t\t\t<div class=\"elementor-element elementor-element-4c839fa elementor-position-top elementor-widget elementor-widget-image-box\" data-id=\"4c839fa\" data-element_type=\"widget\" data-e-type=\"widget\" data-widget_type=\"image-box.default\">\n\t\t\t\t<div class=\"elementor-widget-container\">\n\t\t\t\t\t<div class=\"elementor-image-box-wrapper\"><figure class=\"elementor-image-box-img\"><a href=\"https:\/\/www.skandiaverken.com\/es\/intercambia\/\" tabindex=\"-1\"><img loading=\"lazy\" decoding=\"async\" width=\"1200\" height=\"1200\" src=\"https:\/\/www.skandiaverken.com\/wp-content\/uploads\/2025\/08\/Exchange-Program-02.jpg\" class=\"attachment-full size-full wp-image-10649\" alt=\"S\u00edmbolo de intercambio con dos flechas\" srcset=\"https:\/\/www.skandiaverken.com\/wp-content\/uploads\/2025\/08\/Exchange-Program-02.jpg 1200w, https:\/\/www.skandiaverken.com\/wp-content\/uploads\/2025\/08\/Exchange-Program-02-300x300.jpg 300w, https:\/\/www.skandiaverken.com\/wp-content\/uploads\/2025\/08\/Exchange-Program-02-1024x1024.jpg 1024w, https:\/\/www.skandiaverken.com\/wp-content\/uploads\/2025\/08\/Exchange-Program-02-150x150.jpg 150w, https:\/\/www.skandiaverken.com\/wp-content\/uploads\/2025\/08\/Exchange-Program-02-768x768.jpg 768w\" sizes=\"(max-width: 1200px) 100vw, 1200px\" \/><\/a><\/figure><div class=\"elementor-image-box-content\"><h3 class=\"elementor-image-box-title\"><a href=\"https:\/\/www.skandiaverken.com\/es\/intercambia\/\">INTERCAMBIA<\/a><\/h3><p class=\"elementor-image-box-description\">PROGRAMA DE COMPONENTES<\/p><\/div><\/div>\t\t\t\t<\/div>\n\t\t\t\t<\/div>\n\t\t\t\t<div class=\"elementor-element elementor-element-44b2b88 elementor-position-top elementor-widget elementor-widget-image-box\" data-id=\"44b2b88\" data-element_type=\"widget\" data-e-type=\"widget\" data-widget_type=\"image-box.default\">\n\t\t\t\t<div class=\"elementor-widget-container\">\n\t\t\t\t\t<div class=\"elementor-image-box-wrapper\"><figure class=\"elementor-image-box-img\"><a href=\"https:\/\/www.skandiaverken.com\/es\/servicios-especializados\/\" tabindex=\"-1\"><img loading=\"lazy\" decoding=\"async\" width=\"1200\" height=\"1200\" src=\"https:\/\/www.skandiaverken.com\/wp-content\/uploads\/2025\/08\/Specialized-service.jpg\" class=\"attachment-full size-full wp-image-10650\" alt=\"T\u00e9cnico con educaci\u00f3n. T\u00e9cnico en reparaci\u00f3n de motores.\" srcset=\"https:\/\/www.skandiaverken.com\/wp-content\/uploads\/2025\/08\/Specialized-service.jpg 1200w, https:\/\/www.skandiaverken.com\/wp-content\/uploads\/2025\/08\/Specialized-service-300x300.jpg 300w, https:\/\/www.skandiaverken.com\/wp-content\/uploads\/2025\/08\/Specialized-service-1024x1024.jpg 1024w, https:\/\/www.skandiaverken.com\/wp-content\/uploads\/2025\/08\/Specialized-service-150x150.jpg 150w, https:\/\/www.skandiaverken.com\/wp-content\/uploads\/2025\/08\/Specialized-service-768x768.jpg 768w\" sizes=\"(max-width: 1200px) 100vw, 1200px\" \/><\/a><\/figure><div class=\"elementor-image-box-content\"><h3 class=\"elementor-image-box-title\"><a href=\"https:\/\/www.skandiaverken.com\/es\/servicios-especializados\/\">SERVICIOS ESPECIALIZADOS<\/a><\/h3><p class=\"elementor-image-box-description\">PARA MOTORES DE 2-4 TIEMPOS\n<\/p><\/div><\/div>\t\t\t\t<\/div>\n\t\t\t\t<\/div>\n\t\t\t\t<div class=\"elementor-element elementor-element-111d4b6 elementor-position-top elementor-widget elementor-widget-image-box\" data-id=\"111d4b6\" data-element_type=\"widget\" data-e-type=\"widget\" data-widget_type=\"image-box.default\">\n\t\t\t\t<div class=\"elementor-widget-container\">\n\t\t\t\t\t<div class=\"elementor-image-box-wrapper\"><figure class=\"elementor-image-box-img\"><a href=\"https:\/\/www.skandiaverken.com\/es\/soluciones-a-medida\/\" tabindex=\"-1\"><img loading=\"lazy\" decoding=\"async\" width=\"1200\" height=\"1200\" src=\"https:\/\/www.skandiaverken.com\/wp-content\/uploads\/2025\/08\/iconaserviceon-demand.jpg\" class=\"attachment-full size-full wp-image-10606\" alt=\"Icono de una mano sosteniendo engranajes.\" srcset=\"https:\/\/www.skandiaverken.com\/wp-content\/uploads\/2025\/08\/iconaserviceon-demand.jpg 1200w, https:\/\/www.skandiaverken.com\/wp-content\/uploads\/2025\/08\/iconaserviceon-demand-300x300.jpg 300w, https:\/\/www.skandiaverken.com\/wp-content\/uploads\/2025\/08\/iconaserviceon-demand-1024x1024.jpg 1024w, https:\/\/www.skandiaverken.com\/wp-content\/uploads\/2025\/08\/iconaserviceon-demand-150x150.jpg 150w, https:\/\/www.skandiaverken.com\/wp-content\/uploads\/2025\/08\/iconaserviceon-demand-768x768.jpg 768w\" sizes=\"(max-width: 1200px) 100vw, 1200px\" \/><\/a><\/figure><div class=\"elementor-image-box-content\"><h3 class=\"elementor-image-box-title\"><a href=\"https:\/\/www.skandiaverken.com\/es\/soluciones-a-medida\/\">SOLUCIONES A MEDIDA<\/a><\/h3><p class=\"elementor-image-box-description\">A PETICI\u00d3N\n<\/p><\/div><\/div>\t\t\t\t<\/div>\n\t\t\t\t<\/div>\n\t\t\t\t\t<\/div>\n\t\t\t\t<\/div>\n\t\t\t\t<\/div>\n\t\t","protected":false},"excerpt":{"rendered":"<p>NUESTROS SERVICIOS Respuesta r\u00e1pida y soluciones optimizadas. nuestro SERVICIO respuesta r\u00e1pida y soluciones optimizadas Gracias a la fuerza de Zephyr Group, hemos ampliado significativamente nuestra cartera de servicios, haci\u00e9ndola m\u00e1s eficiente tanto en costes como en rapidez. Con una presencia mundial que se extiende desde Sudam\u00e9rica hasta Singapur, nuestra red garantiza una respuesta r\u00e1pida, soluciones [&hellip;]<\/p>\n","protected":false},"author":1,"featured_media":10660,"parent":0,"menu_order":0,"comment_status":"closed","ping_status":"closed","template":"","meta":{"footnotes":""},"class_list":["post-10645","page","type-page","status-publish","has-post-thumbnail","hentry"],"_links":{"self":[{"href":"https:\/\/www.skandiaverken.com\/es\/wp-json\/wp\/v2\/pages\/10645","targetHints":{"allow":["GET"]}}],"collection":[{"href":"https:\/\/www.skandiaverken.com\/es\/wp-json\/wp\/v2\/pages"}],"about":[{"href":"https:\/\/www.skandiaverken.com\/es\/wp-json\/wp\/v2\/types\/page"}],"author":[{"embeddable":true,"href":"https:\/\/www.skandiaverken.com\/es\/wp-json\/wp\/v2\/users\/1"}],"replies":[{"embeddable":true,"href":"https:\/\/www.skandiaverken.com\/es\/wp-json\/wp\/v2\/comments?post=10645"}],"version-history":[{"count":1,"href":"https:\/\/www.skandiaverken.com\/es\/wp-json\/wp\/v2\/pages\/10645\/revisions"}],"predecessor-version":[{"id":10662,"href":"https:\/\/www.skandiaverken.com\/es\/wp-json\/wp\/v2\/pages\/10645\/revisions\/10662"}],"wp:featuredmedia":[{"embeddable":true,"href":"https:\/\/www.skandiaverken.com\/es\/wp-json\/wp\/v2\/media\/10660"}],"wp:attachment":[{"href":"https:\/\/www.skandiaverken.com\/es\/wp-json\/wp\/v2\/media?parent=10645"}],"curies":[{"name":"wp","href":"https:\/\/api.w.org\/{rel}","templated":true}]}}