{"id":10609,"date":"2025-06-19T09:52:42","date_gmt":"2025-06-19T07:52:42","guid":{"rendered":"https:\/\/gold-ibis-155141.hostingersite.com\/sobre-nosotros\/"},"modified":"2025-12-19T09:05:20","modified_gmt":"2025-12-19T08:05:20","slug":"sobre-nosotros","status":"publish","type":"page","link":"https:\/\/www.skandiaverken.com\/es\/sobre-nosotros\/","title":{"rendered":"Sobre nosotros"},"content":{"rendered":"\t\t<div data-elementor-type=\"wp-page\" data-elementor-id=\"10609\" class=\"elementor elementor-10609 elementor-92\" data-elementor-post-type=\"page\">\n\t\t\t\t<div class=\"elementor-element elementor-element-5eb4820 e-con-full e-flex e-con e-parent\" data-id=\"5eb4820\" data-element_type=\"container\" data-e-type=\"container\">\n\t\t\t\t<\/div>\n\t\t<div class=\"elementor-element elementor-element-6f4dcdf e-con-full e-flex e-con e-parent\" data-id=\"6f4dcdf\" data-element_type=\"container\" data-e-type=\"container\" data-settings=\"{&quot;background_background&quot;:&quot;classic&quot;}\">\n\t\t<div class=\"elementor-element elementor-element-495787a e-con-full e-flex e-con e-child\" data-id=\"495787a\" data-element_type=\"container\" data-e-type=\"container\" data-settings=\"{&quot;position&quot;:&quot;absolute&quot;}\">\n\t\t\t\t<div class=\"elementor-element elementor-element-7a2d34b elementor-invisible elementor-widget elementor-widget-heading\" data-id=\"7a2d34b\" data-element_type=\"widget\" data-e-type=\"widget\" data-settings=\"{&quot;_animation&quot;:&quot;fadeInDown&quot;}\" data-widget_type=\"heading.default\">\n\t\t\t\t<div class=\"elementor-widget-container\">\n\t\t\t\t\t<h2 class=\"elementor-heading-title elementor-size-default\"><b>sobre nosotros<\/b><\/h2>\t\t\t\t<\/div>\n\t\t\t\t<\/div>\n\t\t\t\t<div class=\"elementor-element elementor-element-663074a elementor-invisible elementor-widget elementor-widget-text-editor\" data-id=\"663074a\" data-element_type=\"widget\" data-e-type=\"widget\" data-settings=\"{&quot;_animation&quot;:&quot;fadeInUp&quot;,&quot;_animation_delay&quot;:0.5}\" data-widget_type=\"text-editor.default\">\n\t\t\t\t<div class=\"elementor-widget-container\">\n\t\t\t\t\t\t\t\t\t<p>CONSTRUCTORES DE INGENIER\u00cdA desde 1868.<\/p>\t\t\t\t\t\t\t\t<\/div>\n\t\t\t\t<\/div>\n\t\t\t\t<\/div>\n\t\t\t\t<\/div>\n\t\t<div class=\"elementor-element elementor-element-dbbe414 e-flex e-con-boxed e-con e-parent\" data-id=\"dbbe414\" data-element_type=\"container\" data-e-type=\"container\">\n\t\t\t\t\t<div class=\"e-con-inner\">\n\t\t\t\t<div class=\"elementor-element elementor-element-4f7c971 anima-testo-zoom elementor-widget elementor-widget-heading\" data-id=\"4f7c971\" data-element_type=\"widget\" data-e-type=\"widget\" data-settings=\"{&quot;_animation&quot;:&quot;none&quot;,&quot;_animation_delay&quot;:200}\" data-widget_type=\"heading.default\">\n\t\t\t\t<div class=\"elementor-widget-container\">\n\t\t\t\t\t<h1 class=\"elementor-heading-title elementor-size-default\">sobre\n<br><span class=\"tit-evidenza\">Skandiaverken <\/span> <\/h1>\t\t\t\t<\/div>\n\t\t\t\t<\/div>\n\t\t\t\t<div class=\"elementor-element elementor-element-532cfb8 elementor-invisible elementor-widget elementor-widget-text-editor\" data-id=\"532cfb8\" data-element_type=\"widget\" data-e-type=\"widget\" data-settings=\"{&quot;_animation&quot;:&quot;fadeIn&quot;,&quot;_animation_delay&quot;:300}\" data-widget_type=\"text-editor.default\">\n\t\t\t\t<div class=\"elementor-widget-container\">\n\t\t\t\t\t\t\t\t\t<p><strong>HERENCIA DE LA CONSTRUCCI\u00d3N DE MOTORES DESDE 1868<\/strong><\/p><p>Las ra\u00edces de Skandiaverken se remontan a finales del siglo XIX, cuando nuestras empresas fundadoras empezaron a fabricar motores di\u00e9sel.<\/p><p>The current organisation was created through the merge of three historic manufacturers: <strong>John G. Kincaid &amp; Co. Ltd<\/strong> in Scotland, <strong>Construcciones Echevarr\u00eda S.A.<\/strong> in Spain, and <strong>Skandiaverken AB<\/strong> in Sweden. Today, <strong>Skandiaverken SLU<\/strong> (Spain) and <strong>Skandiaverken Ltd<\/strong> (Scotland) form part of the <strong>Zephyr Group<\/strong>. <\/p>\t\t\t\t\t\t\t\t<\/div>\n\t\t\t\t<\/div>\n\t\t\t\t<div class=\"elementor-element elementor-element-27d8556 elementor-invisible elementor-widget elementor-widget-text-editor\" data-id=\"27d8556\" data-element_type=\"widget\" data-e-type=\"widget\" data-settings=\"{&quot;_animation&quot;:&quot;fadeIn&quot;,&quot;_animation_delay&quot;:300}\" data-widget_type=\"text-editor.default\">\n\t\t\t\t<div class=\"elementor-widget-container\">\n\t\t\t\t\t\t\t\t\t<p>A lo largo de los a\u00f1os de fabricaci\u00f3n, hemos producido <strong>3.124 motores di\u00e9sel con licencia<\/strong>, tanto de 2 como de 4 tiempos. Este legado de ingenier\u00eda sigue siendo el n\u00facleo de lo que somos: nos proporciona un profundo conocimiento t\u00e9cnico y nos permite suministrar piezas de recambio de alta calidad para una amplia gama de motores en todo el mundo. <\/p><p>Nuestro almac\u00e9n principal, estrat\u00e9gicamente situado cerca del Aeropuerto Internacional y del Puerto de <strong>Bilbao<\/strong>, cuenta con el apoyo de empresas hermanas en <strong>Singapur<\/strong>, <strong>Italia<\/strong>, <strong>Pa\u00edses Bajos<\/strong>, <strong>Alemania<\/strong> y <strong>Colombia<\/strong>. Con una gran disponibilidad de existencias y un sistema integrado de control de stocks, garantizamos una respuesta r\u00e1pida y fiable a las necesidades de los clientes. <\/p>\t\t\t\t\t\t\t\t<\/div>\n\t\t\t\t<\/div>\n\t\t\t\t\t<\/div>\n\t\t\t\t<\/div>\n\t\t<div class=\"elementor-element elementor-element-ed8d957 e-grid e-con-full e-con e-parent\" data-id=\"ed8d957\" data-element_type=\"container\" data-e-type=\"container\">\n\t\t<div class=\"elementor-element elementor-element-3c49c30 anima-testo-zoom e-flex e-con-boxed e-con e-child\" data-id=\"3c49c30\" data-element_type=\"container\" data-e-type=\"container\" data-settings=\"{&quot;background_background&quot;:&quot;classic&quot;}\">\n\t\t\t\t\t<div class=\"e-con-inner\">\n\t\t\t\t<div class=\"elementor-element elementor-element-78d026f elementor-widget elementor-widget-heading\" data-id=\"78d026f\" data-element_type=\"widget\" data-e-type=\"widget\" data-settings=\"{&quot;motion_fx_motion_fx_mouse&quot;:&quot;yes&quot;}\" data-widget_type=\"heading.default\">\n\t\t\t\t<div class=\"elementor-widget-container\">\n\t\t\t\t\t<h2 class=\"elementor-heading-title elementor-size-default\">VALORES<\/h2>\t\t\t\t<\/div>\n\t\t\t\t<\/div>\n\t\t\t\t<div class=\"elementor-element elementor-element-3adbe49 elementor-widget elementor-widget-text-editor\" data-id=\"3adbe49\" data-element_type=\"widget\" data-e-type=\"widget\" data-widget_type=\"text-editor.default\">\n\t\t\t\t<div class=\"elementor-widget-container\">\n\t\t\t\t\t\t\t\t\t<p><strong>Experiencia, Calidad, Flexibilidad, Disponibilidad, Competencia, Capital Humano<\/strong><br>Sin este inestimable factor humano, Skandiaverken no podr\u00eda mantener el distinguido nombre y la reputaci\u00f3n que se ha forjado a lo largo de m\u00e1s de un siglo.<\/p>\t\t\t\t\t\t\t\t<\/div>\n\t\t\t\t<\/div>\n\t\t\t\t\t<\/div>\n\t\t\t\t<\/div>\n\t\t<div class=\"elementor-element elementor-element-d9a1938 anima-testo-zoom e-flex e-con-boxed e-con e-child\" data-id=\"d9a1938\" data-element_type=\"container\" data-e-type=\"container\" data-settings=\"{&quot;background_background&quot;:&quot;classic&quot;}\">\n\t\t\t\t\t<div class=\"e-con-inner\">\n\t\t\t\t<div class=\"elementor-element elementor-element-082442a elementor-widget elementor-widget-heading\" data-id=\"082442a\" data-element_type=\"widget\" data-e-type=\"widget\" data-widget_type=\"heading.default\">\n\t\t\t\t<div class=\"elementor-widget-container\">\n\t\t\t\t\t<h2 class=\"elementor-heading-title elementor-size-default\">VISI\u00d3N<\/h2>\t\t\t\t<\/div>\n\t\t\t\t<\/div>\n\t\t\t\t<div class=\"elementor-element elementor-element-77b34d4 elementor-widget elementor-widget-text-editor\" data-id=\"77b34d4\" data-element_type=\"widget\" data-e-type=\"widget\" data-widget_type=\"text-editor.default\">\n\t\t\t\t<div class=\"elementor-widget-container\">\n\t\t\t\t\t\t\t\t\t<p>Nuestro objetivo es resolver los problemas de los clientes -tanto t\u00e9cnicos como pr\u00e1cticos- y mantener los motores en funcionamiento 24 horas al d\u00eda, 7 d\u00edas a la semana, est\u00e9 donde est\u00e9 la embarcaci\u00f3n. M\u00e1s de 150 a\u00f1os en este negocio nos han proporcionado los productos, conocimientos y experiencia para hacerlo posible. <\/p>\t\t\t\t\t\t\t\t<\/div>\n\t\t\t\t<\/div>\n\t\t\t\t\t<\/div>\n\t\t\t\t<\/div>\n\t\t<div class=\"elementor-element elementor-element-b8c3c03 anima-testo-zoom e-flex e-con-boxed e-con e-child\" data-id=\"b8c3c03\" data-element_type=\"container\" data-e-type=\"container\" data-settings=\"{&quot;background_background&quot;:&quot;classic&quot;}\">\n\t\t\t\t\t<div class=\"e-con-inner\">\n\t\t\t\t<div class=\"elementor-element elementor-element-7238963 elementor-widget elementor-widget-heading\" data-id=\"7238963\" data-element_type=\"widget\" data-e-type=\"widget\" data-widget_type=\"heading.default\">\n\t\t\t\t<div class=\"elementor-widget-container\">\n\t\t\t\t\t<h2 class=\"elementor-heading-title elementor-size-default\">MISI\u00d3N<\/h2>\t\t\t\t<\/div>\n\t\t\t\t<\/div>\n\t\t\t\t<div class=\"elementor-element elementor-element-37d7c7f elementor-widget elementor-widget-text-editor\" data-id=\"37d7c7f\" data-element_type=\"widget\" data-e-type=\"widget\" data-widget_type=\"text-editor.default\">\n\t\t\t\t<div class=\"elementor-widget-container\">\n\t\t\t\t\t\t\t\t\t<p>Aprovechar nuestra larga experiencia como constructores de motores para apoyar al sector mar\u00edtimo en su transici\u00f3n hacia soluciones m\u00e1s sostenibles. Combinando unos profundos conocimientos t\u00e9cnicos con un enfoque orientado al futuro, proporcionamos soluciones de motores y piezas de recambio fiables que cumplen las normas de rendimiento actuales, al tiempo que se alinean con los objetivos medioambientales, ayudando a nuestros clientes a reducir las emisiones sin comprometer la fiabilidad ni la eficacia.<\/p>\t\t\t\t\t\t\t\t<\/div>\n\t\t\t\t<\/div>\n\t\t\t\t\t<\/div>\n\t\t\t\t<\/div>\n\t\t\t\t<\/div>\n\t\t\t\t<\/div>\n\t\t","protected":false},"excerpt":{"rendered":"<p>Skandiaverken lleva fabricando motores desde 1868 y ahora forma parte de Zephyr Group. Con m\u00e1s de 3.100 motores di\u00e9sel fabricados bajo licencia, la empresa ofrece recambios de alta calidad avalados por d\u00e9cadas de experiencia. <\/p>\n","protected":false},"author":1,"featured_media":10593,"parent":0,"menu_order":0,"comment_status":"closed","ping_status":"closed","template":"","meta":{"footnotes":""},"class_list":["post-10609","page","type-page","status-publish","has-post-thumbnail","hentry"],"_links":{"self":[{"href":"https:\/\/www.skandiaverken.com\/es\/wp-json\/wp\/v2\/pages\/10609","targetHints":{"allow":["GET"]}}],"collection":[{"href":"https:\/\/www.skandiaverken.com\/es\/wp-json\/wp\/v2\/pages"}],"about":[{"href":"https:\/\/www.skandiaverken.com\/es\/wp-json\/wp\/v2\/types\/page"}],"author":[{"embeddable":true,"href":"https:\/\/www.skandiaverken.com\/es\/wp-json\/wp\/v2\/users\/1"}],"replies":[{"embeddable":true,"href":"https:\/\/www.skandiaverken.com\/es\/wp-json\/wp\/v2\/comments?post=10609"}],"version-history":[{"count":2,"href":"https:\/\/www.skandiaverken.com\/es\/wp-json\/wp\/v2\/pages\/10609\/revisions"}],"predecessor-version":[{"id":11101,"href":"https:\/\/www.skandiaverken.com\/es\/wp-json\/wp\/v2\/pages\/10609\/revisions\/11101"}],"wp:featuredmedia":[{"embeddable":true,"href":"https:\/\/www.skandiaverken.com\/es\/wp-json\/wp\/v2\/media\/10593"}],"wp:attachment":[{"href":"https:\/\/www.skandiaverken.com\/es\/wp-json\/wp\/v2\/media?parent=10609"}],"curies":[{"name":"wp","href":"https:\/\/api.w.org\/{rel}","templated":true}]}}