{"id":10558,"date":"2025-06-19T09:52:23","date_gmt":"2025-06-19T07:52:23","guid":{"rendered":"https:\/\/gold-ibis-155141.hostingersite.com\/zephyr-group\/"},"modified":"2025-12-15T14:55:04","modified_gmt":"2025-12-15T13:55:04","slug":"zephyr-group","status":"publish","type":"page","link":"https:\/\/www.skandiaverken.com\/es\/zephyr-group\/","title":{"rendered":"Zephyr Group"},"content":{"rendered":"\t\t<div data-elementor-type=\"wp-page\" data-elementor-id=\"10558\" class=\"elementor elementor-10558 elementor-88\" data-elementor-post-type=\"page\">\n\t\t\t\t<div class=\"elementor-element elementor-element-5a16fe9 e-con-full e-flex e-con e-parent\" data-id=\"5a16fe9\" data-element_type=\"container\" data-e-type=\"container\">\n\t\t\t\t<\/div>\n\t\t<div class=\"elementor-element elementor-element-7f75848 e-con-full e-flex e-con e-parent\" data-id=\"7f75848\" data-element_type=\"container\" data-e-type=\"container\" data-settings=\"{&quot;background_background&quot;:&quot;classic&quot;}\">\n\t\t<div class=\"elementor-element elementor-element-f65e37d e-con-full e-flex e-con e-child\" data-id=\"f65e37d\" data-element_type=\"container\" data-e-type=\"container\" data-settings=\"{&quot;position&quot;:&quot;absolute&quot;}\">\n\t\t\t\t<div class=\"elementor-element elementor-element-ed2856c elementor-invisible elementor-widget elementor-widget-heading\" data-id=\"ed2856c\" data-element_type=\"widget\" data-e-type=\"widget\" data-settings=\"{&quot;_animation&quot;:&quot;fadeInDown&quot;}\" data-widget_type=\"heading.default\">\n\t\t\t\t<div class=\"elementor-widget-container\">\n\t\t\t\t\t<h2 class=\"elementor-heading-title elementor-size-default\"><b>ZEPHYR <\/b><br>GRUPO<\/h2>\t\t\t\t<\/div>\n\t\t\t\t<\/div>\n\t\t\t\t<div class=\"elementor-element elementor-element-9bb4670 elementor-invisible elementor-widget elementor-widget-text-editor\" data-id=\"9bb4670\" data-element_type=\"widget\" data-e-type=\"widget\" data-settings=\"{&quot;_animation&quot;:&quot;fadeInUp&quot;,&quot;_animation_delay&quot;:0.5}\" data-widget_type=\"text-editor.default\">\n\t\t\t\t<div class=\"elementor-widget-container\">\n\t\t\t\t\t\t\t\t\t<p>Suministro de piezas de recambio y servicio para motores, en todo el mundo.<\/p>\t\t\t\t\t\t\t\t<\/div>\n\t\t\t\t<\/div>\n\t\t\t\t<\/div>\n\t\t\t\t<\/div>\n\t\t<div class=\"elementor-element elementor-element-06d9db6 e-flex e-con-boxed e-con e-parent\" data-id=\"06d9db6\" data-element_type=\"container\" data-e-type=\"container\">\n\t\t\t\t\t<div class=\"e-con-inner\">\n\t\t\t\t<div class=\"elementor-element elementor-element-13397d5 elementor-hidden-desktop elementor-hidden-laptop elementor-hidden-tablet_extra elementor-hidden-tablet elementor-widget elementor-widget-image\" data-id=\"13397d5\" data-element_type=\"widget\" data-e-type=\"widget\" data-widget_type=\"image.default\">\n\t\t\t\t<div class=\"elementor-widget-container\">\n\t\t\t\t\t\t\t\t\t\t\t\t\t\t\t<img fetchpriority=\"high\" decoding=\"async\" width=\"300\" height=\"252\" src=\"https:\/\/www.skandiaverken.com\/wp-content\/uploads\/2025\/08\/Zephyr-Group-Logo-Blue-vert-300x252.png\" class=\"attachment-medium size-medium wp-image-10564\" alt=\"Una colecci\u00f3n de logotipos de empresas, marcas del Grupo Zephyr.\" srcset=\"https:\/\/www.skandiaverken.com\/wp-content\/uploads\/2025\/08\/Zephyr-Group-Logo-Blue-vert-300x252.png 300w, https:\/\/www.skandiaverken.com\/wp-content\/uploads\/2025\/08\/Zephyr-Group-Logo-Blue-vert.png 600w\" sizes=\"(max-width: 300px) 100vw, 300px\" \/>\t\t\t\t\t\t\t\t\t\t\t\t\t\t\t<\/div>\n\t\t\t\t<\/div>\n\t\t\t\t<div class=\"elementor-element elementor-element-73e74e3 elementor-hidden-mobile_extra elementor-hidden-mobile elementor-widget elementor-widget-image\" data-id=\"73e74e3\" data-element_type=\"widget\" data-e-type=\"widget\" data-widget_type=\"image.default\">\n\t\t\t\t<div class=\"elementor-widget-container\">\n\t\t\t\t\t\t\t\t\t\t\t\t\t\t\t<img decoding=\"async\" width=\"800\" height=\"82\" src=\"https:\/\/www.skandiaverken.com\/wp-content\/uploads\/2025\/08\/Zephyr-Group-Logo-Blue-4-scaled-1-1024x105.png\" class=\"attachment-large size-large wp-image-10560\" alt=\"Un fondo blanco con texto gris y varios logotipos.\" srcset=\"https:\/\/www.skandiaverken.com\/wp-content\/uploads\/2025\/08\/Zephyr-Group-Logo-Blue-4-scaled-1-1024x105.png 1024w, https:\/\/www.skandiaverken.com\/wp-content\/uploads\/2025\/08\/Zephyr-Group-Logo-Blue-4-scaled-1-300x31.png 300w, https:\/\/www.skandiaverken.com\/wp-content\/uploads\/2025\/08\/Zephyr-Group-Logo-Blue-4-scaled-1-768x79.png 768w, https:\/\/www.skandiaverken.com\/wp-content\/uploads\/2025\/08\/Zephyr-Group-Logo-Blue-4-scaled-1-1536x157.png 1536w, https:\/\/www.skandiaverken.com\/wp-content\/uploads\/2025\/08\/Zephyr-Group-Logo-Blue-4-scaled-1-2048x210.png 2048w\" sizes=\"(max-width: 800px) 100vw, 800px\" \/>\t\t\t\t\t\t\t\t\t\t\t\t\t\t\t<\/div>\n\t\t\t\t<\/div>\n\t\t\t\t<div class=\"elementor-element elementor-element-0ba6491 elementor-invisible elementor-widget elementor-widget-text-editor\" data-id=\"0ba6491\" data-element_type=\"widget\" data-e-type=\"widget\" data-settings=\"{&quot;_animation&quot;:&quot;fadeIn&quot;,&quot;_animation_delay&quot;:300}\" data-widget_type=\"text-editor.default\">\n\t\t\t\t<div class=\"elementor-widget-container\">\n\t\t\t\t\t\t\t\t\t<p>Skandiaverken forma parte de <span style=\"text-decoration: underline;\"><a href=\"https:\/\/zephyr-group.eu\/\" target=\"_blank\" rel=\"noopener nofollow\">Zephyr Group<\/a>,<\/span> el principal distribuidor independiente de recambios y servicios para grandes motores. El Grupo re\u00fane a varias empresas especializadas: <strong>Zephyr<\/strong>, <strong>PK OEM Parts<\/strong>, <strong>Carl Baguhn<\/strong> <strong>Hamburgo<\/strong>, <strong>Carl Baguhn Barranquilla<\/strong>, <strong>Twinco<\/strong> y <strong>Skandiaverken<\/strong>. <\/p>\t\t\t\t\t\t\t\t<\/div>\n\t\t\t\t<\/div>\n\t\t\t\t\t<\/div>\n\t\t\t\t<\/div>\n\t\t<div class=\"elementor-element elementor-element-bba2a8c e-con-full e-flex e-con e-parent\" data-id=\"bba2a8c\" data-element_type=\"container\" data-e-type=\"container\">\n\t\t\t\t<div class=\"elementor-element elementor-element-01b5cb4 elementor-widget elementor-widget-image\" data-id=\"01b5cb4\" data-element_type=\"widget\" data-e-type=\"widget\" data-widget_type=\"image.default\">\n\t\t\t\t<div class=\"elementor-widget-container\">\n\t\t\t\t\t\t\t\t\t\t\t\t\t\t\t<img decoding=\"async\" width=\"1418\" height=\"851\" src=\"https:\/\/www.skandiaverken.com\/wp-content\/uploads\/2025\/10\/SKV_2025-10-08_Mappa-animata-SudAmerica-LOW.gif\" class=\"attachment-full size-full wp-image-10566\" alt=\"Mapa mundial minimalista representado con puntos distribuidos por los continentes.\" \/>\t\t\t\t\t\t\t\t\t\t\t\t\t\t\t<\/div>\n\t\t\t\t<\/div>\n\t\t\t\t<\/div>\n\t\t<div class=\"elementor-element elementor-element-d24be11 e-flex e-con-boxed e-con e-parent\" data-id=\"d24be11\" data-element_type=\"container\" data-e-type=\"container\">\n\t\t\t\t\t<div class=\"e-con-inner\">\n\t\t\t\t<div class=\"elementor-element elementor-element-d204167 anima-testo-zoom elementor-widget elementor-widget-heading\" data-id=\"d204167\" data-element_type=\"widget\" data-e-type=\"widget\" data-widget_type=\"heading.default\">\n\t\t\t\t<div class=\"elementor-widget-container\">\n\t\t\t\t\t<h1 class=\"elementor-heading-title elementor-size-default\">el<b class=\"tit-evidenza\">GRUPO<\/b>\n<br><b class=\"tit-evidenza\"><\/b><\/h1>\t\t\t\t<\/div>\n\t\t\t\t<\/div>\n\t\t\t\t<div class=\"elementor-element elementor-element-724d5fd elementor-invisible elementor-widget elementor-widget-text-editor\" data-id=\"724d5fd\" data-element_type=\"widget\" data-e-type=\"widget\" data-settings=\"{&quot;_animation&quot;:&quot;fadeIn&quot;,&quot;_animation_delay&quot;:300}\" data-widget_type=\"text-editor.default\">\n\t\t\t\t<div class=\"elementor-widget-container\">\n\t\t\t\t\t\t\t\t\t<p>Zephyr Group, tras 50 a\u00f1os en el mercado como <span style=\"text-decoration: underline;\"><a href=\"https:\/\/www.zephyrgroup.it\/\" target=\"_blank\" rel=\"noopener nofollow\"><strong>Zephyr<\/strong><\/a><\/span> con sede en Italia, se form\u00f3 en 2018 con la adquisici\u00f3n de Skandiaverken.<br>El crecimiento del grupo se aceler\u00f3 en 2021 con una inversi\u00f3n mayoritaria de DeA Capital, que permiti\u00f3 la integraci\u00f3n de <span style=\"text-decoration: underline;\"><a href=\"https:\/\/pkoemparts.nl\/\" target=\"_blank\" rel=\"noopener nofollow\"><strong>PK Piezas OEM<\/strong><\/a><\/span> (Pa\u00edses Bajos).<\/p><p>En 2024, Zephyr ampli\u00f3 a\u00fan m\u00e1s su presencia global al dar la bienvenida a <a href=\"https:\/\/twinco.com.sg\/\" target=\"_blank\" rel=\"noopener nofollow\">Twinco<\/a> (Singapur), fundada en 1994 y especializada en repuestos para motores di\u00e9sel para las industrias mar\u00edtima y de generaci\u00f3n de energ\u00eda en la regi\u00f3n de Asia-Pac\u00edfico.<br>El Grupo tambi\u00e9n integr\u00f3 <a href=\"https:\/\/carlbaguhn.de\/\" target=\"_blank\" rel=\"noopener nofollow\">Carl Baguhn Hamburg<\/a>, una empresa con m\u00e1s de 100 a\u00f1os de experiencia en el mantenimiento, la reparaci\u00f3n y la venta de componentes para motores di\u00e9sel y de gas.<br><a href=\"https:\/\/www.carlbaguhnbaq.com\/\" target=\"_blank\" rel=\"noopener nofollow\">Carl Baguhn Barranquilla<\/a> tambi\u00e9n opera en Am\u00e9rica Central y del Sur a trav\u00e9s de su sucursal de Barranquilla (Colombia), activa desde principios de la d\u00e9cada de 2020.<\/p>\t\t\t\t\t\t\t\t<\/div>\n\t\t\t\t<\/div>\n\t\t\t\t\t<\/div>\n\t\t\t\t<\/div>\n\t\t<div class=\"elementor-element elementor-element-1ec445e e-con-full e-flex e-con e-parent\" data-id=\"1ec445e\" data-element_type=\"container\" data-e-type=\"container\" data-settings=\"{&quot;background_background&quot;:&quot;classic&quot;}\">\n\t\t<div class=\"elementor-element elementor-element-d477c67 e-con-full e-flex e-con e-child\" data-id=\"d477c67\" data-element_type=\"container\" data-e-type=\"container\" data-settings=\"{&quot;position&quot;:&quot;absolute&quot;}\">\n\t\t\t\t<div class=\"elementor-element elementor-element-9808d2a anima-testo-bottom elementor-widget elementor-widget-heading\" data-id=\"9808d2a\" data-element_type=\"widget\" data-e-type=\"widget\" data-widget_type=\"heading.default\">\n\t\t\t\t<div class=\"elementor-widget-container\">\n\t\t\t\t\t<h2 class=\"elementor-heading-title elementor-size-default\"><small>Nuestra<\/small><br><b>Compromiso<\/b><\/h2>\t\t\t\t<\/div>\n\t\t\t\t<\/div>\n\t\t\t\t<div class=\"elementor-element elementor-element-bf5e5fe elementor-widget__width-initial elementor-invisible elementor-widget elementor-widget-text-editor\" data-id=\"bf5e5fe\" data-element_type=\"widget\" data-e-type=\"widget\" data-settings=\"{&quot;_animation&quot;:&quot;fadeIn&quot;,&quot;_animation_delay&quot;:300}\" data-widget_type=\"text-editor.default\">\n\t\t\t\t<div class=\"elementor-widget-container\">\n\t\t\t\t\t\t\t\t\t<p>Juntas, nuestras empresas aportan al sector m\u00e1s de 300 a\u00f1os de experiencia combinada, y no hemos hecho m\u00e1s que empezar. Invertimos constantemente en conocimientos t\u00e9cnicos, ampliamos nuestras capacidades e integramos a nuevos socios. Todo lo que hacemos est\u00e1 impulsado por el compromiso con la <strong>calidad<\/strong>, la <strong>innovaci\u00f3n<\/strong> y el <strong>respeto a los valores ESG<\/strong>, que consideramos fundamentales para nuestro crecimiento futuro.  <\/p>\t\t\t\t\t\t\t\t<\/div>\n\t\t\t\t<\/div>\n\t\t\t\t<\/div>\n\t\t\t\t<div class=\"elementor-element elementor-element-f138bda elementor-absolute scritta-grande elementor-widget elementor-widget-image\" data-id=\"f138bda\" data-element_type=\"widget\" data-e-type=\"widget\" data-settings=\"{&quot;_position&quot;:&quot;absolute&quot;}\" data-widget_type=\"image.default\">\n\t\t\t\t<div class=\"elementor-widget-container\">\n\t\t\t\t\t\t\t\t\t\t\t\t\t\t\t<img loading=\"lazy\" decoding=\"async\" width=\"1907\" height=\"178\" src=\"https:\/\/www.skandiaverken.com\/wp-content\/uploads\/2025\/08\/Commitment.svg\" class=\"attachment-full size-full wp-image-10563\" alt=\"\" \/>\t\t\t\t\t\t\t\t\t\t\t\t\t\t\t<\/div>\n\t\t\t\t<\/div>\n\t\t\t\t<div class=\"elementor-element elementor-element-a4de0dd elementor-widget elementor-widget-spacer\" data-id=\"a4de0dd\" data-element_type=\"widget\" data-e-type=\"widget\" data-widget_type=\"spacer.default\">\n\t\t\t\t<div class=\"elementor-widget-container\">\n\t\t\t\t\t\t\t<div class=\"elementor-spacer\">\n\t\t\t<div class=\"elementor-spacer-inner\"><\/div>\n\t\t<\/div>\n\t\t\t\t\t\t<\/div>\n\t\t\t\t<\/div>\n\t\t\t\t<\/div>\n\t\t\t\t<\/div>\n\t\t","protected":false},"excerpt":{"rendered":"<p>Skandiaverken forma parte de Zephyr Group, el principal distribuidor independiente de recambios y servicios para grandes motores. El Grupo re\u00fane a varias empresas especializadas: Zephyr, PK OEM Parts, Carl Baguhn Hamburgo, Carl Baguhn Barranquilla, Twinco y Skandiaverken. <\/p>\n","protected":false},"author":1,"featured_media":10559,"parent":0,"menu_order":0,"comment_status":"closed","ping_status":"closed","template":"","meta":{"footnotes":""},"class_list":["post-10558","page","type-page","status-publish","has-post-thumbnail","hentry"],"_links":{"self":[{"href":"https:\/\/www.skandiaverken.com\/es\/wp-json\/wp\/v2\/pages\/10558","targetHints":{"allow":["GET"]}}],"collection":[{"href":"https:\/\/www.skandiaverken.com\/es\/wp-json\/wp\/v2\/pages"}],"about":[{"href":"https:\/\/www.skandiaverken.com\/es\/wp-json\/wp\/v2\/types\/page"}],"author":[{"embeddable":true,"href":"https:\/\/www.skandiaverken.com\/es\/wp-json\/wp\/v2\/users\/1"}],"replies":[{"embeddable":true,"href":"https:\/\/www.skandiaverken.com\/es\/wp-json\/wp\/v2\/comments?post=10558"}],"version-history":[{"count":2,"href":"https:\/\/www.skandiaverken.com\/es\/wp-json\/wp\/v2\/pages\/10558\/revisions"}],"predecessor-version":[{"id":10978,"href":"https:\/\/www.skandiaverken.com\/es\/wp-json\/wp\/v2\/pages\/10558\/revisions\/10978"}],"wp:featuredmedia":[{"embeddable":true,"href":"https:\/\/www.skandiaverken.com\/es\/wp-json\/wp\/v2\/media\/10559"}],"wp:attachment":[{"href":"https:\/\/www.skandiaverken.com\/es\/wp-json\/wp\/v2\/media?parent=10558"}],"curies":[{"name":"wp","href":"https:\/\/api.w.org\/{rel}","templated":true}]}}