{"id":10554,"date":"2025-08-11T11:29:44","date_gmt":"2025-08-11T09:29:44","guid":{"rendered":"https:\/\/gold-ibis-155141.hostingersite.com\/historia-de-un-caso\/"},"modified":"2025-12-11T15:16:36","modified_gmt":"2025-12-11T14:16:36","slug":"historia-de-un-caso","status":"publish","type":"page","link":"https:\/\/www.skandiaverken.com\/es\/historia-de-un-caso\/","title":{"rendered":"Historia de un caso"},"content":{"rendered":"\t\t<div data-elementor-type=\"wp-page\" data-elementor-id=\"10554\" class=\"elementor elementor-10554 elementor-8612\" data-elementor-post-type=\"page\">\n\t\t\t\t<div class=\"elementor-element elementor-element-5a2b08e e-con-full e-flex e-con e-parent\" data-id=\"5a2b08e\" data-element_type=\"container\" data-e-type=\"container\">\n\t\t\t\t<\/div>\n\t\t<div class=\"elementor-element elementor-element-512184b e-con-full e-flex e-con e-parent\" data-id=\"512184b\" data-element_type=\"container\" data-e-type=\"container\" data-settings=\"{&quot;background_background&quot;:&quot;classic&quot;}\">\n\t\t<div class=\"elementor-element elementor-element-f5e2195 e-con-full e-flex e-con e-child\" data-id=\"f5e2195\" data-element_type=\"container\" data-e-type=\"container\" data-settings=\"{&quot;position&quot;:&quot;absolute&quot;}\">\n\t\t\t\t<div class=\"elementor-element elementor-element-6eea6f9 elementor-invisible elementor-widget elementor-widget-heading\" data-id=\"6eea6f9\" data-element_type=\"widget\" data-e-type=\"widget\" data-settings=\"{&quot;_animation&quot;:&quot;fadeInDown&quot;}\" data-widget_type=\"heading.default\">\n\t\t\t\t<div class=\"elementor-widget-container\">\n\t\t\t\t\t<h2 class=\"elementor-heading-title elementor-size-default\"><b>HISTORIA DE UN CASO  <\/b><\/h2>\t\t\t\t<\/div>\n\t\t\t\t<\/div>\n\t\t\t\t<div class=\"elementor-element elementor-element-a7afe27 elementor-invisible elementor-widget elementor-widget-text-editor\" data-id=\"a7afe27\" data-element_type=\"widget\" data-e-type=\"widget\" data-settings=\"{&quot;_animation&quot;:&quot;fadeInUp&quot;,&quot;_animation_delay&quot;:0.5}\" data-widget_type=\"text-editor.default\">\n\t\t\t\t<div class=\"elementor-widget-container\">\n\t\t\t\t\t\t\t\t\t<p>Ejemplos de intervenciones con \u00e9xito.<\/p>\t\t\t\t\t\t\t\t<\/div>\n\t\t\t\t<\/div>\n\t\t\t\t<\/div>\n\t\t\t\t<\/div>\n\t\t<div class=\"elementor-element elementor-element-95d7885 e-flex e-con-boxed e-con e-parent\" data-id=\"95d7885\" data-element_type=\"container\" data-e-type=\"container\">\n\t\t\t\t\t<div class=\"e-con-inner\">\n\t\t\t\t<div class=\"elementor-element elementor-element-03a7911 anima-testo-zoom elementor-widget elementor-widget-heading\" data-id=\"03a7911\" data-element_type=\"widget\" data-e-type=\"widget\" data-settings=\"{&quot;_animation&quot;:&quot;none&quot;,&quot;_animation_delay&quot;:200}\" data-widget_type=\"heading.default\">\n\t\t\t\t<div class=\"elementor-widget-container\">\n\t\t\t\t\t<h1 class=\"elementor-heading-title elementor-size-default\"><span class=\"tit-evidenza\">HISTORIA DE CASOS\n <\/span><br><small>ejemplos de intervenciones con \u00e9xito\n<\/small><\/h1>\t\t\t\t<\/div>\n\t\t\t\t<\/div>\n\t\t\t\t<div class=\"elementor-element elementor-element-e962673 elementor-widget elementor-widget-text-editor\" data-id=\"e962673\" data-element_type=\"widget\" data-e-type=\"widget\" data-widget_type=\"text-editor.default\">\n\t\t\t\t<div class=\"elementor-widget-container\">\n\t\t\t\t\t\t\t\t\t<p>La red mundial de servicios de nuestro Zephyr Group ofrece <strong>reparaciones diarias en todo el mundo<\/strong>: desde revisiones hasta fabricaci\u00f3n de cojinetes, instalaciones de motores nuevos y mucho m\u00e1s.<br>Estos proyectos ponen de manifiesto nuestra experiencia t\u00e9cnica, flexibilidad y compromiso para mantener los motores y equipos en funcionamiento de forma fiable. <br>Aqu\u00ed puedes explorar ejemplos de intervenciones realizadas con \u00e9xito en todo el mundo: desde rectificaci\u00f3n de da\u00f1os en cojinetes de generadores y reparaciones de fugas de gases de escape, hasta revisiones generales, mejoras de la inyecci\u00f3n de combustible y sustituciones completas de motores.<\/p>\t\t\t\t\t\t\t\t<\/div>\n\t\t\t\t<\/div>\n\t\t\t\t\t<\/div>\n\t\t\t\t<\/div>\n\t\t<div class=\"elementor-element elementor-element-023e972 e-grid e-con-full e-con e-parent\" data-id=\"023e972\" data-element_type=\"container\" data-e-type=\"container\" data-settings=\"{&quot;animation&quot;:&quot;none&quot;}\">\n\t\t<a class=\"elementor-element elementor-element-13bb895 e-flex e-con-boxed e-con e-child\" data-id=\"13bb895\" data-element_type=\"container\" data-e-type=\"container\" data-settings=\"{&quot;background_background&quot;:&quot;classic&quot;}\" href=\"https:\/\/www.skandiaverken.com\/case-history-generator-bearing-damage-rectification\/\">\n\t\t\t\t\t<div class=\"e-con-inner\">\n\t\t\t\t<div class=\"elementor-element elementor-element-5151ddf elementor-widget elementor-widget-heading\" data-id=\"5151ddf\" data-element_type=\"widget\" data-e-type=\"widget\" data-widget_type=\"heading.default\">\n\t\t\t\t<div class=\"elementor-widget-container\">\n\t\t\t\t\t<h3 class=\"elementor-heading-title elementor-size-default\">Rectificaci\u00f3n de da\u00f1os en los cojinetes del generador<\/h3>\t\t\t\t<\/div>\n\t\t\t\t<\/div>\n\t\t\t\t\t<\/div>\n\t\t\t\t<\/a>\n\t\t<a class=\"elementor-element elementor-element-95a066e e-con-full e-flex e-con e-child\" data-id=\"95a066e\" data-element_type=\"container\" data-e-type=\"container\" data-settings=\"{&quot;background_background&quot;:&quot;classic&quot;}\" href=\"https:\/\/www.skandiaverken.com\/rectification-of-exhaust-gas-leakage-2-stroke-engine\/\">\n\t\t\t\t<div class=\"elementor-element elementor-element-95351ac elementor-widget elementor-widget-heading\" data-id=\"95351ac\" data-element_type=\"widget\" data-e-type=\"widget\" data-widget_type=\"heading.default\">\n\t\t\t\t<div class=\"elementor-widget-container\">\n\t\t\t\t\t<h3 class=\"elementor-heading-title elementor-size-default\">Rectificaci\u00f3n de la fuga de gases de escape - Motor de dos tiempos<\/h3>\t\t\t\t<\/div>\n\t\t\t\t<\/div>\n\t\t\t\t<\/a>\n\t\t<a class=\"elementor-element elementor-element-1f176ca e-con-full e-flex e-con e-child\" data-id=\"1f176ca\" data-element_type=\"container\" data-e-type=\"container\" data-settings=\"{&quot;background_background&quot;:&quot;classic&quot;}\" href=\"https:\/\/www.skandiaverken.com\/phillipines-wartsila-18v46\/\">\n\t\t\t\t<div class=\"elementor-element elementor-element-83086b1 elementor-widget elementor-widget-heading\" data-id=\"83086b1\" data-element_type=\"widget\" data-e-type=\"widget\" data-widget_type=\"heading.default\">\n\t\t\t\t<div class=\"elementor-widget-container\">\n\t\t\t\t\t<h3 class=\"elementor-heading-title elementor-size-default\">\"Phillipines\" W\u00e4rtsila 18V46<\/h3>\t\t\t\t<\/div>\n\t\t\t\t<\/div>\n\t\t\t\t<\/a>\n\t\t<a class=\"elementor-element elementor-element-c8b741d e-con-full e-flex e-con e-child\" data-id=\"c8b741d\" data-element_type=\"container\" data-e-type=\"container\" data-settings=\"{&quot;background_background&quot;:&quot;classic&quot;}\" href=\"https:\/\/www.skandiaverken.com\/geislinger-damper-overhaul-man-bw-8l-48-60-cr\/\">\n\t\t\t\t<div class=\"elementor-element elementor-element-81acb97 elementor-widget elementor-widget-heading\" data-id=\"81acb97\" data-element_type=\"widget\" data-e-type=\"widget\" data-widget_type=\"heading.default\">\n\t\t\t\t<div class=\"elementor-widget-container\">\n\t\t\t\t\t<h3 class=\"elementor-heading-title elementor-size-default\">Revisi\u00f3n de amortiguadores Geislinger MAN B&amp;W 8L 48\/60 CR<\/h3>\t\t\t\t<\/div>\n\t\t\t\t<\/div>\n\t\t\t\t<\/a>\n\t\t<a class=\"elementor-element elementor-element-7f4781a e-con-full e-flex e-con e-child\" data-id=\"7f4781a\" data-element_type=\"container\" data-e-type=\"container\" data-settings=\"{&quot;background_background&quot;:&quot;classic&quot;}\" href=\"https:\/\/www.skandiaverken.com\/oem-compliant-overhaul-process-for-reliable-fuel-injection\/\">\n\t\t\t\t<div class=\"elementor-element elementor-element-546bc8a elementor-widget elementor-widget-heading\" data-id=\"546bc8a\" data-element_type=\"widget\" data-e-type=\"widget\" data-widget_type=\"heading.default\">\n\t\t\t\t<div class=\"elementor-widget-container\">\n\t\t\t\t\t<h3 class=\"elementor-heading-title elementor-size-default\">Proceso de revisi\u00f3n conforme al OEM para una inyecci\u00f3n de combustible fiable<\/h3>\t\t\t\t<\/div>\n\t\t\t\t<\/div>\n\t\t\t\t<\/a>\n\t\t<a class=\"elementor-element elementor-element-1dbfbee e-con-full e-flex e-con e-child\" data-id=\"1dbfbee\" data-element_type=\"container\" data-e-type=\"container\" data-settings=\"{&quot;background_background&quot;:&quot;classic&quot;}\" href=\"https:\/\/www.skandiaverken.com\/oceanica-8-x-bergen-c2533l9p\/\">\n\t\t\t\t<div class=\"elementor-element elementor-element-da7b888 elementor-widget elementor-widget-heading\" data-id=\"da7b888\" data-element_type=\"widget\" data-e-type=\"widget\" data-widget_type=\"heading.default\">\n\t\t\t\t<div class=\"elementor-widget-container\">\n\t\t\t\t\t<h3 class=\"elementor-heading-title elementor-size-default\">\"OCE\u00c1NICA\" 8 x Bergen C25:33L9P<\/h3>\t\t\t\t<\/div>\n\t\t\t\t<\/div>\n\t\t\t\t<\/a>\n\t\t<a class=\"elementor-element elementor-element-b9242a3 e-con-full e-flex e-con e-child\" data-id=\"b9242a3\" data-element_type=\"container\" data-e-type=\"container\" data-settings=\"{&quot;background_background&quot;:&quot;classic&quot;}\" href=\"https:\/\/www.skandiaverken.com\/5-diesel-generators-installation-on-fv-isafold\/\">\n\t\t\t\t<div class=\"elementor-element elementor-element-f5a32f3 elementor-widget elementor-widget-heading\" data-id=\"f5a32f3\" data-element_type=\"widget\" data-e-type=\"widget\" data-widget_type=\"heading.default\">\n\t\t\t\t<div class=\"elementor-widget-container\">\n\t\t\t\t\t<h3 class=\"elementor-heading-title elementor-size-default\">Instalaci\u00f3n de 5 Generadores Diesel en el FV ISAFOLD (Astillero Zamakona C-799)<\/h3>\t\t\t\t<\/div>\n\t\t\t\t<\/div>\n\t\t\t\t<\/a>\n\t\t<a class=\"elementor-element elementor-element-35b2ba2 e-con-full e-flex e-con e-child\" data-id=\"35b2ba2\" data-element_type=\"container\" data-e-type=\"container\" data-settings=\"{&quot;background_background&quot;:&quot;classic&quot;}\" href=\"https:\/\/www.skandiaverken.com\/crankshaft-and-engine-block-replacement-on-ayanmar-6ey18alw\/\">\n\t\t\t\t<div class=\"elementor-element elementor-element-1565724 elementor-widget elementor-widget-heading\" data-id=\"1565724\" data-element_type=\"widget\" data-e-type=\"widget\" data-widget_type=\"heading.default\">\n\t\t\t\t<div class=\"elementor-widget-container\">\n\t\t\t\t\t<h3 class=\"elementor-heading-title elementor-size-default\">Sustituci\u00f3n del cig\u00fce\u00f1al y el bloque motor de un(YANMAR 6EY18ALW)<\/h3>\t\t\t\t<\/div>\n\t\t\t\t<\/div>\n\t\t\t\t<\/a>\n\t\t<a class=\"elementor-element elementor-element-3af8702 e-con-full e-flex e-con e-child\" data-id=\"3af8702\" data-element_type=\"container\" data-e-type=\"container\" data-settings=\"{&quot;background_background&quot;:&quot;classic&quot;}\" href=\"https:\/\/www.skandiaverken.com\/major-overhaul-man-stx-6l32-40\/\">\n\t\t\t\t<div class=\"elementor-element elementor-element-15a9575 elementor-widget elementor-widget-heading\" data-id=\"15a9575\" data-element_type=\"widget\" data-e-type=\"widget\" data-widget_type=\"heading.default\">\n\t\t\t\t<div class=\"elementor-widget-container\">\n\t\t\t\t\t<h3 class=\"elementor-heading-title elementor-size-default\">Revisi\u00f3n general MAN STX 6L32\/40<\/h3>\t\t\t\t<\/div>\n\t\t\t\t<\/div>\n\t\t\t\t<\/a>\n\t\t<a class=\"elementor-element elementor-element-3f030cc e-con-full e-flex e-con e-child\" data-id=\"3f030cc\" data-element_type=\"container\" data-e-type=\"container\" data-settings=\"{&quot;background_background&quot;:&quot;classic&quot;}\" href=\"https:\/\/www.skandiaverken.com\/man-8l-28-32h-crankshaft-replacementmv-autumn-steam\/\">\n\t\t\t\t<div class=\"elementor-element elementor-element-7c1450b elementor-widget elementor-widget-heading\" data-id=\"7c1450b\" data-element_type=\"widget\" data-e-type=\"widget\" data-widget_type=\"heading.default\">\n\t\t\t\t<div class=\"elementor-widget-container\">\n\t\t\t\t\t<h3 class=\"elementor-heading-title elementor-size-default\">Cig\u00fce\u00f1al de recambio MAN 8L 28\/32H\nMV AUTUMN STEAM (SEATRDE)<\/h3>\t\t\t\t<\/div>\n\t\t\t\t<\/div>\n\t\t\t\t<\/a>\n\t\t\t\t<\/div>\n\t\t\t\t<\/div>\n\t\t","protected":false},"excerpt":{"rendered":"<p>HISTORIA DE UN CASO Ejemplos de intervenciones con \u00e9xito. HISTORIA DE CASOS ejemplos de intervenciones con \u00e9xito La red mundial de servicios de nuestro Zephyr Group ofrece reparaciones diarias en todo el mundo: desde revisiones hasta fabricaci\u00f3n de cojinetes, instalaciones de motores nuevos y mucho m\u00e1s.Estos proyectos ponen de manifiesto nuestra experiencia t\u00e9cnica, flexibilidad y [&hellip;]<\/p>\n","protected":false},"author":1,"featured_media":10325,"parent":0,"menu_order":0,"comment_status":"closed","ping_status":"closed","template":"","meta":{"footnotes":""},"class_list":["post-10554","page","type-page","status-publish","has-post-thumbnail","hentry"],"_links":{"self":[{"href":"https:\/\/www.skandiaverken.com\/es\/wp-json\/wp\/v2\/pages\/10554","targetHints":{"allow":["GET"]}}],"collection":[{"href":"https:\/\/www.skandiaverken.com\/es\/wp-json\/wp\/v2\/pages"}],"about":[{"href":"https:\/\/www.skandiaverken.com\/es\/wp-json\/wp\/v2\/types\/page"}],"author":[{"embeddable":true,"href":"https:\/\/www.skandiaverken.com\/es\/wp-json\/wp\/v2\/users\/1"}],"replies":[{"embeddable":true,"href":"https:\/\/www.skandiaverken.com\/es\/wp-json\/wp\/v2\/comments?post=10554"}],"version-history":[{"count":1,"href":"https:\/\/www.skandiaverken.com\/es\/wp-json\/wp\/v2\/pages\/10554\/revisions"}],"predecessor-version":[{"id":10557,"href":"https:\/\/www.skandiaverken.com\/es\/wp-json\/wp\/v2\/pages\/10554\/revisions\/10557"}],"wp:featuredmedia":[{"embeddable":true,"href":"https:\/\/www.skandiaverken.com\/es\/wp-json\/wp\/v2\/media\/10325"}],"wp:attachment":[{"href":"https:\/\/www.skandiaverken.com\/es\/wp-json\/wp\/v2\/media?parent=10554"}],"curies":[{"name":"wp","href":"https:\/\/api.w.org\/{rel}","templated":true}]}}