{"id":10529,"date":"2025-08-07T12:23:58","date_gmt":"2025-08-07T10:23:58","guid":{"rendered":"https:\/\/gold-ibis-155141.hostingersite.com\/recambios-para-motores-de-cuatro-tiempos\/"},"modified":"2025-12-15T14:58:29","modified_gmt":"2025-12-15T13:58:29","slug":"recambios-para-motores-de-cuatro-tiempos","status":"publish","type":"page","link":"https:\/\/www.skandiaverken.com\/es\/recambios-para-motores-de-cuatro-tiempos\/","title":{"rendered":"Recambios para motores<br>de cuatro tiempos"},"content":{"rendered":"\t\t<div data-elementor-type=\"wp-page\" data-elementor-id=\"10529\" class=\"elementor elementor-10529 elementor-7936\" data-elementor-post-type=\"page\">\n\t\t\t\t<div class=\"elementor-element elementor-element-4777a1b e-con-full e-flex e-con e-parent\" data-id=\"4777a1b\" data-element_type=\"container\" data-e-type=\"container\">\n\t\t\t\t<\/div>\n\t\t<div class=\"elementor-element elementor-element-1a9d406 e-con-full e-flex e-con e-parent\" data-id=\"1a9d406\" data-element_type=\"container\" data-e-type=\"container\" data-settings=\"{&quot;background_background&quot;:&quot;classic&quot;}\">\n\t\t<div class=\"elementor-element elementor-element-72a2839 e-con-full e-flex e-con e-child\" data-id=\"72a2839\" data-element_type=\"container\" data-e-type=\"container\" data-settings=\"{&quot;position&quot;:&quot;absolute&quot;}\">\n\t\t\t\t<div class=\"elementor-element elementor-element-04990ad elementor-invisible elementor-widget elementor-widget-heading\" data-id=\"04990ad\" data-element_type=\"widget\" data-e-type=\"widget\" data-settings=\"{&quot;_animation&quot;:&quot;fadeInDown&quot;}\" data-widget_type=\"heading.default\">\n\t\t\t\t<div class=\"elementor-widget-container\">\n\t\t\t\t\t<h2 class=\"elementor-heading-title elementor-size-default\"><b>RECAMBIOS <\/b><br>Para motores marinos de cuatro tiempos<\/b><\/h2>\t\t\t\t<\/div>\n\t\t\t\t<\/div>\n\t\t\t\t<div class=\"elementor-element elementor-element-71d9a00 elementor-invisible elementor-widget elementor-widget-text-editor\" data-id=\"71d9a00\" data-element_type=\"widget\" data-e-type=\"widget\" data-settings=\"{&quot;_animation&quot;:&quot;fadeInUp&quot;,&quot;_animation_delay&quot;:0.5}\" data-widget_type=\"text-editor.default\">\n\t\t\t\t<div class=\"elementor-widget-container\">\n\t\t\t\t\t\t\t\t\t<p>Piezas de recambio de alta calidad para motores marinos di\u00e9sel de cuatro tiempos.<\/p>\t\t\t\t\t\t\t\t<\/div>\n\t\t\t\t<\/div>\n\t\t\t\t<\/div>\n\t\t\t\t<\/div>\n\t\t<div class=\"elementor-element elementor-element-d0e5741 e-flex e-con-boxed e-con e-parent\" data-id=\"d0e5741\" data-element_type=\"container\" data-e-type=\"container\">\n\t\t\t\t\t<div class=\"e-con-inner\">\n\t\t\t\t<div class=\"elementor-element elementor-element-5ba0004 anima-testo-zoom elementor-widget elementor-widget-heading\" data-id=\"5ba0004\" data-element_type=\"widget\" data-e-type=\"widget\" data-settings=\"{&quot;_animation&quot;:&quot;none&quot;,&quot;_animation_delay&quot;:200}\" data-widget_type=\"heading.default\">\n\t\t\t\t<div class=\"elementor-widget-container\">\n\t\t\t\t\t<h1 class=\"elementor-heading-title elementor-size-default\"><span class=\"tit-evidenza\">RECAMBIOS <\/span><br><small>Para motores marinos de cuatro tiempos<\/small><\/h1>\t\t\t\t<\/div>\n\t\t\t\t<\/div>\n\t\t\t\t<div class=\"elementor-element elementor-element-08b4f90 elementor-invisible elementor-widget elementor-widget-text-editor\" data-id=\"08b4f90\" data-element_type=\"widget\" data-e-type=\"widget\" data-settings=\"{&quot;_animation&quot;:&quot;fadeIn&quot;,&quot;_animation_delay&quot;:300}\" data-widget_type=\"text-editor.default\">\n\t\t\t\t<div class=\"elementor-widget-container\">\n\t\t\t\t\t\t\t\t\t<p>En <strong>Skandiaverken<\/strong>, mantenemos un amplio stock de piezas de repuesto que se inspeccionan individualmente con meticulosa atenci\u00f3n al detalle, lo que garantiza tanto una calidad de primer nivel como unos tiempos de respuesta r\u00e1pidos.<\/p>\t\t\t\t\t\t\t\t<\/div>\n\t\t\t\t<\/div>\n\t\t\t\t\t<\/div>\n\t\t\t\t<\/div>\n\t\t<div class=\"elementor-element elementor-element-0159225 e-grid e-con-boxed e-con e-parent\" data-id=\"0159225\" data-element_type=\"container\" data-e-type=\"container\">\n\t\t\t\t\t<div class=\"e-con-inner\">\n\t\t<div class=\"elementor-element elementor-element-0656509 e-grid e-con-full e-con e-child\" data-id=\"0656509\" data-element_type=\"container\" data-e-type=\"container\">\n\t\t<div class=\"elementor-element elementor-element-87996c6 e-con-full e-flex e-con e-child\" data-id=\"87996c6\" data-element_type=\"container\" data-e-type=\"container\" data-settings=\"{&quot;background_background&quot;:&quot;classic&quot;}\">\n\t\t\t\t<\/div>\n\t\t<div class=\"elementor-element elementor-element-d088cac e-con-full e-flex e-con e-child\" data-id=\"d088cac\" data-element_type=\"container\" data-e-type=\"container\" data-settings=\"{&quot;background_background&quot;:&quot;classic&quot;}\">\n\t\t\t\t<\/div>\n\t\t\t\t<\/div>\n\t\t<div class=\"elementor-element elementor-element-4f953b0 e-con-full e-flex e-con e-child\" data-id=\"4f953b0\" data-element_type=\"container\" data-e-type=\"container\">\n\t\t\t\t<div class=\"elementor-element elementor-element-c258891 elementor-invisible elementor-widget elementor-widget-text-editor\" data-id=\"c258891\" data-element_type=\"widget\" data-e-type=\"widget\" data-settings=\"{&quot;_animation&quot;:&quot;fadeIn&quot;,&quot;_animation_delay&quot;:300}\" data-widget_type=\"text-editor.default\">\n\t\t\t\t<div class=\"elementor-widget-container\">\n\t\t\t\t\t\t\t\t\t<p>Suministramos<strong> piezas de recambio<\/strong> de alta calidad<strong> para motores marinos di\u00e9sel de cuatro tiempos<\/strong>, especialmente <strong>adecuadas para motores de tipo MAN<\/strong>. Aunque no fabricamos bajo licencia oficial, nuestra amplia experiencia y conocimientos t\u00e9cnicos nos permiten producir y suministrar piezas de recambio de calidad original. <\/p><p>Con m\u00e1s de 150 a\u00f1os de experiencia en el mantenimiento de motores marinos, podemos fabricar y suministrar piezas de recambio autorizadas. Nuestro amplio inventario nos permite ofrecer soluciones r\u00e1pidas y env\u00edos inmediatos, desde consumibles hasta componentes principales como <g id=\"gid_0\">camisas<\/g> y <g id=\"gid_1\">culatas<\/g>. Cubrimos hasta el 95% de las piezas necesarias para estos motores.  <\/p><p>Todos los componentes cr\u00edticos vienen con Certificaci\u00f3n de Clase y cumplen plenamente las normas de la industria marina. Cada pieza de repuesto est\u00e1 respaldada por una garant\u00eda de 12 meses de Skandiaverken, lo que garantiza fiabilidad y tranquilidad. <\/p>\t\t\t\t\t\t\t\t<\/div>\n\t\t\t\t<\/div>\n\t\t\t\t<\/div>\n\t\t\t\t\t<\/div>\n\t\t\t\t<\/div>\n\t\t<div class=\"elementor-element elementor-element-2e2f21a e-flex e-con-boxed e-con e-parent\" data-id=\"2e2f21a\" data-element_type=\"container\" data-e-type=\"container\">\n\t\t\t\t\t<div class=\"e-con-inner\">\n\t\t\t\t<div class=\"elementor-element elementor-element-0f0ffa9 elementor-widget elementor-widget-gallery\" data-id=\"0f0ffa9\" data-element_type=\"widget\" data-e-type=\"widget\" data-settings=\"{&quot;gallery_layout&quot;:&quot;masonry&quot;,&quot;columns&quot;:3,&quot;lazyload&quot;:&quot;yes&quot;,&quot;columns_tablet&quot;:2,&quot;columns_mobile&quot;:1,&quot;gap&quot;:{&quot;unit&quot;:&quot;px&quot;,&quot;size&quot;:10,&quot;sizes&quot;:[]},&quot;gap_laptop&quot;:{&quot;unit&quot;:&quot;px&quot;,&quot;size&quot;:10,&quot;sizes&quot;:[]},&quot;gap_tablet_extra&quot;:{&quot;unit&quot;:&quot;px&quot;,&quot;size&quot;:10,&quot;sizes&quot;:[]},&quot;gap_tablet&quot;:{&quot;unit&quot;:&quot;px&quot;,&quot;size&quot;:10,&quot;sizes&quot;:[]},&quot;gap_mobile_extra&quot;:{&quot;unit&quot;:&quot;px&quot;,&quot;size&quot;:10,&quot;sizes&quot;:[]},&quot;gap_mobile&quot;:{&quot;unit&quot;:&quot;px&quot;,&quot;size&quot;:10,&quot;sizes&quot;:[]},&quot;link_to&quot;:&quot;file&quot;,&quot;overlay_background&quot;:&quot;yes&quot;,&quot;content_hover_animation&quot;:&quot;fade-in&quot;}\" data-widget_type=\"gallery.default\">\n\t\t\t\t<div class=\"elementor-widget-container\">\n\t\t\t\t\t\t\t<div class=\"elementor-gallery__container\">\n\t\t\t\t\t\t\t<a class=\"e-gallery-item elementor-gallery-item elementor-animated-content\" href=\"https:\/\/www.skandiaverken.com\/wp-content\/uploads\/2025\/10\/4Strokes01-1.webp\" data-elementor-open-lightbox=\"yes\" data-elementor-lightbox-slideshow=\"0f0ffa9\" data-elementor-lightbox-title=\"4 Golpes\" data-e-action-hash=\"#elementor-action%3Aaction%3Dlightbox%26settings%3DeyJpZCI6MTA1NDcsInVybCI6Imh0dHBzOlwvXC93d3cuc2thbmRpYXZlcmtlbi5jb21cL3dwLWNvbnRlbnRcL3VwbG9hZHNcLzIwMjVcLzEwXC80U3Ryb2tlczAxLTEud2VicCIsInNsaWRlc2hvdyI6IjBmMGZmYTkifQ%3D%3D\">\n\t\t\t\t\t<div class=\"e-gallery-image elementor-gallery-item__image\" data-thumbnail=\"https:\/\/www.skandiaverken.com\/wp-content\/uploads\/2025\/10\/4Strokes01-1.webp\" data-width=\"1000\" data-height=\"667\" aria-label=\"N\u00facleo de v\u00e1lvula de aire acondicionado plateado con cuatro puertos. Pieza de autom\u00f3vil para sistemas de aire acondicionado. \" role=\"img\" ><\/div>\n\t\t\t\t\t\t\t\t\t\t\t<div class=\"elementor-gallery-item__overlay\"><\/div>\n\t\t\t\t\t\t\t\t\t\t\t\t\t\t<\/a>\n\t\t\t\t\t\t\t<a class=\"e-gallery-item elementor-gallery-item elementor-animated-content\" href=\"https:\/\/www.skandiaverken.com\/wp-content\/uploads\/2025\/10\/4Strokes03.webp\" data-elementor-open-lightbox=\"yes\" data-elementor-lightbox-slideshow=\"0f0ffa9\" data-elementor-lightbox-title=\"4 Golpes\" data-e-action-hash=\"#elementor-action%3Aaction%3Dlightbox%26settings%3DeyJpZCI6MTA1NDgsInVybCI6Imh0dHBzOlwvXC93d3cuc2thbmRpYXZlcmtlbi5jb21cL3dwLWNvbnRlbnRcL3VwbG9hZHNcLzIwMjVcLzEwXC80U3Ryb2tlczAzLndlYnAiLCJzbGlkZXNob3ciOiIwZjBmZmE5In0%3D\">\n\t\t\t\t\t<div class=\"e-gallery-image elementor-gallery-item__image\" data-thumbnail=\"https:\/\/www.skandiaverken.com\/wp-content\/uploads\/2025\/10\/4Strokes03.webp\" data-width=\"1000\" data-height=\"667\" aria-label=\"Una biela. Un componente met\u00e1lico utilizado en motores. \" role=\"img\" ><\/div>\n\t\t\t\t\t\t\t\t\t\t\t<div class=\"elementor-gallery-item__overlay\"><\/div>\n\t\t\t\t\t\t\t\t\t\t\t\t\t\t<\/a>\n\t\t\t\t\t\t\t<a class=\"e-gallery-item elementor-gallery-item elementor-animated-content\" href=\"https:\/\/www.skandiaverken.com\/wp-content\/uploads\/2025\/10\/4Strokes02-1.webp\" data-elementor-open-lightbox=\"yes\" data-elementor-lightbox-slideshow=\"0f0ffa9\" data-elementor-lightbox-title=\"4 Golpes\" data-e-action-hash=\"#elementor-action%3Aaction%3Dlightbox%26settings%3DeyJpZCI6MTA1NDksInVybCI6Imh0dHBzOlwvXC93d3cuc2thbmRpYXZlcmtlbi5jb21cL3dwLWNvbnRlbnRcL3VwbG9hZHNcLzIwMjVcLzEwXC80U3Ryb2tlczAyLTEud2VicCIsInNsaWRlc2hvdyI6IjBmMGZmYTkifQ%3D%3D\">\n\t\t\t\t\t<div class=\"e-gallery-image elementor-gallery-item__image\" data-thumbnail=\"https:\/\/www.skandiaverken.com\/wp-content\/uploads\/2025\/10\/4Strokes02-1.webp\" data-width=\"1000\" data-height=\"667\" aria-label=\"Una placa met\u00e1lica con orificios y pernos de distintos tama\u00f1os. La placa tiene una forma \u00fanica con m\u00faltiples orificios perforados. \" role=\"img\" ><\/div>\n\t\t\t\t\t\t\t\t\t\t\t<div class=\"elementor-gallery-item__overlay\"><\/div>\n\t\t\t\t\t\t\t\t\t\t\t\t\t\t<\/a>\n\t\t\t\t\t\t\t<a class=\"e-gallery-item elementor-gallery-item elementor-animated-content\" href=\"https:\/\/www.skandiaverken.com\/wp-content\/uploads\/2025\/10\/4Strokes04.webp\" data-elementor-open-lightbox=\"yes\" data-elementor-lightbox-slideshow=\"0f0ffa9\" data-elementor-lightbox-title=\"4 Golpes\" data-e-action-hash=\"#elementor-action%3Aaction%3Dlightbox%26settings%3DeyJpZCI6MTA1NTAsInVybCI6Imh0dHBzOlwvXC93d3cuc2thbmRpYXZlcmtlbi5jb21cL3dwLWNvbnRlbnRcL3VwbG9hZHNcLzIwMjVcLzEwXC80U3Ryb2tlczA0LndlYnAiLCJzbGlkZXNob3ciOiIwZjBmZmE5In0%3D\">\n\t\t\t\t\t<div class=\"e-gallery-image elementor-gallery-item__image\" data-thumbnail=\"https:\/\/www.skandiaverken.com\/wp-content\/uploads\/2025\/10\/4Strokes04.webp\" data-width=\"1000\" data-height=\"1500\" aria-label=\"Un objeto met\u00e1lico con un cuerpo cil\u00edndrico y m\u00faltiples anillos. El objeto parece estar hecho de metal. \" role=\"img\" ><\/div>\n\t\t\t\t\t\t\t\t\t\t\t<div class=\"elementor-gallery-item__overlay\"><\/div>\n\t\t\t\t\t\t\t\t\t\t\t\t\t\t<\/a>\n\t\t\t\t\t\t\t<a class=\"e-gallery-item elementor-gallery-item elementor-animated-content\" href=\"https:\/\/www.skandiaverken.com\/wp-content\/uploads\/2025\/10\/4Strokes05.webp\" data-elementor-open-lightbox=\"yes\" data-elementor-lightbox-slideshow=\"0f0ffa9\" data-elementor-lightbox-title=\"4 Golpes\" data-e-action-hash=\"#elementor-action%3Aaction%3Dlightbox%26settings%3DeyJpZCI6MTA1NTEsInVybCI6Imh0dHBzOlwvXC93d3cuc2thbmRpYXZlcmtlbi5jb21cL3dwLWNvbnRlbnRcL3VwbG9hZHNcLzIwMjVcLzEwXC80U3Ryb2tlczA1LndlYnAiLCJzbGlkZXNob3ciOiIwZjBmZmE5In0%3D\">\n\t\t\t\t\t<div class=\"e-gallery-image elementor-gallery-item__image\" data-thumbnail=\"https:\/\/www.skandiaverken.com\/wp-content\/uploads\/2025\/10\/4Strokes05.webp\" data-width=\"1000\" data-height=\"1500\" aria-label=\"Un objeto de acero inoxidable con una base redonda y una parte superior circular empotrada.\" role=\"img\" ><\/div>\n\t\t\t\t\t\t\t\t\t\t\t<div class=\"elementor-gallery-item__overlay\"><\/div>\n\t\t\t\t\t\t\t\t\t\t\t\t\t\t<\/a>\n\t\t\t\t\t\t\t<a class=\"e-gallery-item elementor-gallery-item elementor-animated-content\" href=\"https:\/\/www.skandiaverken.com\/wp-content\/uploads\/2025\/10\/4Strokes06.webp\" data-elementor-open-lightbox=\"yes\" data-elementor-lightbox-slideshow=\"0f0ffa9\" data-elementor-lightbox-title=\"4 Golpes\" data-e-action-hash=\"#elementor-action%3Aaction%3Dlightbox%26settings%3DeyJpZCI6MTA1NTIsInVybCI6Imh0dHBzOlwvXC93d3cuc2thbmRpYXZlcmtlbi5jb21cL3dwLWNvbnRlbnRcL3VwbG9hZHNcLzIwMjVcLzEwXC80U3Ryb2tlczA2LndlYnAiLCJzbGlkZXNob3ciOiIwZjBmZmE5In0%3D\">\n\t\t\t\t\t<div class=\"e-gallery-image elementor-gallery-item__image\" data-thumbnail=\"https:\/\/www.skandiaverken.com\/wp-content\/uploads\/2025\/10\/4Strokes06.webp\" data-width=\"1000\" data-height=\"1500\" aria-label=\"V\u00e1stago de v\u00e1lvula para motor, componente met\u00e1lico. Pieza de autom\u00f3vil. \" role=\"img\" ><\/div>\n\t\t\t\t\t\t\t\t\t\t\t<div class=\"elementor-gallery-item__overlay\"><\/div>\n\t\t\t\t\t\t\t\t\t\t\t\t\t\t<\/a>\n\t\t\t\t\t<\/div>\n\t\t\t\t\t<\/div>\n\t\t\t\t<\/div>\n\t\t\t\t\t<\/div>\n\t\t\t\t<\/div>\n\t\t\t\t<\/div>\n\t\t","protected":false},"excerpt":{"rendered":"<p>Skandiaverken suministra piezas de repuesto de alta calidad para motores marinos de cuatro tiempos, especialmente de tipo MAN. Con m\u00e1s de 150 a\u00f1os de experiencia, ofrecemos una entrega r\u00e1pida a partir de un amplio inventario que cubre hasta el 95% de las piezas necesarias. <\/p>\n","protected":false},"author":1,"featured_media":10546,"parent":0,"menu_order":0,"comment_status":"closed","ping_status":"closed","template":"","meta":{"footnotes":""},"class_list":["post-10529","page","type-page","status-publish","has-post-thumbnail","hentry"],"_links":{"self":[{"href":"https:\/\/www.skandiaverken.com\/es\/wp-json\/wp\/v2\/pages\/10529","targetHints":{"allow":["GET"]}}],"collection":[{"href":"https:\/\/www.skandiaverken.com\/es\/wp-json\/wp\/v2\/pages"}],"about":[{"href":"https:\/\/www.skandiaverken.com\/es\/wp-json\/wp\/v2\/types\/page"}],"author":[{"embeddable":true,"href":"https:\/\/www.skandiaverken.com\/es\/wp-json\/wp\/v2\/users\/1"}],"replies":[{"embeddable":true,"href":"https:\/\/www.skandiaverken.com\/es\/wp-json\/wp\/v2\/comments?post=10529"}],"version-history":[{"count":6,"href":"https:\/\/www.skandiaverken.com\/es\/wp-json\/wp\/v2\/pages\/10529\/revisions"}],"predecessor-version":[{"id":10979,"href":"https:\/\/www.skandiaverken.com\/es\/wp-json\/wp\/v2\/pages\/10529\/revisions\/10979"}],"wp:featuredmedia":[{"embeddable":true,"href":"https:\/\/www.skandiaverken.com\/es\/wp-json\/wp\/v2\/media\/10546"}],"wp:attachment":[{"href":"https:\/\/www.skandiaverken.com\/es\/wp-json\/wp\/v2\/media?parent=10529"}],"curies":[{"name":"wp","href":"https:\/\/api.w.org\/{rel}","templated":true}]}}