{"id":10502,"date":"2025-08-07T11:34:07","date_gmt":"2025-08-07T09:34:07","guid":{"rendered":"https:\/\/gold-ibis-155141.hostingersite.com\/recambios-para-motores-marinos-de-dos-tiempos\/"},"modified":"2025-12-11T15:02:31","modified_gmt":"2025-12-11T14:02:31","slug":"recambios-para-motores-marinos-de-dos-tiempos","status":"publish","type":"page","link":"https:\/\/www.skandiaverken.com\/es\/recambios-para-motores-marinos-de-dos-tiempos\/","title":{"rendered":"Recambios para motores marinos de dos tiempos"},"content":{"rendered":"\t\t<div data-elementor-type=\"wp-page\" data-elementor-id=\"10502\" class=\"elementor elementor-10502 elementor-7854\" data-elementor-post-type=\"page\">\n\t\t\t\t<div class=\"elementor-element elementor-element-3f2c517 e-con-full e-flex e-con e-parent\" data-id=\"3f2c517\" data-element_type=\"container\">\n\t\t\t\t<\/div>\n\t\t<div class=\"elementor-element elementor-element-e018fec e-con-full e-flex e-con e-parent\" data-id=\"e018fec\" data-element_type=\"container\" data-settings=\"{&quot;background_background&quot;:&quot;classic&quot;}\">\n\t\t<div class=\"elementor-element elementor-element-783bd0c e-con-full e-flex e-con e-child\" data-id=\"783bd0c\" data-element_type=\"container\" data-settings=\"{&quot;position&quot;:&quot;absolute&quot;}\">\n\t\t\t\t<div class=\"elementor-element elementor-element-262f272 elementor-invisible elementor-widget elementor-widget-heading\" data-id=\"262f272\" data-element_type=\"widget\" data-settings=\"{&quot;_animation&quot;:&quot;fadeInDown&quot;}\" data-widget_type=\"heading.default\">\n\t\t\t\t<div class=\"elementor-widget-container\">\n\t\t\t\t\t<h2 class=\"elementor-heading-title elementor-size-default\"><b>RECAMBIOS <\/b><br>Para motores marinos de dos tiempos <br><\/b><\/h2>\t\t\t\t<\/div>\n\t\t\t\t<\/div>\n\t\t\t\t<div class=\"elementor-element elementor-element-eb01aa0 elementor-invisible elementor-widget elementor-widget-text-editor\" data-id=\"eb01aa0\" data-element_type=\"widget\" data-settings=\"{&quot;_animation&quot;:&quot;fadeInUp&quot;,&quot;_animation_delay&quot;:0.5}\" data-widget_type=\"text-editor.default\">\n\t\t\t\t<div class=\"elementor-widget-container\">\n\t\t\t\t\t\t\t\t\t<p>Piezas de recambio de alta calidad para motores marinos di\u00e9sel de dos tiempos.<\/p>\t\t\t\t\t\t\t\t<\/div>\n\t\t\t\t<\/div>\n\t\t\t\t<\/div>\n\t\t\t\t<\/div>\n\t\t<div class=\"elementor-element elementor-element-220787c e-flex e-con-boxed e-con e-parent\" data-id=\"220787c\" data-element_type=\"container\">\n\t\t\t\t\t<div class=\"e-con-inner\">\n\t\t\t\t<div class=\"elementor-element elementor-element-2b58645 anima-testo-zoom elementor-widget elementor-widget-heading\" data-id=\"2b58645\" data-element_type=\"widget\" data-settings=\"{&quot;_animation&quot;:&quot;none&quot;,&quot;_animation_delay&quot;:200}\" data-widget_type=\"heading.default\">\n\t\t\t\t<div class=\"elementor-widget-container\">\n\t\t\t\t\t<h1 class=\"elementor-heading-title elementor-size-default\"><span class=\"tit-evidenza\">RECAMBIOS <\/span><br><small>Para motores marinos de dos tiempos<\/small><\/h1>\t\t\t\t<\/div>\n\t\t\t\t<\/div>\n\t\t\t\t<div class=\"elementor-element elementor-element-5d1954a elementor-invisible elementor-widget elementor-widget-text-editor\" data-id=\"5d1954a\" data-element_type=\"widget\" data-settings=\"{&quot;_animation&quot;:&quot;fadeIn&quot;,&quot;_animation_delay&quot;:300}\" data-widget_type=\"text-editor.default\">\n\t\t\t\t<div class=\"elementor-widget-container\">\n\t\t\t\t\t\t\t\t\t<p>En <strong>Skandiaverken<\/strong>, mantenemos un amplio stock de piezas de repuesto que se inspeccionan individualmente con la m\u00e1xima atenci\u00f3n al detalle, lo que garantiza una alta calidad y tiempos de respuesta r\u00e1pidos.<\/p>\t\t\t\t\t\t\t\t<\/div>\n\t\t\t\t<\/div>\n\t\t\t\t\t<\/div>\n\t\t\t\t<\/div>\n\t\t<div class=\"elementor-element elementor-element-bf2c12f e-grid e-con-boxed e-con e-parent\" data-id=\"bf2c12f\" data-element_type=\"container\">\n\t\t\t\t\t<div class=\"e-con-inner\">\n\t\t\t\t<div class=\"elementor-element elementor-element-794a575 elementor-widget elementor-widget-image\" data-id=\"794a575\" data-element_type=\"widget\" data-widget_type=\"image.default\">\n\t\t\t\t<div class=\"elementor-widget-container\">\n\t\t\t\t\t\t\t\t\t\t\t\t\t\t\t<img fetchpriority=\"high\" decoding=\"async\" width=\"1000\" height=\"667\" src=\"https:\/\/www.skandiaverken.com\/wp-content\/uploads\/2025\/10\/2Strokes01.webp\" class=\"attachment-full size-full wp-image-10518\" alt=\"Piezas de repuesto para motores mar\u00edtimos y de centrales el\u00e9ctricas, anillo de sellado y componentes met\u00e1licos.\" srcset=\"https:\/\/www.skandiaverken.com\/wp-content\/uploads\/2025\/10\/2Strokes01.webp 1000w, https:\/\/www.skandiaverken.com\/wp-content\/uploads\/2025\/10\/2Strokes01-300x200.webp 300w, https:\/\/www.skandiaverken.com\/wp-content\/uploads\/2025\/10\/2Strokes01-768x512.webp 768w\" sizes=\"(max-width: 1000px) 100vw, 1000px\" \/>\t\t\t\t\t\t\t\t\t\t\t\t\t\t\t<\/div>\n\t\t\t\t<\/div>\n\t\t<div class=\"elementor-element elementor-element-4629e7d e-con-full e-flex e-con e-child\" data-id=\"4629e7d\" data-element_type=\"container\">\n\t\t\t\t<div class=\"elementor-element elementor-element-a57ae98 elementor-invisible elementor-widget elementor-widget-heading\" data-id=\"a57ae98\" data-element_type=\"widget\" data-settings=\"{&quot;_animation&quot;:&quot;fadeIn&quot;}\" data-widget_type=\"heading.default\">\n\t\t\t\t<div class=\"elementor-widget-container\">\n\t\t\t\t\t<h2 class=\"elementor-heading-title elementor-size-default\">Recambios en stock para motores de dos tiempos<\/h2>\t\t\t\t<\/div>\n\t\t\t\t<\/div>\n\t\t\t\t<div class=\"elementor-element elementor-element-bace2c0 elementor-invisible elementor-widget elementor-widget-text-editor\" data-id=\"bace2c0\" data-element_type=\"widget\" data-settings=\"{&quot;_animation&quot;:&quot;fadeIn&quot;,&quot;_animation_delay&quot;:300}\" data-widget_type=\"text-editor.default\">\n\t\t\t\t<div class=\"elementor-widget-container\">\n\t\t\t\t\t\t\t\t\t<p>Suministramos <strong>piezas de recambio de alta calidad para motores marinos di\u00e9sel de dos tiempos<\/strong> a los precios m\u00e1s competitivos. Gracias a nuestra amplia experiencia y conocimientos t\u00e9cnicos, podemos fabricar y suministrar piezas de repuesto compatibles con los tipos de motores <strong>MAN <\/strong>y <strong>Sulzer<\/strong>. <\/p><p>Con m\u00e1s de <strong>150 a\u00f1os de experiencia<\/strong> en el sector marino, ahora tambi\u00e9n somos capaces de producir <strong>piezas de recambio autorizadas<\/strong> para los principales fabricantes de motores marinos. Muchos de nuestros componentes cr\u00edticos <strong>tienen certificaci\u00f3n de clase<\/strong> y cumplen plenamente <strong>los requisitos SOLAS<\/strong>, lo que garantiza la m\u00e1xima seguridad y fiabilidad. <\/p><p>Nuestro amplio inventario permite soluciones r\u00e1pidas y <strong>env\u00edos inmediatos<\/strong>, desde consumibles b\u00e1sicos hasta componentes principales como <strong>camisas<\/strong> y <strong>culatas<\/strong>. Nuestras existencias cubren aproximadamente <strong>el 70% de los recambios m\u00e1s solicitados<\/strong>. <\/p><p>Todas las piezas de repuesto tienen <strong>12 meses de garant\u00eda<\/strong> de Skandiaverken.<\/p>\t\t\t\t\t\t\t\t<\/div>\n\t\t\t\t<\/div>\n\t\t\t\t<\/div>\n\t\t\t\t\t<\/div>\n\t\t\t\t<\/div>\n\t\t<div class=\"elementor-element elementor-element-8c1f26c e-flex e-con-boxed e-con e-parent\" data-id=\"8c1f26c\" data-element_type=\"container\">\n\t\t\t\t\t<div class=\"e-con-inner\">\n\t\t\t\t<div class=\"elementor-element elementor-element-8f14a0b elementor-widget elementor-widget-gallery\" data-id=\"8f14a0b\" data-element_type=\"widget\" data-settings=\"{&quot;gallery_layout&quot;:&quot;masonry&quot;,&quot;lazyload&quot;:&quot;yes&quot;,&quot;columns&quot;:4,&quot;columns_tablet&quot;:2,&quot;columns_mobile&quot;:1,&quot;gap&quot;:{&quot;unit&quot;:&quot;px&quot;,&quot;size&quot;:10,&quot;sizes&quot;:[]},&quot;gap_laptop&quot;:{&quot;unit&quot;:&quot;px&quot;,&quot;size&quot;:10,&quot;sizes&quot;:[]},&quot;gap_tablet_extra&quot;:{&quot;unit&quot;:&quot;px&quot;,&quot;size&quot;:10,&quot;sizes&quot;:[]},&quot;gap_tablet&quot;:{&quot;unit&quot;:&quot;px&quot;,&quot;size&quot;:10,&quot;sizes&quot;:[]},&quot;gap_mobile_extra&quot;:{&quot;unit&quot;:&quot;px&quot;,&quot;size&quot;:10,&quot;sizes&quot;:[]},&quot;gap_mobile&quot;:{&quot;unit&quot;:&quot;px&quot;,&quot;size&quot;:10,&quot;sizes&quot;:[]},&quot;link_to&quot;:&quot;file&quot;,&quot;overlay_background&quot;:&quot;yes&quot;,&quot;content_hover_animation&quot;:&quot;fade-in&quot;}\" data-widget_type=\"gallery.default\">\n\t\t\t\t<div class=\"elementor-widget-container\">\n\t\t\t\t\t\t\t<div class=\"elementor-gallery__container\">\n\t\t\t\t\t\t\t<a class=\"e-gallery-item elementor-gallery-item elementor-animated-content\" href=\"https:\/\/www.skandiaverken.com\/wp-content\/uploads\/2025\/10\/2Strokes09.webp\" data-elementor-open-lightbox=\"yes\" data-elementor-lightbox-slideshow=\"8f14a0b\" data-elementor-lightbox-title=\"Junta de motor de barco en caja de cart\u00f3n\" data-e-action-hash=\"#elementor-action%3Aaction%3Dlightbox%26settings%3DeyJpZCI6MTA1MjcsInVybCI6Imh0dHBzOlwvXC93d3cuc2thbmRpYXZlcmtlbi5jb21cL3dwLWNvbnRlbnRcL3VwbG9hZHNcLzIwMjVcLzEwXC8yU3Ryb2tlczA5LndlYnAiLCJzbGlkZXNob3ciOiI4ZjE0YTBiIn0%3D\">\n\t\t\t\t\t<div class=\"e-gallery-image elementor-gallery-item__image\" data-thumbnail=\"https:\/\/www.skandiaverken.com\/wp-content\/uploads\/2025\/10\/2Strokes09.webp\" data-width=\"1000\" data-height=\"667\" aria-label=\"Repuesto de junta de motor para industria mar\u00edtima, sellador de alta calidad.\" role=\"img\" ><\/div>\n\t\t\t\t\t\t\t\t\t\t\t<div class=\"elementor-gallery-item__overlay\"><\/div>\n\t\t\t\t\t\t\t\t\t\t\t\t\t\t<\/a>\n\t\t\t\t\t\t\t<a class=\"e-gallery-item elementor-gallery-item elementor-animated-content\" href=\"https:\/\/www.skandiaverken.com\/wp-content\/uploads\/2025\/10\/2Strokes03.webp\" data-elementor-open-lightbox=\"yes\" data-elementor-lightbox-slideshow=\"8f14a0b\" data-elementor-lightbox-title=\"Silenciador de motor para industria mar\u00edtima\" data-e-action-hash=\"#elementor-action%3Aaction%3Dlightbox%26settings%3DeyJpZCI6MTA1MjAsInVybCI6Imh0dHBzOlwvXC93d3cuc2thbmRpYXZlcmtlbi5jb21cL3dwLWNvbnRlbnRcL3VwbG9hZHNcLzIwMjVcLzEwXC8yU3Ryb2tlczAzLndlYnAiLCJzbGlkZXNob3ciOiI4ZjE0YTBiIn0%3D\">\n\t\t\t\t\t<div class=\"e-gallery-image elementor-gallery-item__image\" data-thumbnail=\"https:\/\/www.skandiaverken.com\/wp-content\/uploads\/2025\/10\/2Strokes03.webp\" data-width=\"1024\" data-height=\"1536\" aria-label=\"Silenciador de motor para industria mar\u00edtima. Componente de escape para motores de barcos.\" role=\"img\" ><\/div>\n\t\t\t\t\t\t\t\t\t\t\t<div class=\"elementor-gallery-item__overlay\"><\/div>\n\t\t\t\t\t\t\t\t\t\t\t\t\t\t<\/a>\n\t\t\t\t\t\t\t<a class=\"e-gallery-item elementor-gallery-item elementor-animated-content\" href=\"https:\/\/www.skandiaverken.com\/wp-content\/uploads\/2025\/10\/2Strokes04.webp\" data-elementor-open-lightbox=\"yes\" data-elementor-lightbox-slideshow=\"8f14a0b\" data-elementor-lightbox-title=\"Cilindro de motor de barco pintura roja\" data-e-action-hash=\"#elementor-action%3Aaction%3Dlightbox%26settings%3DeyJpZCI6MTA1MjEsInVybCI6Imh0dHBzOlwvXC93d3cuc2thbmRpYXZlcmtlbi5jb21cL3dwLWNvbnRlbnRcL3VwbG9hZHNcLzIwMjVcLzEwXC8yU3Ryb2tlczA0LndlYnAiLCJzbGlkZXNob3ciOiI4ZjE0YTBiIn0%3D\">\n\t\t\t\t\t<div class=\"e-gallery-image elementor-gallery-item__image\" data-thumbnail=\"https:\/\/www.skandiaverken.com\/wp-content\/uploads\/2025\/10\/2Strokes04.webp\" data-width=\"1024\" data-height=\"1536\" aria-label=\"Cilindro de motor de barco con pintura roja. Piezas de motores marinos\" role=\"img\" ><\/div>\n\t\t\t\t\t\t\t\t\t\t\t<div class=\"elementor-gallery-item__overlay\"><\/div>\n\t\t\t\t\t\t\t\t\t\t\t\t\t\t<\/a>\n\t\t\t\t\t\t\t<a class=\"e-gallery-item elementor-gallery-item elementor-animated-content\" href=\"https:\/\/www.skandiaverken.com\/wp-content\/uploads\/2025\/10\/2Strokes05.webp\" data-elementor-open-lightbox=\"yes\" data-elementor-lightbox-slideshow=\"8f14a0b\" data-elementor-lightbox-title=\"Anillo de bronce para motores marinos\" data-e-action-hash=\"#elementor-action%3Aaction%3Dlightbox%26settings%3DeyJpZCI6MTA1MjIsInVybCI6Imh0dHBzOlwvXC93d3cuc2thbmRpYXZlcmtlbi5jb21cL3dwLWNvbnRlbnRcL3VwbG9hZHNcLzIwMjVcLzEwXC8yU3Ryb2tlczA1LndlYnAiLCJzbGlkZXNob3ciOiI4ZjE0YTBiIn0%3D\">\n\t\t\t\t\t<div class=\"e-gallery-image elementor-gallery-item__image\" data-thumbnail=\"https:\/\/www.skandiaverken.com\/wp-content\/uploads\/2025\/10\/2Strokes05.webp\" data-width=\"1000\" data-height=\"667\" aria-label=\"Anillo de bronce con perforaciones para motores marinos. Pieza de repuesto para motores de barcos.\" role=\"img\" ><\/div>\n\t\t\t\t\t\t\t\t\t\t\t<div class=\"elementor-gallery-item__overlay\"><\/div>\n\t\t\t\t\t\t\t\t\t\t\t\t\t\t<\/a>\n\t\t\t\t\t\t\t<a class=\"e-gallery-item elementor-gallery-item elementor-animated-content\" href=\"https:\/\/www.skandiaverken.com\/wp-content\/uploads\/2025\/10\/2Strokes08.webp\" data-elementor-open-lightbox=\"yes\" data-elementor-lightbox-slideshow=\"8f14a0b\" data-elementor-lightbox-title=\"Componente de motor mar\u00edtimo de alta calidad\" data-e-action-hash=\"#elementor-action%3Aaction%3Dlightbox%26settings%3DeyJpZCI6MTA1MjUsInVybCI6Imh0dHBzOlwvXC93d3cuc2thbmRpYXZlcmtlbi5jb21cL3dwLWNvbnRlbnRcL3VwbG9hZHNcLzIwMjVcLzEwXC8yU3Ryb2tlczA4LndlYnAiLCJzbGlkZXNob3ciOiI4ZjE0YTBiIn0%3D\">\n\t\t\t\t\t<div class=\"e-gallery-image elementor-gallery-item__image\" data-thumbnail=\"https:\/\/www.skandiaverken.com\/wp-content\/uploads\/2025\/10\/2Strokes08.webp\" data-width=\"1024\" data-height=\"1536\" aria-label=\"Componente de motor industrial para barcos y plantas de energ\u00eda. Pieza de repuesto para motores mar\u00edtimos y de centrales el\u00e9ctricas.\" role=\"img\" ><\/div>\n\t\t\t\t\t\t\t\t\t\t\t<div class=\"elementor-gallery-item__overlay\"><\/div>\n\t\t\t\t\t\t\t\t\t\t\t\t\t\t<\/a>\n\t\t\t\t\t\t\t<a class=\"e-gallery-item elementor-gallery-item elementor-animated-content\" href=\"https:\/\/www.skandiaverken.com\/wp-content\/uploads\/2025\/10\/2Strokes06.webp\" data-elementor-open-lightbox=\"yes\" data-elementor-lightbox-slideshow=\"8f14a0b\" data-elementor-lightbox-title=\"Pieza de motor de bronce para industria mar\u00edtima\" data-e-action-hash=\"#elementor-action%3Aaction%3Dlightbox%26settings%3DeyJpZCI6MTA1MjMsInVybCI6Imh0dHBzOlwvXC93d3cuc2thbmRpYXZlcmtlbi5jb21cL3dwLWNvbnRlbnRcL3VwbG9hZHNcLzIwMjVcLzEwXC8yU3Ryb2tlczA2LndlYnAiLCJzbGlkZXNob3ciOiI4ZjE0YTBiIn0%3D\">\n\t\t\t\t\t<div class=\"e-gallery-image elementor-gallery-item__image\" data-thumbnail=\"https:\/\/www.skandiaverken.com\/wp-content\/uploads\/2025\/10\/2Strokes06.webp\" data-width=\"1024\" data-height=\"1536\" aria-label=\"Componente de motor de bronce, pieza de repuesto para motores mar\u00edtimos y de plantas de energ\u00eda.\" role=\"img\" ><\/div>\n\t\t\t\t\t\t\t\t\t\t\t<div class=\"elementor-gallery-item__overlay\"><\/div>\n\t\t\t\t\t\t\t\t\t\t\t\t\t\t<\/a>\n\t\t\t\t\t\t\t<a class=\"e-gallery-item elementor-gallery-item elementor-animated-content\" href=\"https:\/\/www.skandiaverken.com\/wp-content\/uploads\/2025\/10\/2Strokes07.webp\" data-elementor-open-lightbox=\"yes\" data-elementor-lightbox-slideshow=\"8f14a0b\" data-elementor-lightbox-title=\"Anillo de soporte para motor mar\u00edtimo\" data-e-action-hash=\"#elementor-action%3Aaction%3Dlightbox%26settings%3DeyJpZCI6MTA1MjQsInVybCI6Imh0dHBzOlwvXC93d3cuc2thbmRpYXZlcmtlbi5jb21cL3dwLWNvbnRlbnRcL3VwbG9hZHNcLzIwMjVcLzEwXC8yU3Ryb2tlczA3LndlYnAiLCJzbGlkZXNob3ciOiI4ZjE0YTBiIn0%3D\">\n\t\t\t\t\t<div class=\"e-gallery-image elementor-gallery-item__image\" data-thumbnail=\"https:\/\/www.skandiaverken.com\/wp-content\/uploads\/2025\/10\/2Strokes07.webp\" data-width=\"1000\" data-height=\"667\" aria-label=\"Anillo de soporte met\u00e1lico para motores de barcos. Piezas de repuesto para motores mar\u00edtimos.\" role=\"img\" ><\/div>\n\t\t\t\t\t\t\t\t\t\t\t<div class=\"elementor-gallery-item__overlay\"><\/div>\n\t\t\t\t\t\t\t\t\t\t\t\t\t\t<\/a>\n\t\t\t\t\t\t\t<a class=\"e-gallery-item elementor-gallery-item elementor-animated-content\" href=\"https:\/\/www.skandiaverken.com\/wp-content\/uploads\/2025\/10\/2Strokes01.webp\" data-elementor-open-lightbox=\"yes\" data-elementor-lightbox-slideshow=\"8f14a0b\" data-elementor-lightbox-title=\"Componentes de motor para industria mar\u00edtima y energ\u00eda\" data-e-action-hash=\"#elementor-action%3Aaction%3Dlightbox%26settings%3DeyJpZCI6MTA1MTgsInVybCI6Imh0dHBzOlwvXC93d3cuc2thbmRpYXZlcmtlbi5jb21cL3dwLWNvbnRlbnRcL3VwbG9hZHNcLzIwMjVcLzEwXC8yU3Ryb2tlczAxLndlYnAiLCJzbGlkZXNob3ciOiI4ZjE0YTBiIn0%3D\">\n\t\t\t\t\t<div class=\"e-gallery-image elementor-gallery-item__image\" data-thumbnail=\"https:\/\/www.skandiaverken.com\/wp-content\/uploads\/2025\/10\/2Strokes01.webp\" data-width=\"1000\" data-height=\"667\" aria-label=\"Piezas de repuesto para motores mar\u00edtimos y de centrales el\u00e9ctricas, anillo de sellado y componentes met\u00e1licos.\" role=\"img\" ><\/div>\n\t\t\t\t\t\t\t\t\t\t\t<div class=\"elementor-gallery-item__overlay\"><\/div>\n\t\t\t\t\t\t\t\t\t\t\t\t\t\t<\/a>\n\t\t\t\t\t<\/div>\n\t\t\t\t\t<\/div>\n\t\t\t\t<\/div>\n\t\t\t\t\t<\/div>\n\t\t\t\t<\/div>\n\t\t\t\t<\/div>\n\t\t","protected":false},"excerpt":{"rendered":"<p>Skandiaverken suministra piezas de repuesto de alta calidad para motores marinos de dos tiempos, incluidos los tipos MAN B&amp;W y Sulzer. Con m\u00e1s de 150 a\u00f1os de experiencia, muchas piezas tienen certificaci\u00f3n de clase y cumplen la normativa SOLAS.   <\/p>\n","protected":false},"author":1,"featured_media":10517,"parent":0,"menu_order":0,"comment_status":"closed","ping_status":"closed","template":"","meta":{"footnotes":""},"class_list":["post-10502","page","type-page","status-publish","has-post-thumbnail","hentry"],"_links":{"self":[{"href":"https:\/\/www.skandiaverken.com\/es\/wp-json\/wp\/v2\/pages\/10502","targetHints":{"allow":["GET"]}}],"collection":[{"href":"https:\/\/www.skandiaverken.com\/es\/wp-json\/wp\/v2\/pages"}],"about":[{"href":"https:\/\/www.skandiaverken.com\/es\/wp-json\/wp\/v2\/types\/page"}],"author":[{"embeddable":true,"href":"https:\/\/www.skandiaverken.com\/es\/wp-json\/wp\/v2\/users\/1"}],"replies":[{"embeddable":true,"href":"https:\/\/www.skandiaverken.com\/es\/wp-json\/wp\/v2\/comments?post=10502"}],"version-history":[{"count":1,"href":"https:\/\/www.skandiaverken.com\/es\/wp-json\/wp\/v2\/pages\/10502\/revisions"}],"predecessor-version":[{"id":10528,"href":"https:\/\/www.skandiaverken.com\/es\/wp-json\/wp\/v2\/pages\/10502\/revisions\/10528"}],"wp:featuredmedia":[{"embeddable":true,"href":"https:\/\/www.skandiaverken.com\/es\/wp-json\/wp\/v2\/media\/10517"}],"wp:attachment":[{"href":"https:\/\/www.skandiaverken.com\/es\/wp-json\/wp\/v2\/media?parent=10502"}],"curies":[{"name":"wp","href":"https:\/\/api.w.org\/{rel}","templated":true}]}}