{"id":10486,"date":"2025-11-04T15:31:41","date_gmt":"2025-11-04T14:31:41","guid":{"rendered":"https:\/\/gold-ibis-155141.hostingersite.com\/politica-de-privacidad\/"},"modified":"2025-12-15T12:50:01","modified_gmt":"2025-12-15T11:50:01","slug":"politica-de-privacidad","status":"publish","type":"page","link":"https:\/\/www.skandiaverken.com\/es\/politica-de-privacidad\/","title":{"rendered":"Pol\u00edtica de privacidad"},"content":{"rendered":"\t\t<div data-elementor-type=\"wp-page\" data-elementor-id=\"10486\" class=\"elementor elementor-10486 elementor-10111\" data-elementor-post-type=\"page\">\n\t\t\t\t<div class=\"elementor-element elementor-element-23975d5 elementor-hidden-desktop elementor-hidden-laptop elementor-hidden-tablet_extra elementor-hidden-tablet elementor-hidden-mobile_extra elementor-hidden-mobile e-flex e-con-boxed e-con e-parent\" data-id=\"23975d5\" data-element_type=\"container\" data-e-type=\"container\">\n\t\t\t\t\t<div class=\"e-con-inner\">\n\t\t\t\t<div class=\"elementor-element elementor-element-b2061d1 elementor-widget elementor-widget-spacer\" data-id=\"b2061d1\" data-element_type=\"widget\" data-e-type=\"widget\" data-widget_type=\"spacer.default\">\n\t\t\t\t<div class=\"elementor-widget-container\">\n\t\t\t\t\t\t\t<div class=\"elementor-spacer\">\n\t\t\t<div class=\"elementor-spacer-inner\"><\/div>\n\t\t<\/div>\n\t\t\t\t\t\t<\/div>\n\t\t\t\t<\/div>\n\t\t\t\t<div class=\"elementor-element elementor-element-57dba7a elementor-widget elementor-widget-text-editor\" data-id=\"57dba7a\" data-element_type=\"widget\" data-e-type=\"widget\" data-widget_type=\"text-editor.default\">\n\t\t\t\t<div class=\"elementor-widget-container\">\n\t\t\t\t\t\t\t\t\t<span style=\"color: #375AAA; font-family: Raleway, Montserrat; font-size: 25px; font-weight: 800; letter-spacing: 1.8px; text-transform: uppercase;\">POL\u00cdTICA DE PRIVACIDAD<\/span>\t\t\t\t\t\t\t\t<\/div>\n\t\t\t\t<\/div>\n\t\t\t\t<div class=\"elementor-element elementor-element-bdcfc92 elementor-widget elementor-widget-text-editor\" data-id=\"bdcfc92\" data-element_type=\"widget\" data-e-type=\"widget\" data-widget_type=\"text-editor.default\">\n\t\t\t\t<div class=\"elementor-widget-container\">\n\t\t\t\t\t\t\t\t\t<span style=\"color: #375AAA; font-family: Raleway, Montserrat; font-size: 18px; font-weight: 800; letter-spacing: 1.8px; text-transform: uppercase;\">\u00bfqu\u00e9 cubre esta pol\u00edtica de privacidad?<\/span>\t\t\t\t\t\t\t\t<\/div>\n\t\t\t\t<\/div>\n\t\t\t\t<div class=\"elementor-element elementor-element-60fd392 elementor-widget elementor-widget-text-editor\" data-id=\"60fd392\" data-element_type=\"widget\" data-e-type=\"widget\" data-widget_type=\"text-editor.default\">\n\t\t\t\t<div class=\"elementor-widget-container\">\n\t\t\t\t\t\t\t\t\t<p>Nos tomamos muy en serio tu privacidad. Esta pol\u00edtica de privacidad rige y detalla los principales principios de privacidad que aplicamos a los datos que recopilamos a trav\u00e9s de nuestros servicios. Haz clic aqu\u00ed para acceder a la pol\u00edtica de privacidad que rige nuestro sitio web corporativo.  <\/p>\t\t\t\t\t\t\t\t<\/div>\n\t\t\t\t<\/div>\n\t\t\t\t<div class=\"elementor-element elementor-element-d3c6039 elementor-widget elementor-widget-text-editor\" data-id=\"d3c6039\" data-element_type=\"widget\" data-e-type=\"widget\" data-widget_type=\"text-editor.default\">\n\t\t\t\t<div class=\"elementor-widget-container\">\n\t\t\t\t\t\t\t\t\t<span style=\"color: #375AAA; font-family: Raleway, Montserrat; font-size: 18px; font-weight: 800; letter-spacing: 1.8px; text-transform: uppercase;\">sobre nuestros servicios<\/span>\t\t\t\t\t\t\t\t<\/div>\n\t\t\t\t<\/div>\n\t\t\t\t<div class=\"elementor-element elementor-element-5386760 elementor-widget elementor-widget-text-editor\" data-id=\"5386760\" data-element_type=\"widget\" data-e-type=\"widget\" data-widget_type=\"text-editor.default\">\n\t\t\t\t<div class=\"elementor-widget-container\">\n\t\t\t\t\t\t\t\t\t<p>Estamos especializados en una gran variedad de servicios. Nuestro objetivo es prestar servicios basados en tu comportamiento de navegaci\u00f3n reciente. Con nuestro servicio, deber\u00edas recibir una ayuda personalizada que sea m\u00e1s relevante para ti que la est\u00e1ndar que recibir\u00edas sin nosotros. Haz clic aqu\u00ed para obtener m\u00e1s informaci\u00f3n sobre nuestros servicios.   <\/p>\t\t\t\t\t\t\t\t<\/div>\n\t\t\t\t<\/div>\n\t\t\t\t<div class=\"elementor-element elementor-element-d498062 elementor-widget elementor-widget-text-editor\" data-id=\"d498062\" data-element_type=\"widget\" data-e-type=\"widget\" data-widget_type=\"text-editor.default\">\n\t\t\t\t<div class=\"elementor-widget-container\">\n\t\t\t\t\t\t\t\t\t<span style=\"color: #375AAA; font-family: Raleway, Montserrat; font-size: 18px; font-weight: 800; letter-spacing: 1.8px; text-transform: uppercase;\">opciones del usuario<\/span>\t\t\t\t\t\t\t\t<\/div>\n\t\t\t\t<\/div>\n\t\t\t\t<div class=\"elementor-element elementor-element-66556a9 elementor-widget elementor-widget-text-editor\" data-id=\"66556a9\" data-element_type=\"widget\" data-e-type=\"widget\" data-widget_type=\"text-editor.default\">\n\t\t\t\t<div class=\"elementor-widget-container\">\n\t\t\t\t\t\t\t\t\t<p>Si no quieres recibir anuncios mostrados por nosotros, en tu navegador actual y en los navegadores que hemos vinculado a tu identificador t\u00e9cnico, puedes desactivar la visualizaci\u00f3n de nuestros anuncios aqu\u00ed.Si s\u00f3lo quieres excluirte de tu navegador actual, desmarca la casilla de exclusi\u00f3n.Tambi\u00e9n puedes excluirte de todos los navegadores coincidentes y saber m\u00e1s sobre las opciones del usuario.<\/p>\t\t\t\t\t\t\t\t<\/div>\n\t\t\t\t<\/div>\n\t\t\t\t<div class=\"elementor-element elementor-element-4be1609 elementor-widget elementor-widget-text-editor\" data-id=\"4be1609\" data-element_type=\"widget\" data-e-type=\"widget\" data-widget_type=\"text-editor.default\">\n\t\t\t\t<div class=\"elementor-widget-container\">\n\t\t\t\t\t\t\t\t\t<span style=\"color: #375AAA; font-family: Raleway, Montserrat; font-size: 18px; font-weight: 800; letter-spacing: 1.8px; text-transform: uppercase;\">nuestros compromisos y adhesi\u00f3n<\/span>\t\t\t\t\t\t\t\t<\/div>\n\t\t\t\t<\/div>\n\t\t\t\t<div class=\"elementor-element elementor-element-1dd1428 elementor-widget elementor-widget-text-editor\" data-id=\"1dd1428\" data-element_type=\"widget\" data-e-type=\"widget\" data-widget_type=\"text-editor.default\">\n\t\t\t\t<div class=\"elementor-widget-container\">\n\t\t\t\t\t\t\t\t\t<p>Nuestra empresa es una de las primeras en adoptar iniciativas de mayor transparencia y control para los usuarios. M\u00e1s informaci\u00f3n sobre transparencia y control. <\/p>\t\t\t\t\t\t\t\t<\/div>\n\t\t\t\t<\/div>\n\t\t\t\t<div class=\"elementor-element elementor-element-6f37f0a elementor-widget elementor-widget-text-editor\" data-id=\"6f37f0a\" data-element_type=\"widget\" data-e-type=\"widget\" data-widget_type=\"text-editor.default\">\n\t\t\t\t<div class=\"elementor-widget-container\">\n\t\t\t\t\t\t\t\t\t<span style=\"color: #375AAA ; font-family: Raleway, Montserrat; font-size: 18px; font-weight: 800; letter-spacing: 1.8px; text-transform: uppercase;\">seguridad y conservaci\u00f3n de datos<\/span>\t\t\t\t\t\t\t\t<\/div>\n\t\t\t\t<\/div>\n\t\t\t\t<div class=\"elementor-element elementor-element-2c7b6a3 elementor-widget elementor-widget-text-editor\" data-id=\"2c7b6a3\" data-element_type=\"widget\" data-e-type=\"widget\" data-widget_type=\"text-editor.default\">\n\t\t\t\t<div class=\"elementor-widget-container\">\n\t\t\t\t\t\t\t\t\t<p>La seguridad de tu informaci\u00f3n es fundamental para nosotros. Hemos implementado medidas de seguridad est\u00e1ndar del sector, que incluyen el uso de cortafuegos y encriptaci\u00f3n. M\u00e1s informaci\u00f3n sobre seguridad y retenci\u00f3n de datos.  <br><br><br>Ten en cuenta que podemos actualizar o modificar esta pol\u00edtica de privacidad. Si revisamos nuestra pol\u00edtica de privacidad, publicaremos dichos cambios en esta declaraci\u00f3n de privacidad, y en otros lugares que consideremos apropiados, para que sepas qu\u00e9 informaci\u00f3n recopilamos, c\u00f3mo la utilizamos y en qu\u00e9 circunstancias, si las hubiera, la revelamos. Si realizamos alg\u00fan cambio sustancial, te lo notificaremos mediante un aviso en este sitio antes de que el cambio entre en vigor. Haz clic aqu\u00ed para consultar la \u00faltima versi\u00f3n de la pol\u00edtica de privacidad.   <br><br><br>Correo electr\u00f3nico: <a href=\"mailto:adeandres@skvbermeo.com\"><u>adeandres@skvbermeo.com<\/u><\/a><\/p>\t\t\t\t\t\t\t\t<\/div>\n\t\t\t\t<\/div>\n\t\t\t\t\t<\/div>\n\t\t\t\t<\/div>\n\t\t<div class=\"elementor-element elementor-element-b77153b e-flex e-con-boxed e-con e-parent\" data-id=\"b77153b\" data-element_type=\"container\" data-e-type=\"container\">\n\t\t\t\t\t<div class=\"e-con-inner\">\n\t\t\t\t<div class=\"elementor-element elementor-element-f31cdbf elementor-widget elementor-widget-spacer\" data-id=\"f31cdbf\" data-element_type=\"widget\" data-e-type=\"widget\" data-widget_type=\"spacer.default\">\n\t\t\t\t<div class=\"elementor-widget-container\">\n\t\t\t\t\t\t\t<div class=\"elementor-spacer\">\n\t\t\t<div class=\"elementor-spacer-inner\"><\/div>\n\t\t<\/div>\n\t\t\t\t\t\t<\/div>\n\t\t\t\t<\/div>\n\t\t\t\t<div class=\"elementor-element elementor-element-acba51d elementor-widget elementor-widget-text-editor\" data-id=\"acba51d\" data-element_type=\"widget\" data-e-type=\"widget\" data-widget_type=\"text-editor.default\">\n\t\t\t\t<div class=\"elementor-widget-container\">\n\t\t\t\t\t\t\t\t\t<span style=\"color: #375AAA; font-family: Raleway, Montserrat; font-size: 25px; font-weight: 800; letter-spacing: 1.8px; text-transform: uppercase;\">POL\u00cdTICA DE PRIVACIDAD<\/span>\t\t\t\t\t\t\t\t<\/div>\n\t\t\t\t<\/div>\n\t\t\t\t<div class=\"elementor-element elementor-element-c37b635 elementor-widget elementor-widget-html\" data-id=\"c37b635\" data-element_type=\"widget\" data-e-type=\"widget\" data-widget_type=\"html.default\">\n\t\t\t\t<div class=\"elementor-widget-container\">\n\t\t\t\t\t<a href=\"https:\/\/www.iubenda.com\/privacy-policy\/32963323\" class=\"iubenda-white iubenda-noiframe iubenda-embed iubenda-noiframe iub-body-embed\" title=\"Pol\u00edtica de Privacidad\" rel=\"nofollow noopener\" target=\"_blank\">Pol\u00edtica de Privacidad<\/a><script type=\"text\/javascript\">(function (w,d) {var loader = function () {var s = d.createElement(\"script\"), tag = d.getElementsByTagName(\"script\")[0]; s.src=\"https:\/\/cdn.iubenda.com\/iubenda.js\"; tag.parentNode.insertBefore(s,tag);}; if(w.addEventListener){w.addEventListener(\"load\", loader, false);}else if(w.attachEvent){w.attachEvent(\"onload\", loader);}else{w.onload = loader;}})(window, document);<\/script>\t\t\t\t<\/div>\n\t\t\t\t<\/div>\n\t\t\t\t\t<\/div>\n\t\t\t\t<\/div>\n\t\t<div class=\"elementor-element elementor-element-fa46246 e-flex e-con-boxed e-con e-parent\" data-id=\"fa46246\" data-element_type=\"container\" data-e-type=\"container\">\n\t\t\t\t\t<div class=\"e-con-inner\">\n\t\t\t\t<div class=\"elementor-element elementor-element-ba4ef6f elementor-widget elementor-widget-spacer\" data-id=\"ba4ef6f\" data-element_type=\"widget\" data-e-type=\"widget\" data-widget_type=\"spacer.default\">\n\t\t\t\t<div class=\"elementor-widget-container\">\n\t\t\t\t\t\t\t<div class=\"elementor-spacer\">\n\t\t\t<div class=\"elementor-spacer-inner\"><\/div>\n\t\t<\/div>\n\t\t\t\t\t\t<\/div>\n\t\t\t\t<\/div>\n\t\t\t\t\t<\/div>\n\t\t\t\t<\/div>\n\t\t\t\t<\/div>\n\t\t","protected":false},"excerpt":{"rendered":"<p>POL\u00cdTICA DE PRIVACIDAD\u00bfqu\u00e9 cubre esta pol\u00edtica de privacidad? Nos tomamos muy en serio tu privacidad. Esta pol\u00edtica de privacidad rige y detalla los principales principios de privacidad que aplicamos a los datos que recopilamos a trav\u00e9s de nuestros servicios. Haz clic aqu\u00ed para acceder a la pol\u00edtica de privacidad que rige nuestro sitio web corporativo. [&hellip;]<\/p>\n","protected":false},"author":1,"featured_media":0,"parent":0,"menu_order":0,"comment_status":"closed","ping_status":"closed","template":"","meta":{"footnotes":""},"class_list":["post-10486","page","type-page","status-publish","hentry"],"_links":{"self":[{"href":"https:\/\/www.skandiaverken.com\/es\/wp-json\/wp\/v2\/pages\/10486","targetHints":{"allow":["GET"]}}],"collection":[{"href":"https:\/\/www.skandiaverken.com\/es\/wp-json\/wp\/v2\/pages"}],"about":[{"href":"https:\/\/www.skandiaverken.com\/es\/wp-json\/wp\/v2\/types\/page"}],"author":[{"embeddable":true,"href":"https:\/\/www.skandiaverken.com\/es\/wp-json\/wp\/v2\/users\/1"}],"replies":[{"embeddable":true,"href":"https:\/\/www.skandiaverken.com\/es\/wp-json\/wp\/v2\/comments?post=10486"}],"version-history":[{"count":4,"href":"https:\/\/www.skandiaverken.com\/es\/wp-json\/wp\/v2\/pages\/10486\/revisions"}],"predecessor-version":[{"id":10974,"href":"https:\/\/www.skandiaverken.com\/es\/wp-json\/wp\/v2\/pages\/10486\/revisions\/10974"}],"wp:attachment":[{"href":"https:\/\/www.skandiaverken.com\/es\/wp-json\/wp\/v2\/media?parent=10486"}],"curies":[{"name":"wp","href":"https:\/\/api.w.org\/{rel}","templated":true}]}}