{"id":10481,"date":"2025-10-27T12:21:31","date_gmt":"2025-10-27T11:21:31","guid":{"rendered":"https:\/\/gold-ibis-155141.hostingersite.com\/proyectos-h2o\/"},"modified":"2025-11-27T09:52:04","modified_gmt":"2025-11-27T08:52:04","slug":"proyectos-h2o","status":"publish","type":"page","link":"https:\/\/www.skandiaverken.com\/es\/proyectos-h2o\/","title":{"rendered":"Proyectos H2O"},"content":{"rendered":"\t\t<div data-elementor-type=\"wp-page\" data-elementor-id=\"10481\" class=\"elementor elementor-10481 elementor-10002\" data-elementor-post-type=\"page\">\n\t\t\t\t<div class=\"elementor-element elementor-element-a6d6414 e-flex e-con-boxed e-con e-parent\" data-id=\"a6d6414\" data-element_type=\"container\" data-e-type=\"container\">\n\t\t\t\t\t<div class=\"e-con-inner\">\n\t\t\t\t<div class=\"elementor-element elementor-element-b470e80 anima-testo-zoom elementor-widget elementor-widget-heading\" data-id=\"b470e80\" data-element_type=\"widget\" data-e-type=\"widget\" data-settings=\"{&quot;_animation&quot;:&quot;none&quot;,&quot;_animation_delay&quot;:200}\" data-widget_type=\"heading.default\">\n\t\t\t\t<div class=\"elementor-widget-container\">\n\t\t\t\t\t<h1 class=\"elementor-heading-title elementor-size-default\"><span class=\"tit-evidenza\">PROYECTOS h2o\n <\/span><\/h1>\t\t\t\t<\/div>\n\t\t\t\t<\/div>\n\t\t\t\t<div class=\"elementor-element elementor-element-7b97e04 elementor-widget elementor-widget-text-editor\" data-id=\"7b97e04\" data-element_type=\"widget\" data-e-type=\"widget\" data-widget_type=\"text-editor.default\">\n\t\t\t\t<div class=\"elementor-widget-container\">\n\t\t\t\t\t\t\t\t\t<p>Como parte de esta visi\u00f3n, participamos en <strong>H2OCEAN<\/strong>, un proyecto estrat\u00e9gico de I+D centrado en el desarrollo de la <strong>pr\u00f3xima generaci\u00f3n de buques sostenibles propulsados por tecnolog\u00edas de hidr\u00f3geno<\/strong>.<\/p><p><strong>H2OCEAN<\/strong> pretende situar a la <strong>industria mar\u00edtima vasca<\/strong> como referente nacional e internacional en el desarrollo de <strong>embarcaciones sostenibles basadas en el hidr\u00f3geno<\/strong>. El proyecto explora las tecnolog\u00edas emergentes para hacer realidad esta visi\u00f3n, desde los sistemas de propulsi\u00f3n hasta las herramientas digitales inteligentes. <\/p>\t\t\t\t\t\t\t\t<\/div>\n\t\t\t\t<\/div>\n\t\t\t\t<div class=\"elementor-element elementor-element-1ed671e elementor-widget elementor-widget-heading\" data-id=\"1ed671e\" data-element_type=\"widget\" data-e-type=\"widget\" data-widget_type=\"heading.default\">\n\t\t\t\t<div class=\"elementor-widget-container\">\n\t\t\t\t\t<h2 class=\"elementor-heading-title elementor-size-default\">\u00c1reas clave de investigaci\u00f3n<\/h2>\t\t\t\t<\/div>\n\t\t\t\t<\/div>\n\t\t\t\t<div class=\"elementor-element elementor-element-5d0ac23 elementor-widget elementor-widget-text-editor\" data-id=\"5d0ac23\" data-element_type=\"widget\" data-e-type=\"widget\" data-widget_type=\"text-editor.default\">\n\t\t\t\t<div class=\"elementor-widget-container\">\n\t\t\t\t\t\t\t\t\t<p>El proyecto est\u00e1 estructurado en varios <strong>paquetes de trabajo<\/strong>, cada uno de los cuales aborda un aspecto fundamental del dise\u00f1o y el funcionamiento sostenibles de los buques:<br><br><strong>Marco T\u00e9cnico y Vigilancia Tecnol\u00f3gica<br><\/strong>Definir los requisitos del sistema y vigilar los avances en las tecnolog\u00edas mar\u00edtimas y del hidr\u00f3geno.<br><br><strong>Green Propulsion and Power Systems<br><\/strong>Desarrollo de sistemas de propulsi\u00f3n y energ\u00eda auxiliar basados en la tecnolog\u00eda del hidr\u00f3geno.<br><br><strong>Dise\u00f1o sostenible de buques y materiales<br><\/strong>Estudiar el comportamiento de los materiales en contacto con el hidr\u00f3geno, evaluar los impactos del ciclo de vida y mejorar la eficiencia y reciclabilidad de la construcci\u00f3n naval.<br><br><strong>Innovaci\u00f3n en Operaciones y Mantenimiento<br><\/strong>Aplicar <strong>la IA y las tecnolog\u00edas de gemelos<\/strong> digitales para optimizar el rendimiento, la seguridad y el mantenimiento de los buques.<br><br><strong>Validaci\u00f3n y pruebas<br><\/strong> Creaci\u00f3n de prototipos y validaci\u00f3n de nuevas tecnolog\u00edas en entornos industriales reales.<br><br><strong>Difusi\u00f3n e Impacto<\/strong> <br>Compartir los resultados de los proyectos para promover el conocimiento y la adopci\u00f3n en todo el ecosistema mar\u00edtimo.<\/p><p><br><strong>H2OCEAN<\/strong> re\u00fane a <strong>empresas l\u00edderes, centros tecnol\u00f3gicos e instituciones de investigaci\u00f3n<\/strong> del Pa\u00eds Vasco para crear un ecosistema mar\u00edtimo de hidr\u00f3geno integrado.<\/p><p>El proyecto forma parte del <strong>Programa Hazitek<\/strong>, y est\u00e1 <strong>cofinanciado por el Departamento de Desarrollo Econ\u00f3mico e Infraestructuras del Gobierno Vasco y el Fondo Europeo de Desarrollo Regional (FEDER).<\/strong><\/p>\t\t\t\t\t\t\t\t<\/div>\n\t\t\t\t<\/div>\n\t\t\t\t\t<\/div>\n\t\t\t\t<\/div>\n\t\t\t\t<\/div>\n\t\t","protected":false},"excerpt":{"rendered":"<p>PROYECTOS h2o Como parte de esta visi\u00f3n, participamos en H2OCEAN, un proyecto estrat\u00e9gico de I+D centrado en el desarrollo de la pr\u00f3xima generaci\u00f3n de buques sostenibles propulsados por tecnolog\u00edas de hidr\u00f3geno. H2OCEAN pretende situar a la industria mar\u00edtima vasca como referente nacional e internacional en el desarrollo de embarcaciones sostenibles basadas en el hidr\u00f3geno. El [&hellip;]<\/p>\n","protected":false},"author":1,"featured_media":0,"parent":0,"menu_order":0,"comment_status":"closed","ping_status":"closed","template":"","meta":{"footnotes":""},"class_list":["post-10481","page","type-page","status-publish","hentry"],"_links":{"self":[{"href":"https:\/\/www.skandiaverken.com\/es\/wp-json\/wp\/v2\/pages\/10481","targetHints":{"allow":["GET"]}}],"collection":[{"href":"https:\/\/www.skandiaverken.com\/es\/wp-json\/wp\/v2\/pages"}],"about":[{"href":"https:\/\/www.skandiaverken.com\/es\/wp-json\/wp\/v2\/types\/page"}],"author":[{"embeddable":true,"href":"https:\/\/www.skandiaverken.com\/es\/wp-json\/wp\/v2\/users\/1"}],"replies":[{"embeddable":true,"href":"https:\/\/www.skandiaverken.com\/es\/wp-json\/wp\/v2\/comments?post=10481"}],"version-history":[{"count":1,"href":"https:\/\/www.skandiaverken.com\/es\/wp-json\/wp\/v2\/pages\/10481\/revisions"}],"predecessor-version":[{"id":10482,"href":"https:\/\/www.skandiaverken.com\/es\/wp-json\/wp\/v2\/pages\/10481\/revisions\/10482"}],"wp:attachment":[{"href":"https:\/\/www.skandiaverken.com\/es\/wp-json\/wp\/v2\/media?parent=10481"}],"curies":[{"name":"wp","href":"https:\/\/api.w.org\/{rel}","templated":true}]}}