{"id":10474,"date":"2025-10-15T11:01:16","date_gmt":"2025-10-15T09:01:16","guid":{"rendered":"https:\/\/gold-ibis-155141.hostingersite.com\/proyecto-ortze\/"},"modified":"2025-11-27T09:52:04","modified_gmt":"2025-11-27T08:52:04","slug":"proyecto-ortze","status":"publish","type":"page","link":"https:\/\/www.skandiaverken.com\/es\/proyecto-ortze\/","title":{"rendered":"Proyecto Ortze"},"content":{"rendered":"\t\t<div data-elementor-type=\"wp-page\" data-elementor-id=\"10474\" class=\"elementor elementor-10474 elementor-9977\" data-elementor-post-type=\"page\">\n\t\t\t\t<div class=\"elementor-element elementor-element-ec3ada7 e-con-full e-flex e-con e-parent\" data-id=\"ec3ada7\" data-element_type=\"container\">\n\t\t\t\t<\/div>\n\t\t<div class=\"elementor-element elementor-element-9caec91 e-flex e-con-boxed e-con e-parent\" data-id=\"9caec91\" data-element_type=\"container\">\n\t\t\t\t\t<div class=\"e-con-inner\">\n\t\t\t\t<div class=\"elementor-element elementor-element-f17a302 anima-testo-zoom elementor-widget elementor-widget-heading\" data-id=\"f17a302\" data-element_type=\"widget\" data-settings=\"{&quot;_animation&quot;:&quot;none&quot;,&quot;_animation_delay&quot;:200}\" data-widget_type=\"heading.default\">\n\t\t\t\t<div class=\"elementor-widget-container\">\n\t\t\t\t\t<h1 class=\"elementor-heading-title elementor-size-default\"><span class=\"tit-evidenza\">PROYECTO ORZE\n <\/span><br><small>Proyecto ORTZE-CV - El primer barco el\u00e9ctrico construido en el Pa\u00eds Vasco\n<\/small><\/h1>\t\t\t\t<\/div>\n\t\t\t\t<\/div>\n\t\t\t\t\t<\/div>\n\t\t\t\t<\/div>\n\t\t<div class=\"elementor-element elementor-element-99da95c e-grid e-con-boxed e-con e-parent\" data-id=\"99da95c\" data-element_type=\"container\">\n\t\t\t\t\t<div class=\"e-con-inner\">\n\t\t<div class=\"elementor-element elementor-element-c779d0a e-con-full e-grid e-con e-child\" data-id=\"c779d0a\" data-element_type=\"container\">\n\t\t<div class=\"elementor-element elementor-element-a27ad76 e-con-full e-flex e-con e-child\" data-id=\"a27ad76\" data-element_type=\"container\" data-settings=\"{&quot;background_background&quot;:&quot;classic&quot;}\">\n\t\t\t\t<\/div>\n\t\t<div class=\"elementor-element elementor-element-d665c13 e-con-full e-flex e-con e-child\" data-id=\"d665c13\" data-element_type=\"container\" data-settings=\"{&quot;background_background&quot;:&quot;classic&quot;}\">\n\t\t\t\t<\/div>\n\t\t\t\t<\/div>\n\t\t<div class=\"elementor-element elementor-element-bbcc810 e-con-full e-flex e-con e-child\" data-id=\"bbcc810\" data-element_type=\"container\">\n\t\t\t\t<div class=\"elementor-element elementor-element-f40cc7d elementor-invisible elementor-widget elementor-widget-text-editor\" data-id=\"f40cc7d\" data-element_type=\"widget\" data-settings=\"{&quot;_animation&quot;:&quot;fadeIn&quot;,&quot;_animation_delay&quot;:300}\" data-widget_type=\"text-editor.default\">\n\t\t\t\t<div class=\"elementor-widget-container\">\n\t\t\t\t\t\t\t\t\t<p>Skandiaverken particip\u00f3 en el <strong>proyecto ORTZE-CV<\/strong>, la primera iniciativa que condujo a la construcci\u00f3n de un <strong>buque el\u00e9ctrico<\/strong> en el Pa\u00eds Vasco, ahora listo para navegar por el Cant\u00e1brico.<\/p><p>ORTZE-CV es un proyecto de I+D centrado en el desarrollo de <strong>soluciones<\/strong> <strong>innovadoras<\/strong> y <strong>de alta eficiencia energ\u00e9tica para reducir las emisiones contaminantes de los buques costeros.<\/strong> La iniciativa est\u00e1 liderada por un consorcio vasco encabezado por Ingeteam, con la participaci\u00f3n de empresas mar\u00edtimas, centros de investigaci\u00f3n, universidades e institutos de formaci\u00f3n profesional.<\/p><p>Iniciado en 2016, el proyecto dio como resultado un <strong>sistema de propulsi\u00f3n h\u00edbrido<\/strong> que combina bater\u00edas el\u00e9ctricas con una planta de generaci\u00f3n di\u00e9sel, adecuada para buques de gran potencia. Gracias a esta <strong>tecnolog\u00eda pionera<\/strong>, los barcos pueden operar cerca de la costa <strong>sin emitir contaminantes ni ruido<\/strong>. <\/p><p>Esta tecnolog\u00eda se ha implantado en el buque escuela ORTZE, operado por el IES N\u00e1utico Pesquero de <strong>Pasaia<\/strong>, convirti\u00e9ndolo en el primer buque el\u00e9ctrico dise\u00f1ado, desarrollado y operado en Euskadi, con un sistema \u00fanico a nivel nacional.<\/p><p>El proyecto tambi\u00e9n pretende <strong>promover la educaci\u00f3n y la investigaci\u00f3n en transporte mar\u00edtimo sostenible<\/strong>. \u00abEl objetivo del consorcio es aportar conocimientos no s\u00f3lo sobre los buques el\u00e9ctricos, sino tambi\u00e9n sobre el ecosistema necesario para su funcionamiento\u00bb, explica Juanjo Varela. \u00abDesarrollar el proyecto en un buque escuela garantiza que el sector mar\u00edtimo de Euskadi contar\u00e1 en breve con profesionales especializados y preparados para esta nueva era\u00bb.  <\/p><p>En el consorcio ORTZE-CV participan el Grupo Ingeteam, <strong>Skandiaverken<\/strong>, Ormazabal, Lasa Naval, Foro Mar\u00edtimo Vasco, la Universidad del Pa\u00eds Vasco (UPV-EHU) a trav\u00e9s de la Escuela T\u00e9cnica Superior de Ingenier\u00eda de Bilbao, Mondragon Unibertsitatea, AZTI-Tecnalia, y la Escuela Profesional de N\u00e1utica y Pesca de Pasaia.<\/p><p>El proyecto forma parte del <strong>Programa Estrat\u00e9gico de I+D Hazitek 2017<\/strong> y est\u00e1 cofinanciado por el Departamento de Desarrollo Econ\u00f3mico e Infraestructuras del Gobierno Vasco y el Programa Operativo FEDER del Pa\u00eds Vasco 2014-2020.<\/p>\t\t\t\t\t\t\t\t<\/div>\n\t\t\t\t<\/div>\n\t\t\t\t<\/div>\n\t\t\t\t\t<\/div>\n\t\t\t\t<\/div>\n\t\t\t\t<\/div>\n\t\t","protected":false},"excerpt":{"rendered":"<p>PROYECTO ORZE Proyecto ORTZE-CV &#8211; El primer barco el\u00e9ctrico construido en el Pa\u00eds Vasco Skandiaverken particip\u00f3 en el proyecto ORTZE-CV, la primera iniciativa que condujo a la construcci\u00f3n de un buque el\u00e9ctrico en el Pa\u00eds Vasco, ahora listo para navegar por el Cant\u00e1brico. ORTZE-CV es un proyecto de I+D centrado en el desarrollo de soluciones [&hellip;]<\/p>\n","protected":false},"author":1,"featured_media":10475,"parent":0,"menu_order":0,"comment_status":"closed","ping_status":"closed","template":"","meta":{"footnotes":""},"class_list":["post-10474","page","type-page","status-publish","has-post-thumbnail","hentry"],"_links":{"self":[{"href":"https:\/\/www.skandiaverken.com\/es\/wp-json\/wp\/v2\/pages\/10474","targetHints":{"allow":["GET"]}}],"collection":[{"href":"https:\/\/www.skandiaverken.com\/es\/wp-json\/wp\/v2\/pages"}],"about":[{"href":"https:\/\/www.skandiaverken.com\/es\/wp-json\/wp\/v2\/types\/page"}],"author":[{"embeddable":true,"href":"https:\/\/www.skandiaverken.com\/es\/wp-json\/wp\/v2\/users\/1"}],"replies":[{"embeddable":true,"href":"https:\/\/www.skandiaverken.com\/es\/wp-json\/wp\/v2\/comments?post=10474"}],"version-history":[{"count":1,"href":"https:\/\/www.skandiaverken.com\/es\/wp-json\/wp\/v2\/pages\/10474\/revisions"}],"predecessor-version":[{"id":10477,"href":"https:\/\/www.skandiaverken.com\/es\/wp-json\/wp\/v2\/pages\/10474\/revisions\/10477"}],"wp:featuredmedia":[{"embeddable":true,"href":"https:\/\/www.skandiaverken.com\/es\/wp-json\/wp\/v2\/media\/10475"}],"wp:attachment":[{"href":"https:\/\/www.skandiaverken.com\/es\/wp-json\/wp\/v2\/media?parent=10474"}],"curies":[{"name":"wp","href":"https:\/\/api.w.org\/{rel}","templated":true}]}}