{"id":10464,"date":"2025-11-06T14:54:58","date_gmt":"2025-11-06T13:54:58","guid":{"rendered":"https:\/\/gold-ibis-155141.hostingersite.com\/aviso-legal\/"},"modified":"2025-11-27T09:52:04","modified_gmt":"2025-11-27T08:52:04","slug":"aviso-legal","status":"publish","type":"page","link":"https:\/\/www.skandiaverken.com\/es\/aviso-legal\/","title":{"rendered":"Aviso legal"},"content":{"rendered":"\t\t<div data-elementor-type=\"wp-page\" data-elementor-id=\"10464\" class=\"elementor elementor-10464 elementor-10101\" data-elementor-post-type=\"page\">\n\t\t\t\t<div class=\"elementor-element elementor-element-7270c9e e-flex e-con-boxed e-con e-parent\" data-id=\"7270c9e\" data-element_type=\"container\" data-e-type=\"container\">\n\t\t\t\t\t<div class=\"e-con-inner\">\n\t\t\t\t<div class=\"elementor-element elementor-element-c37b9a7 elementor-widget elementor-widget-spacer\" data-id=\"c37b9a7\" data-element_type=\"widget\" data-e-type=\"widget\" data-widget_type=\"spacer.default\">\n\t\t\t\t<div class=\"elementor-widget-container\">\n\t\t\t\t\t\t\t<div class=\"elementor-spacer\">\n\t\t\t<div class=\"elementor-spacer-inner\"><\/div>\n\t\t<\/div>\n\t\t\t\t\t\t<\/div>\n\t\t\t\t<\/div>\n\t\t\t\t<div class=\"elementor-element elementor-element-d16ae6f elementor-widget elementor-widget-text-editor\" data-id=\"d16ae6f\" data-element_type=\"widget\" data-e-type=\"widget\" data-widget_type=\"text-editor.default\">\n\t\t\t\t<div class=\"elementor-widget-container\">\n\t\t\t\t\t\t\t\t\taviso legal\t\t\t\t\t\t\t\t<\/div>\n\t\t\t\t<\/div>\n\t\t\t\t<div class=\"elementor-element elementor-element-cf9f012 elementor-widget elementor-widget-text-editor\" data-id=\"cf9f012\" data-element_type=\"widget\" data-e-type=\"widget\" data-widget_type=\"text-editor.default\">\n\t\t\t\t<div class=\"elementor-widget-container\">\n\t\t\t\t\t\t\t\t\t<p style=\"font-weight: 400;\">En cumplimiento de la Ley 34\/2002, de 11 de junio, de Servicios de la Sociedad de la Informaci\u00f3n y Comercio Electr\u00f3nico (LSSI-CE), Skandiaverken S.L.U. informa al usuario que es titular del sitio web skandiaverken.com. De conformidad con lo establecido en el art\u00edculo 10 de la citada Ley, Skandiaverken S.L.U. informa a los usuarios de lo siguiente: <\/p><p style=\"font-weight: 400;\">El titular de este sitio web es Skandiaverken S.L.U., con CIF B48979165 y con domicilio social en Pol\u00edgono Industrial Torrelarragoiti 7-M 48170 Zamudio &#8211; Bilbao Espa\u00f1a, inscrita en el Registro Mercantil al Tomo 3663, folio 223, hoja BI22134 e inscripci\u00f3n 20. El correo electr\u00f3nico de contacto con la empresa es: <a style=\"font-weight: 400;\" href=\"mailto:skv@skvbermeo.com\">skv@skvbermeo.com.<\/a> <\/p>\t\t\t\t\t\t\t\t<\/div>\n\t\t\t\t<\/div>\n\t\t\t\t<div class=\"elementor-element elementor-element-a445219 elementor-widget__width-initial elementor-widget elementor-widget-text-editor\" data-id=\"a445219\" data-element_type=\"widget\" data-e-type=\"widget\" data-widget_type=\"text-editor.default\">\n\t\t\t\t<div class=\"elementor-widget-container\">\n\t\t\t\t\t\t\t\t\t<h4 style=\"font-weight: 400;\"><b><strong>USUARIOS Y R\u00c9GIMEN DE RESPONSABILIDAD  <\/strong><\/b><\/h4>\t\t\t\t\t\t\t\t<\/div>\n\t\t\t\t<\/div>\n\t\t\t\t<div class=\"elementor-element elementor-element-e2e3e44 elementor-widget elementor-widget-text-editor\" data-id=\"e2e3e44\" data-element_type=\"widget\" data-e-type=\"widget\" data-widget_type=\"text-editor.default\">\n\t\t\t\t<div class=\"elementor-widget-container\">\n\t\t\t\t\t\t\t\t\t<p style=\"font-weight: 400;\">La navegaci\u00f3n, acceso y uso por el sitio web de Skandiaverken S.L.U. atribuye a quien lo realiza la condici\u00f3n de usuario. Como consecuencia de la navegaci\u00f3n por el sitio web de Skandiaverken S.L.U., dicho usuario acepta todas las condiciones de uso aqu\u00ed establecidas, sin perjuicio de la aplicaci\u00f3n de la correspondiente normativa de obligado cumplimiento aplicable en cada caso. <\/p><p style=\"font-weight: 400;\">El sitio web de Skandiaverken S.L.U. proporciona gran diversidad de informaci\u00f3n, servicios y datos. El usuario asume su responsabilidad personal por el uso correcto de este sitio web. Esta responsabilidad incluye:  <\/p>\t\t\t\t\t\t\t\t<\/div>\n\t\t\t\t<\/div>\n\t\t\t\t<div class=\"elementor-element elementor-element-00c6190 elementor-widget elementor-widget-text-editor\" data-id=\"00c6190\" data-element_type=\"widget\" data-e-type=\"widget\" data-widget_type=\"text-editor.default\">\n\t\t\t\t<div class=\"elementor-widget-container\">\n\t\t\t\t\t\t\t\t\t<ul style=\"font-weight: 400;\"><li style=\"font-weight: 300;\">  La veracidad y licitud de las informaciones aportadas por el usuario en los formularios solicitados por Skandiaverken S.L.U. para el acceso a ciertos contenidos o servicios ofrecidos por el web.<\/li><li style=\"font-weight: 300;\">  El uso de la informaci\u00f3n, servicios y datos ofrecidos por Skandiaverken S.L.U. contrariamente a lo dispuesto por las presentes condiciones, la Ley, la moral, las buenas costumbres y el orden p\u00fablico, o que de cualquier otro modo puedan suponer lesi\u00f3n de los derechos de terceros o afectar al correcto funcionamiento de la web.<\/li><\/ul>\t\t\t\t\t\t\t\t<\/div>\n\t\t\t\t<\/div>\n\t\t\t\t<div class=\"elementor-element elementor-element-64be30b elementor-widget elementor-widget-text-editor\" data-id=\"64be30b\" data-element_type=\"widget\" data-e-type=\"widget\" data-widget_type=\"text-editor.default\">\n\t\t\t\t<div class=\"elementor-widget-container\">\n\t\t\t\t\t\t\t\t\t<h4 style=\"font-weight: 400;\"><b><strong>POL\u00cdTICA DE ENLACES Y EXENCI\u00d3N DE RESPONSABILIDAD  <\/strong><\/b><\/h4>\t\t\t\t\t\t\t\t<\/div>\n\t\t\t\t<\/div>\n\t\t\t\t<div class=\"elementor-element elementor-element-ccd45ef elementor-widget elementor-widget-text-editor\" data-id=\"ccd45ef\" data-element_type=\"widget\" data-e-type=\"widget\" data-widget_type=\"text-editor.default\">\n\t\t\t\t<div class=\"elementor-widget-container\">\n\t\t\t\t\t\t\t\t\t<p style=\"font-weight: 400;\">Skandiaverken S.L.U. no se hace responsable del contenido de los sitios web a los que el usuario pueda acceder a trav\u00e9s de los enlaces establecidos en su sitio web y, en ning\u00fan caso, proceder\u00e1 a examinar o ejercitar ning\u00fan tipo de control sobre el contenido de otros sitios de la red. Asimismo, tampoco garantizar\u00e1 la disponibilidad t\u00e9cnica, exactitud, veracidad, validez o legalidad de p\u00e1ginas ajenas a su propiedad a las que se pueda acceder por medio de los enlaces. <\/p><p style=\"font-weight: 400;\">Skandiaverken S.L.U. ha adoptado todas las medidas necesarias para evitar cualquier da\u00f1o a los usuarios de su sitio web, que pudieran derivarse de la utilizaci\u00f3n del mismo. Por ello, Skandiaverken S.L.U. no se hace responsable, en ning\u00fan caso, de los eventuales da\u00f1os que por la utilizaci\u00f3n de Internet pudiera sufrir el usuario. <\/p>\t\t\t\t\t\t\t\t<\/div>\n\t\t\t\t<\/div>\n\t\t\t\t<div class=\"elementor-element elementor-element-6142e1d elementor-widget elementor-widget-text-editor\" data-id=\"6142e1d\" data-element_type=\"widget\" data-e-type=\"widget\" data-widget_type=\"text-editor.default\">\n\t\t\t\t<div class=\"elementor-widget-container\">\n\t\t\t\t\t\t\t\t\t<h4 style=\"font-weight: 400;\"><b><strong>MODIFICACI\u00d3N<\/strong><\/b><\/h4>\t\t\t\t\t\t\t\t<\/div>\n\t\t\t\t<\/div>\n\t\t\t\t<div class=\"elementor-element elementor-element-8475d47 elementor-widget elementor-widget-text-editor\" data-id=\"8475d47\" data-element_type=\"widget\" data-e-type=\"widget\" data-widget_type=\"text-editor.default\">\n\t\t\t\t<div class=\"elementor-widget-container\">\n\t\t\t\t\t\t\t\t\t<p style=\"font-weight: 400;\">Skandiaverken S.L.U. se reserva el derecho a realizar las modificaciones que considere oportunas, sin aviso previo, en el contenido de su sitio web. Esto incluye el contenido del sitio web, sus Condiciones de Uso, o las Condiciones Generales de Contrataci\u00f3n. Dichas modificaciones podr\u00e1n realizarse a trav\u00e9s de su sitio web de cualquier forma admisible en derecho y ser\u00e1n de obligado cumplimiento durante el tiempo en que permanezcan publicadas en el sitio web y hasta que no sean modificadas por otras posteriores.  <\/p>\t\t\t\t\t\t\t\t<\/div>\n\t\t\t\t<\/div>\n\t\t\t\t<div class=\"elementor-element elementor-element-6b80b64 elementor-widget elementor-widget-text-editor\" data-id=\"6b80b64\" data-element_type=\"widget\" data-e-type=\"widget\" data-widget_type=\"text-editor.default\">\n\t\t\t\t<div class=\"elementor-widget-container\">\n\t\t\t\t\t\t\t\t\t<p style=\"font-weight: 400;\"><b><strong>PROTECCI\u00d3N DE DATOS<\/strong><\/b><\/p>\t\t\t\t\t\t\t\t<\/div>\n\t\t\t\t<\/div>\n\t\t\t\t<div class=\"elementor-element elementor-element-3e62e6f elementor-widget elementor-widget-text-editor\" data-id=\"3e62e6f\" data-element_type=\"widget\" data-e-type=\"widget\" data-widget_type=\"text-editor.default\">\n\t\t\t\t<div class=\"elementor-widget-container\">\n\t\t\t\t\t\t\t\t\t<p style=\"font-weight: 400;\">De conformidad con lo establecido en la normativa vigente en Protecci\u00f3n de Datos de Car\u00e1cter Personal, le informamos que sus datos ser\u00e1n incorporados al sistema de tratamiento titularidad de Skandiaverken S.L.U., con CIF B48979165 y domicilio social en Pol\u00edgono Industrial Torrelarragoiti Parc P7M PAB 1 48170, Zamudio (Bizkaia), con la finalidad de poder facilitar, atender y cumplir los compromisos establecidos entre ambas partes. De acuerdo con la normativa aplicable, Skandiaveken S.L.U. informa a los usuarios que sus datos ser\u00e1n conservados durante el plazo necesario para cumplir con las condiciones antes mencionadas. <\/p><p style=\"font-weight: 400;\">Mientras no nos comuniques lo contrario, entenderemos que tus datos no han sido modificados, que te comprometes a notificarnos cualquier variaci\u00f3n en los mismos y que tenemos tu consentimiento para utilizarlos a fin de poder cumplir con las finalidades mencionadas.<\/p><p style=\"font-weight: 400;\">Asimismo, Skandiaverken S.L.U. te informa de que proceder\u00e1 a tratar los datos de manera l\u00edcita, leal, transparente, adecuada, pertinente, limitada, exacta y actualizada. Skandiaverken S.L.U. se compromete, por tanto, a adoptar todas las medidas razonables para que estos se supriman o rectifiquen sin dilaci\u00f3n cuando sean inexactos. <\/p><p style=\"font-weight: 400;\">De acuerdo con los derechos que te confiere la legislaci\u00f3n vigente en materia de Protecci\u00f3n de Datos de Car\u00e1cter Personal, puedes ejercitar los derechos de acceso, rectificaci\u00f3n, limitaci\u00f3n del tratamiento, supresi\u00f3n, portabilidad y oposici\u00f3n enviando tu solicitud a la direcci\u00f3n postal arriba indicada o escribiendo un correo electr\u00f3nico a <a style=\"font-weight: 400;\" href=\"mailto:skv@skvbermeo.com\">skv@skvbermeo.com.<\/a><\/p><p style=\"font-weight: 400;\">Puedes dirigirte a la Autoridad de Control competente para presentar la reclamaci\u00f3n que estimes oportuna.<\/p>\t\t\t\t\t\t\t\t<\/div>\n\t\t\t\t<\/div>\n\t\t\t\t<div class=\"elementor-element elementor-element-51d2543 elementor-widget elementor-widget-text-editor\" data-id=\"51d2543\" data-element_type=\"widget\" data-e-type=\"widget\" data-widget_type=\"text-editor.default\">\n\t\t\t\t<div class=\"elementor-widget-container\">\n\t\t\t\t\t\t\t\t\t<h4 style=\"font-weight: 400;\"><b><strong>PROPIEDAD INTELECTUAL E INDUSTRIAL<\/strong><\/b><\/h4>\t\t\t\t\t\t\t\t<\/div>\n\t\t\t\t<\/div>\n\t\t\t\t<div class=\"elementor-element elementor-element-a2041a0 elementor-widget elementor-widget-text-editor\" data-id=\"a2041a0\" data-element_type=\"widget\" data-e-type=\"widget\" data-widget_type=\"text-editor.default\">\n\t\t\t\t<div class=\"elementor-widget-container\">\n\t\t\t\t\t\t\t\t\t<p style=\"font-weight: 400;\">Skandiaverken SL por s\u00ed o como cesionaria, es titular de todos los derechos de propiedad intelectual e industrial de su p\u00e1gina web. Asimismo, todos los elementos contenidos en la misma (a t\u00edtulo enunciativo, im\u00e1genes, sonido, audio, v\u00eddeo, software o textos; marcas o logotipos, combinaciones de colores, maquetaci\u00f3n y dise\u00f1o, selecci\u00f3n de materiales usados, programas de ordenador necesarios para su correcto funcionamiento, acceso y uso, etc.) son titularidad de Skandiaverken SL. En consecuencia, dichas obras se encuentran protegidas como propiedad intelectual por el ordenamiento jur\u00eddico espa\u00f1ol, si\u00e9ndole de aplicaci\u00f3n en este caso tanto la legislaci\u00f3n espa\u00f1ola como la europea en la materia, as\u00ed como los convenios internacionales en la materia a los que Espa\u00f1a se encuentra adherida.  <\/p><p style=\"font-weight: 400;\">Todos los derechos reservados. En virtud de lo dispuesto en la Ley de Propiedad Intelectual, quedan expresamente prohibidas la reproducci\u00f3n, la distribuci\u00f3n y la comunicaci\u00f3n p\u00fablica, incluida su modalidad de puesta a disposici\u00f3n, de la totalidad o parte de los contenidos de esta p\u00e1gina web, con fines comerciales, en cualquier soporte y por cualquier medio t\u00e9cnico, sin la autorizaci\u00f3n de Skandiaverken S.L.u. <\/p><p style=\"font-weight: 400;\">El usuario se compromete a respetar los derechos de Propiedad Intelectual e Industrial titularidad de Skandiaverken S.L.U. El usuario podr\u00e1 visualizar los elementos de la web o incluso imprimirlos, copiarlos o almacenarlos en el disco duro de su ordenador o en cualquier otro soporte f\u00edsico siempre y cuando sea, \u00fanica y exclusivamente, para su uso personal y privado. El usuario deber\u00e1 abstenerse de suprimir, alterar, eludir o manipular cualquier dispositivo de protecci\u00f3n o sistema de seguridad que estuviera instalado en las p\u00e1ginas de Skandiaverken S.L.U.. <\/p>\t\t\t\t\t\t\t\t<\/div>\n\t\t\t\t<\/div>\n\t\t\t\t<div class=\"elementor-element elementor-element-d99b93c elementor-widget elementor-widget-text-editor\" data-id=\"d99b93c\" data-element_type=\"widget\" data-e-type=\"widget\" data-widget_type=\"text-editor.default\">\n\t\t\t\t<div class=\"elementor-widget-container\">\n\t\t\t\t\t\t\t\t\t<h4 style=\"font-weight: 400;\"><b><strong>ACCI\u00d3N LEGAL, LEGISLACI\u00d3N APLICABLE Y JURIDICCI\u00d3N<\/strong><\/b><\/h4>\t\t\t\t\t\t\t\t<\/div>\n\t\t\t\t<\/div>\n\t\t\t\t<div class=\"elementor-element elementor-element-8ec83b2 elementor-widget elementor-widget-text-editor\" data-id=\"8ec83b2\" data-element_type=\"widget\" data-e-type=\"widget\" data-widget_type=\"text-editor.default\">\n\t\t\t\t<div class=\"elementor-widget-container\">\n\t\t\t\t\t\t\t\t\t<p style=\"font-weight: 400;\">Skandiaverken S.L.U. se reserva la facultad de presentar las acciones civiles o penales que considere oportunas por la utilizaci\u00f3n indebida de su sitio web y contenidos, o por el incumplimiento de las presentes condiciones.<\/p><p style=\"font-weight: 400;\">La relaci\u00f3n entre el usuario y el prestador del servicio se regir\u00e1 por la normativa vigente y de aplicaci\u00f3n en el territorio espa\u00f1ol. En caso de litigio, las partes podr\u00e1n someter sus conflictos a arbitraje o acudir a la v\u00eda judicial ordinaria, respetando las normas sobre jurisdicci\u00f3n y competencia que resulten de aplicaci\u00f3n. El domicilio social de Skandiaverken S.L.U. se encuentra en Bizkaia, Espa\u00f1a.  <\/p>\t\t\t\t\t\t\t\t<\/div>\n\t\t\t\t<\/div>\n\t\t<div class=\"elementor-element elementor-element-2adcc0e e-con-full e-flex e-con e-child\" data-id=\"2adcc0e\" data-element_type=\"container\" data-e-type=\"container\">\n\t\t\t\t<div class=\"elementor-element elementor-element-25f801c elementor-widget elementor-widget-spacer\" data-id=\"25f801c\" data-element_type=\"widget\" data-e-type=\"widget\" data-widget_type=\"spacer.default\">\n\t\t\t\t<div class=\"elementor-widget-container\">\n\t\t\t\t\t\t\t<div class=\"elementor-spacer\">\n\t\t\t<div class=\"elementor-spacer-inner\"><\/div>\n\t\t<\/div>\n\t\t\t\t\t\t<\/div>\n\t\t\t\t<\/div>\n\t\t\t\t<\/div>\n\t\t\t\t\t<\/div>\n\t\t\t\t<\/div>\n\t\t\t\t<\/div>\n\t\t","protected":false},"excerpt":{"rendered":"<p>aviso legal En cumplimiento de la Ley 34\/2002, de 11 de junio, de Servicios de la Sociedad de la Informaci\u00f3n y Comercio Electr\u00f3nico (LSSI-CE), Skandiaverken S.L.U. informa al usuario que es titular del sitio web skandiaverken.com. De conformidad con lo establecido en el art\u00edculo 10 de la citada Ley, Skandiaverken S.L.U. informa a los usuarios [&hellip;]<\/p>\n","protected":false},"author":1,"featured_media":0,"parent":0,"menu_order":0,"comment_status":"closed","ping_status":"closed","template":"","meta":{"footnotes":""},"class_list":["post-10464","page","type-page","status-publish","hentry"],"_links":{"self":[{"href":"https:\/\/www.skandiaverken.com\/es\/wp-json\/wp\/v2\/pages\/10464","targetHints":{"allow":["GET"]}}],"collection":[{"href":"https:\/\/www.skandiaverken.com\/es\/wp-json\/wp\/v2\/pages"}],"about":[{"href":"https:\/\/www.skandiaverken.com\/es\/wp-json\/wp\/v2\/types\/page"}],"author":[{"embeddable":true,"href":"https:\/\/www.skandiaverken.com\/es\/wp-json\/wp\/v2\/users\/1"}],"replies":[{"embeddable":true,"href":"https:\/\/www.skandiaverken.com\/es\/wp-json\/wp\/v2\/comments?post=10464"}],"version-history":[{"count":1,"href":"https:\/\/www.skandiaverken.com\/es\/wp-json\/wp\/v2\/pages\/10464\/revisions"}],"predecessor-version":[{"id":10471,"href":"https:\/\/www.skandiaverken.com\/es\/wp-json\/wp\/v2\/pages\/10464\/revisions\/10471"}],"wp:attachment":[{"href":"https:\/\/www.skandiaverken.com\/es\/wp-json\/wp\/v2\/media?parent=10464"}],"curies":[{"name":"wp","href":"https:\/\/api.w.org\/{rel}","templated":true}]}}