{"id":10463,"date":"2025-09-10T15:26:17","date_gmt":"2025-09-10T13:26:17","guid":{"rendered":"https:\/\/gold-ibis-155141.hostingersite.com\/yanmar\/"},"modified":"2025-12-11T15:37:31","modified_gmt":"2025-12-11T14:37:31","slug":"yanmar","status":"publish","type":"page","link":"https:\/\/www.skandiaverken.com\/es\/yanmar\/","title":{"rendered":"Yanmar"},"content":{"rendered":"\t\t<div data-elementor-type=\"wp-page\" data-elementor-id=\"10463\" class=\"elementor elementor-10463 elementor-9710\" data-elementor-post-type=\"page\">\n\t\t\t\t<div class=\"elementor-element elementor-element-b5a6bb6 e-con-full e-flex e-con e-parent\" data-id=\"b5a6bb6\" data-element_type=\"container\">\n\t\t\t\t<\/div>\n\t\t<div class=\"elementor-element elementor-element-cf2d953 e-con-full e-flex e-con e-parent\" data-id=\"cf2d953\" data-element_type=\"container\" data-settings=\"{&quot;background_background&quot;:&quot;classic&quot;}\">\n\t\t<div class=\"elementor-element elementor-element-7e2b1aa e-con-full e-flex e-con e-child\" data-id=\"7e2b1aa\" data-element_type=\"container\" data-settings=\"{&quot;position&quot;:&quot;absolute&quot;}\">\n\t\t\t\t<div class=\"elementor-element elementor-element-02ce60e elementor-invisible elementor-widget elementor-widget-image\" data-id=\"02ce60e\" data-element_type=\"widget\" data-settings=\"{&quot;_animation&quot;:&quot;fadeInDown&quot;}\" data-widget_type=\"image.default\">\n\t\t\t\t<div class=\"elementor-widget-container\">\n\t\t\t\t\t\t\t\t\t\t\t\t\t\t\t<img decoding=\"async\" width=\"257\" height=\"31\" src=\"https:\/\/www.skandiaverken.com\/wp-content\/uploads\/2025\/06\/yANMAR.svg\" class=\"attachment-full size-full wp-image-10466\" alt=\"Logotipo Yanmar\" \/>\t\t\t\t\t\t\t\t\t\t\t\t\t\t\t<\/div>\n\t\t\t\t<\/div>\n\t\t\t\t<div class=\"elementor-element elementor-element-a3f7aa2 elementor-invisible elementor-widget elementor-widget-heading\" data-id=\"a3f7aa2\" data-element_type=\"widget\" data-settings=\"{&quot;_animation&quot;:&quot;fadeInDown&quot;}\" data-widget_type=\"heading.default\">\n\t\t\t\t<div class=\"elementor-widget-container\">\n\t\t\t\t\t<h2 class=\"elementor-heading-title elementor-size-default\"><b>YANMAR<\/b> <br>Distribuidor oficial de motores,<br>servicio y repuestos.<\/h2>\t\t\t\t<\/div>\n\t\t\t\t<\/div>\n\t\t\t\t<div class=\"elementor-element elementor-element-ace7f0e elementor-invisible elementor-widget elementor-widget-text-editor\" data-id=\"ace7f0e\" data-element_type=\"widget\" data-settings=\"{&quot;_animation&quot;:&quot;fadeInUp&quot;,&quot;_animation_delay&quot;:0.5}\" data-widget_type=\"text-editor.default\">\n\t\t\t\t<div class=\"elementor-widget-container\">\n\t\t\t\t\t\t\t\t\t<p>Desde 1996 Distribuidor oficial de YANMAR<\/p>\t\t\t\t\t\t\t\t<\/div>\n\t\t\t\t<\/div>\n\t\t\t\t<\/div>\n\t\t\t\t<\/div>\n\t\t<div class=\"elementor-element elementor-element-f6abcd7 e-flex e-con-boxed e-con e-parent\" data-id=\"f6abcd7\" data-element_type=\"container\">\n\t\t\t\t\t<div class=\"e-con-inner\">\n\t\t\t\t<div class=\"elementor-element elementor-element-68c2c0f anima-testo-zoom elementor-widget elementor-widget-heading\" data-id=\"68c2c0f\" data-element_type=\"widget\" data-settings=\"{&quot;_animation&quot;:&quot;none&quot;,&quot;_animation_delay&quot;:200}\" data-widget_type=\"heading.default\">\n\t\t\t\t<div class=\"elementor-widget-container\">\n\t\t\t\t\t<h1 class=\"elementor-heading-title elementor-size-default\">YANMAR<br><span class=\"tit-evidenza-small\">Distribuidor OFICIAL<\/span><\/h1>\t\t\t\t<\/div>\n\t\t\t\t<\/div>\n\t\t\t\t<div class=\"elementor-element elementor-element-82356e3 anima-testo-top elementor-widget elementor-widget-text-editor\" data-id=\"82356e3\" data-element_type=\"widget\" data-settings=\"{&quot;_animation&quot;:&quot;none&quot;,&quot;_animation_delay&quot;:300}\" data-widget_type=\"text-editor.default\">\n\t\t\t\t<div class=\"elementor-widget-container\">\n\t\t\t\t\t\t\t\t\t<p>Desde 1996, Skandiaverken ha sido <strong>distribuidor oficial de YANMAR<\/strong>, proporcionando <strong>repuestos originales YANMAR y servicio oficial YANMAR.<\/strong><br>Con una reputaci\u00f3n mundial de fiabilidad, <strong>YANMAR<\/strong> es un nombre l\u00edder en tecnolog\u00eda de motores marinos &#8211; y estamos orgullosos de ofrecer sus productos y servicios a precios competitivos, junto con un soporte t\u00e9cnico dedicado.<\/p>\t\t\t\t\t\t\t\t<\/div>\n\t\t\t\t<\/div>\n\t\t\t\t\t<\/div>\n\t\t\t\t<\/div>\n\t\t<div class=\"elementor-element elementor-element-d05d3d5 e-grid e-con-full e-con e-parent\" data-id=\"d05d3d5\" data-element_type=\"container\" data-settings=\"{&quot;animation&quot;:&quot;none&quot;}\">\n\t\t<a class=\"elementor-element elementor-element-926fba8 e-flex e-con-boxed e-con e-child\" data-id=\"926fba8\" data-element_type=\"container\" data-settings=\"{&quot;background_background&quot;:&quot;classic&quot;}\" href=\"https:\/\/www.skandiaverken.com\/yanmar-genuine-parts-and-engines\/\">\n\t\t\t\t\t<div class=\"e-con-inner\">\n\t\t\t\t<div class=\"elementor-element elementor-element-99b23bb elementor-widget elementor-widget-heading\" data-id=\"99b23bb\" data-element_type=\"widget\" data-widget_type=\"heading.default\">\n\t\t\t\t<div class=\"elementor-widget-container\">\n\t\t\t\t\t<h3 class=\"elementor-heading-title elementor-size-default\">Recambios y motores originales Yanmar<br> <\/h3>\t\t\t\t<\/div>\n\t\t\t\t<\/div>\n\t\t\t\t\t<\/div>\n\t\t\t\t<\/a>\n\t\t<a class=\"elementor-element elementor-element-c069f39 e-con-full e-flex e-con e-child\" data-id=\"c069f39\" data-element_type=\"container\" data-settings=\"{&quot;background_background&quot;:&quot;classic&quot;}\" href=\"https:\/\/www.skandiaverken.com\/yanmar-official-services\/\">\n\t\t\t\t<div class=\"elementor-element elementor-element-b3784fd elementor-widget elementor-widget-heading\" data-id=\"b3784fd\" data-element_type=\"widget\" data-widget_type=\"heading.default\">\n\t\t\t\t<div class=\"elementor-widget-container\">\n\t\t\t\t\t<h3 class=\"elementor-heading-title elementor-size-default\">Asistencia t\u00e9cnica abordo<br>oficial Yanmar<\/h3>\t\t\t\t<\/div>\n\t\t\t\t<\/div>\n\t\t\t\t<\/a>\n\t\t\t\t<\/div>\n\t\t\t\t<\/div>\n\t\t","protected":false},"excerpt":{"rendered":"<p>YANMAR Distribuidor oficial de motores,servicio y repuestos. Desde 1996 Distribuidor oficial de YANMAR YANMARDistribuidor OFICIAL Desde 1996, Skandiaverken ha sido distribuidor oficial de YANMAR, proporcionando repuestos originales YANMAR y servicio oficial YANMAR.Con una reputaci\u00f3n mundial de fiabilidad, YANMAR es un nombre l\u00edder en tecnolog\u00eda de motores marinos &#8211; y estamos orgullosos de ofrecer sus productos [&hellip;]<\/p>\n","protected":false},"author":2,"featured_media":10465,"parent":0,"menu_order":0,"comment_status":"closed","ping_status":"closed","template":"","meta":{"footnotes":""},"class_list":["post-10463","page","type-page","status-publish","has-post-thumbnail","hentry"],"_links":{"self":[{"href":"https:\/\/www.skandiaverken.com\/es\/wp-json\/wp\/v2\/pages\/10463","targetHints":{"allow":["GET"]}}],"collection":[{"href":"https:\/\/www.skandiaverken.com\/es\/wp-json\/wp\/v2\/pages"}],"about":[{"href":"https:\/\/www.skandiaverken.com\/es\/wp-json\/wp\/v2\/types\/page"}],"author":[{"embeddable":true,"href":"https:\/\/www.skandiaverken.com\/es\/wp-json\/wp\/v2\/users\/2"}],"replies":[{"embeddable":true,"href":"https:\/\/www.skandiaverken.com\/es\/wp-json\/wp\/v2\/comments?post=10463"}],"version-history":[{"count":10,"href":"https:\/\/www.skandiaverken.com\/es\/wp-json\/wp\/v2\/pages\/10463\/revisions"}],"predecessor-version":[{"id":10945,"href":"https:\/\/www.skandiaverken.com\/es\/wp-json\/wp\/v2\/pages\/10463\/revisions\/10945"}],"wp:featuredmedia":[{"embeddable":true,"href":"https:\/\/www.skandiaverken.com\/es\/wp-json\/wp\/v2\/media\/10465"}],"wp:attachment":[{"href":"https:\/\/www.skandiaverken.com\/es\/wp-json\/wp\/v2\/media?parent=10463"}],"curies":[{"name":"wp","href":"https:\/\/api.w.org\/{rel}","templated":true}]}}