{"id":10461,"date":"2025-11-04T15:51:45","date_gmt":"2025-11-04T14:51:45","guid":{"rendered":"https:\/\/gold-ibis-155141.hostingersite.com\/politica-de-calidad\/"},"modified":"2026-02-10T12:03:12","modified_gmt":"2026-02-10T11:03:12","slug":"politica-de-calidad","status":"publish","type":"page","link":"https:\/\/www.skandiaverken.com\/es\/politica-de-calidad\/","title":{"rendered":"Pol\u00edtica de calidad"},"content":{"rendered":"\t\t<div data-elementor-type=\"wp-page\" data-elementor-id=\"10461\" class=\"elementor elementor-10461 elementor-10125\" data-elementor-post-type=\"page\">\n\t\t\t\t<div class=\"elementor-element elementor-element-8a13b72 e-flex e-con-boxed e-con e-parent\" data-id=\"8a13b72\" data-element_type=\"container\" data-e-type=\"container\">\n\t\t\t\t\t<div class=\"e-con-inner\">\n\t\t\t\t<div class=\"elementor-element elementor-element-dbda325 elementor-widget elementor-widget-spacer\" data-id=\"dbda325\" data-element_type=\"widget\" data-e-type=\"widget\" data-widget_type=\"spacer.default\">\n\t\t\t\t<div class=\"elementor-widget-container\">\n\t\t\t\t\t\t\t<div class=\"elementor-spacer\">\n\t\t\t<div class=\"elementor-spacer-inner\"><\/div>\n\t\t<\/div>\n\t\t\t\t\t\t<\/div>\n\t\t\t\t<\/div>\n\t\t\t\t<div class=\"elementor-element elementor-element-44b30c7 elementor-widget elementor-widget-heading\" data-id=\"44b30c7\" data-element_type=\"widget\" data-e-type=\"widget\" data-widget_type=\"heading.default\">\n\t\t\t\t<div class=\"elementor-widget-container\">\n\t\t\t\t\t<h1 class=\"elementor-heading-title elementor-size-default\">POLITICA DE CALIDAD Y AMBIENTAL<\/h1>\t\t\t\t<\/div>\n\t\t\t\t<\/div>\n\t\t\t\t<div class=\"elementor-element elementor-element-c10f553 elementor-widget elementor-widget-text-editor\" data-id=\"c10f553\" data-element_type=\"widget\" data-e-type=\"widget\" data-widget_type=\"text-editor.default\">\n\t\t\t\t<div class=\"elementor-widget-container\">\n\t\t\t\t\t\t\t\t\t<p>La direcci\u00f3n de <span style=\"color: #375aaa; font-family: Raleway, Montserrat; font-size: 18px; font-weight: 800;\">Skandiaverken S.L.U.<\/span>\u00a0ha definido la calidad y la protecci\u00f3n del medio ambiente como parte fundamental de su estrategia y ha adoptado el modelo basado en las normas UNE-EN ISO 9001:2015 y UNE-EN ISO 14001:2015 como referencia para su gesti\u00f3n.<\/p><p>M\u00e1s en concreto, nuestra empresa ha adoptado la calidad y el respeto al medio ambiente como una filosof\u00eda de actuaci\u00f3n que se identifica en \u201cNUESTROS PRINCIPIOS\u201d (Misi\u00f3n, Visi\u00f3n y Valores).<\/p>\t\t\t\t\t\t\t\t<\/div>\n\t\t\t\t<\/div>\n\t\t\t\t<div class=\"elementor-element elementor-element-798bf24 elementor-widget elementor-widget-heading\" data-id=\"798bf24\" data-element_type=\"widget\" data-e-type=\"widget\" data-widget_type=\"heading.default\">\n\t\t\t\t<div class=\"elementor-widget-container\">\n\t\t\t\t\t<h2 class=\"elementor-heading-title elementor-size-default\">MISI\u00d3N<\/h2>\t\t\t\t<\/div>\n\t\t\t\t<\/div>\n\t\t\t\t<div class=\"elementor-element elementor-element-5cdc760 elementor-widget elementor-widget-text-editor\" data-id=\"5cdc760\" data-element_type=\"widget\" data-e-type=\"widget\" data-widget_type=\"text-editor.default\">\n\t\t\t\t<div class=\"elementor-widget-container\">\n\t\t\t\t\t\t\t\t\t<p>Skandiaverken es uno de los principales proveedores mundiales de repuestos para la industria naval. Los or\u00edgenes de Skandiaverken como fabricante de motores se remontan a la segunda mitad del siglo XIX. La vasta experiencia que hemos adquirido gracias a ello nos ha hecho \u00fanicos en nuestro sector gracias a nuestra capacidad de suministrar piezas de repuesto de alta calidad en un breve plazo de tiempo.  <\/p><p>Estamos constantemente trabajando para mejorar nuestro rendimiento en aras de obtener la satisfacci\u00f3n del cliente. <strong><span style=\"color: #375aaa; font-family: Raleway, Montserrat; font-size: 18px;\">Nosotros, no s\u00f3lo vendemos piezas de repuestos, sino que ayudamos a resolver los problemas del cliente ampliando la vida \u00fatil de sus equipos y mejorando su rendimiento.<\/span><\/strong><\/p>\t\t\t\t\t\t\t\t<\/div>\n\t\t\t\t<\/div>\n\t\t\t\t<div class=\"elementor-element elementor-element-2cb6bc3 elementor-widget elementor-widget-heading\" data-id=\"2cb6bc3\" data-element_type=\"widget\" data-e-type=\"widget\" data-widget_type=\"heading.default\">\n\t\t\t\t<div class=\"elementor-widget-container\">\n\t\t\t\t\t<h2 class=\"elementor-heading-title elementor-size-default\">VISI\u00d3N<\/h2>\t\t\t\t<\/div>\n\t\t\t\t<\/div>\n\t\t\t\t<div class=\"elementor-element elementor-element-27309a5 elementor-widget elementor-widget-text-editor\" data-id=\"27309a5\" data-element_type=\"widget\" data-e-type=\"widget\" data-widget_type=\"text-editor.default\">\n\t\t\t\t<div class=\"elementor-widget-container\">\n\t\t\t\t\t\t\t\t\t<p>Nuestro objetivo es resolver los problemas del cliente, desde un punto de vista t\u00e9cnico y pr\u00e1ctico con el prop\u00f3sito de mantener sus motores funcionando 24\/7, donde quiera que est\u00e9 el buque.<\/p><p>Dise\u00f1aremos, fabricaremos y venderemos componentes de motor personalizados y ofreceremos un alto grado de disponibilidad de productos y servicios. Nuestra calidad exceder\u00e1 las expectativas de los clientes y nuestro negocio se caracterizar\u00e1 por la simplicidad. <\/p>\t\t\t\t\t\t\t\t<\/div>\n\t\t\t\t<\/div>\n\t\t\t\t<div class=\"elementor-element elementor-element-a07a3b4 elementor-widget elementor-widget-heading\" data-id=\"a07a3b4\" data-element_type=\"widget\" data-e-type=\"widget\" data-widget_type=\"heading.default\">\n\t\t\t\t<div class=\"elementor-widget-container\">\n\t\t\t\t\t<h2 class=\"elementor-heading-title elementor-size-default\">VALORES<\/h2>\t\t\t\t<\/div>\n\t\t\t\t<\/div>\n\t\t\t\t<div class=\"elementor-element elementor-element-e12df13 elementor-widget elementor-widget-text-editor\" data-id=\"e12df13\" data-element_type=\"widget\" data-e-type=\"widget\" data-widget_type=\"text-editor.default\">\n\t\t\t\t<div class=\"elementor-widget-container\">\n\t\t\t\t\t\t\t\t\t<p>Hemos definido cuatro valores fundamentales que reflejan nuestra actitud hacia nuestros clientes.<\/p>\t\t\t\t\t\t\t\t<\/div>\n\t\t\t\t<\/div>\n\t\t\t\t<div class=\"elementor-element elementor-element-c19a726 elementor-widget elementor-widget-heading\" data-id=\"c19a726\" data-element_type=\"widget\" data-e-type=\"widget\" data-widget_type=\"heading.default\">\n\t\t\t\t<div class=\"elementor-widget-container\">\n\t\t\t\t\t<h2 class=\"elementor-heading-title elementor-size-default\">calidad<\/h2>\t\t\t\t<\/div>\n\t\t\t\t<\/div>\n\t\t\t\t<div class=\"elementor-element elementor-element-6b38adc elementor-widget elementor-widget-text-editor\" data-id=\"6b38adc\" data-element_type=\"widget\" data-e-type=\"widget\" data-widget_type=\"text-editor.default\">\n\t\t\t\t<div class=\"elementor-widget-container\">\n\t\t\t\t\t\t\t\t\t<p>Gracias a que disponemos de un gran stock, somos capaces de suministrar repuestos de gran calidad para una amplia gama de motores. Contamos con un sistema de gesti\u00f3n de la calidad eficiente y ofrecemos productos con la combinaci\u00f3n \u00f3ptima de nivel t\u00e9cnico, precio atractivo y rapidez de entrega. Como empresa certificada bajo la norma ISO 9001, estamos totalmente comprometidos con alcanzar nuestros objetivos marcados, as\u00ed como con la calidad del producto y del servicio.  <\/p>\t\t\t\t\t\t\t\t<\/div>\n\t\t\t\t<\/div>\n\t\t\t\t<div class=\"elementor-element elementor-element-2a8fb25 elementor-widget elementor-widget-heading\" data-id=\"2a8fb25\" data-element_type=\"widget\" data-e-type=\"widget\" data-widget_type=\"heading.default\">\n\t\t\t\t<div class=\"elementor-widget-container\">\n\t\t\t\t\t<h2 class=\"elementor-heading-title elementor-size-default\">flexibilidad<\/h2>\t\t\t\t<\/div>\n\t\t\t\t<\/div>\n\t\t\t\t<div class=\"elementor-element elementor-element-a9c2ea7 elementor-widget elementor-widget-text-editor\" data-id=\"a9c2ea7\" data-element_type=\"widget\" data-e-type=\"widget\" data-widget_type=\"text-editor.default\">\n\t\t\t\t<div class=\"elementor-widget-container\">\n\t\t\t\t\t\t\t\t\t<p>Nos centramos en el Cliente. Nuestra primera prioridad es encontrar una soluci\u00f3n r\u00e1pida y eficiente a su problema. Nuestra ambici\u00f3n es contestar a su solicitud en un plazo de un d\u00eda laborable y que su pedido est\u00e9 listo para env\u00edo en un plazo de 24 horas.  <\/p>\t\t\t\t\t\t\t\t<\/div>\n\t\t\t\t<\/div>\n\t\t\t\t<div class=\"elementor-element elementor-element-0e3b11c elementor-widget elementor-widget-heading\" data-id=\"0e3b11c\" data-element_type=\"widget\" data-e-type=\"widget\" data-widget_type=\"heading.default\">\n\t\t\t\t<div class=\"elementor-widget-container\">\n\t\t\t\t\t<h2 class=\"elementor-heading-title elementor-size-default\">disponibilidad<\/h2>\t\t\t\t<\/div>\n\t\t\t\t<\/div>\n\t\t\t\t<div class=\"elementor-element elementor-element-1559cf2 elementor-widget elementor-widget-text-editor\" data-id=\"1559cf2\" data-element_type=\"widget\" data-e-type=\"widget\" data-widget_type=\"text-editor.default\">\n\t\t\t\t<div class=\"elementor-widget-container\">\n\t\t\t\t\t\t\t\t\t<p>La combinaci\u00f3n de una amplia gama de repuestos en stock, un servicio especializado, experiencia y una red de Agentes internacional, nos permite satisfacer las demandas de los clientes con rapidez.<\/p>\t\t\t\t\t\t\t\t<\/div>\n\t\t\t\t<\/div>\n\t\t\t\t<div class=\"elementor-element elementor-element-75fe20f elementor-widget elementor-widget-heading\" data-id=\"75fe20f\" data-element_type=\"widget\" data-e-type=\"widget\" data-widget_type=\"heading.default\">\n\t\t\t\t<div class=\"elementor-widget-container\">\n\t\t\t\t\t<h2 class=\"elementor-heading-title elementor-size-default\">competencia<\/h2>\t\t\t\t<\/div>\n\t\t\t\t<\/div>\n\t\t\t\t<div class=\"elementor-element elementor-element-9d01da6 elementor-widget elementor-widget-text-editor\" data-id=\"9d01da6\" data-element_type=\"widget\" data-e-type=\"widget\" data-widget_type=\"text-editor.default\">\n\t\t\t\t<div class=\"elementor-widget-container\">\n\t\t\t\t\t\t\t\t\t<p>Skandiaverken tiene una larga y exitosa historia en la fabricaci\u00f3n, venta y reparaci\u00f3n de motores. Pero nuestro verdadero valor es el CAPITAL HUMANO. Skandiaverken agrupa a profesionales de Kincaid, en Reino Unido, Echevarria en Espa\u00f1a y Skandiaverken en Suecia. Todos ellos con una gran experiencia y conocimientos. Sus valores de diligencia, integridad y flexibilidad, combinados con una atenci\u00f3n personalizada a cada cliente son el coraz\u00f3n de nuestra empresa.   <\/p><p>Al desarrollar nuestra actividad para incluir los productos Yanmar y al mantenernos a la vanguardia de los cambios que est\u00e1n ocurriendo en el mercado global de hoy, seguimos agregando experiencia en todos los aspectos del negocio y estamos benefici\u00e1ndonos de nuevas ideas basadas en nuestros valores fundamentales. Sin este factor humano intangible, Skandiaverken no puede mantener el gran nombre y reputaci\u00f3n que ha conseguido durante m\u00e1s de un siglo en el mercado. <\/p>\t\t\t\t\t\t\t\t<\/div>\n\t\t\t\t<\/div>\n\t\t\t\t<div class=\"elementor-element elementor-element-07d0b1d elementor-widget elementor-widget-heading\" data-id=\"07d0b1d\" data-element_type=\"widget\" data-e-type=\"widget\" data-widget_type=\"heading.default\">\n\t\t\t\t<div class=\"elementor-widget-container\">\n\t\t\t\t\t<h2 class=\"elementor-heading-title elementor-size-default\">PREVENCI\u00d3N DE LA CONTAMINACI\u00d3N Y PROTECCI\u00d3N DEL MEDIO AMBIENTE<\/h2>\t\t\t\t<\/div>\n\t\t\t\t<\/div>\n\t\t\t\t<div class=\"elementor-element elementor-element-bf0f54b elementor-widget elementor-widget-text-editor\" data-id=\"bf0f54b\" data-element_type=\"widget\" data-e-type=\"widget\" data-widget_type=\"text-editor.default\">\n\t\t\t\t<div class=\"elementor-widget-container\">\n\t\t\t\t\t\t\t\t\t<p>Promovemos el uso eficiente de los recursos naturales, la gesti\u00f3n responsable de residuos, la prevenci\u00f3n de la contaminaci\u00f3n en todas nuestras actividades y la mitigaci\u00f3n y adaptaci\u00f3n al cambio clim\u00e1tico.<\/p><p>Con la implantaci\u00f3n de las norma ISO 9001:2015 e ISO 14001:2015, la Direcci\u00f3n de Skandiaverken concreta el compromiso con sus clientes y otras partes y la voluntad permanente de continuidad basada en la mejora continua.<\/p><p>Pero este compromiso afecta a toda la organizaci\u00f3n. Todas las personas de Skandiaverken aceptan este compromiso y su responsabilidad en el cumplimiento de los requisitos establecidos y de participar activamente en la mejora. Para ello la Direcci\u00f3n de Skandiaverken facilitar\u00e1 los medios necesarios y se compromete a cumplir los requisitos legales y reglamentarios aplicables, as\u00ed como, con los compromisos voluntarios que la empresa suscriba relacionados con nuestros aspectos ambientales y a mantener un proceso permanente de mejora continua de nuestro sistema de gesti\u00f3n de la calidad y ambiental, estableciendo y revisando peri\u00f3dicamente objetivos e indicadores medibles alineados con las l\u00edneas estrat\u00e9gicas de la organizaci\u00f3n.  <\/p><p>Esta Pol\u00edtica de Calidad y Ambiental es entendida, implantada y mantenida al d\u00eda en todos los niveles de la organizaci\u00f3n y cuenta con el TOTAL COMPROMISO de la Direcci\u00f3n que la establece, desarrolla y aplica. <\/p>\t\t\t\t\t\t\t\t<\/div>\n\t\t\t\t<\/div>\n\t\t\t\t\t<\/div>\n\t\t\t\t<\/div>\n\t\t<div class=\"elementor-element elementor-element-1e373a8 e-flex e-con-boxed e-con e-parent\" data-id=\"1e373a8\" data-element_type=\"container\" data-e-type=\"container\">\n\t\t\t\t\t<div class=\"e-con-inner\">\n\t\t\t\t<div class=\"elementor-element elementor-element-31b0ccd elementor-widget elementor-widget-spacer\" data-id=\"31b0ccd\" data-element_type=\"widget\" data-e-type=\"widget\" data-widget_type=\"spacer.default\">\n\t\t\t\t<div class=\"elementor-widget-container\">\n\t\t\t\t\t\t\t<div class=\"elementor-spacer\">\n\t\t\t<div class=\"elementor-spacer-inner\"><\/div>\n\t\t<\/div>\n\t\t\t\t\t\t<\/div>\n\t\t\t\t<\/div>\n\t\t\t\t\t<\/div>\n\t\t\t\t<\/div>\n\t\t\t\t<\/div>\n\t\t","protected":false},"excerpt":{"rendered":"<p>POLITICA DE CALIDAD Y AMBIENTAL La direcci\u00f3n de Skandiaverken S.L.U.\u00a0ha definido la calidad y la protecci\u00f3n del medio ambiente como parte fundamental de su estrategia y ha adoptado el modelo basado en las normas UNE-EN ISO 9001:2015 y UNE-EN ISO 14001:2015 como referencia para su gesti\u00f3n. M\u00e1s en concreto, nuestra empresa ha adoptado la calidad [&hellip;]<\/p>\n","protected":false},"author":1,"featured_media":0,"parent":0,"menu_order":0,"comment_status":"closed","ping_status":"closed","template":"","meta":{"footnotes":""},"class_list":["post-10461","page","type-page","status-publish","hentry"],"_links":{"self":[{"href":"https:\/\/www.skandiaverken.com\/es\/wp-json\/wp\/v2\/pages\/10461","targetHints":{"allow":["GET"]}}],"collection":[{"href":"https:\/\/www.skandiaverken.com\/es\/wp-json\/wp\/v2\/pages"}],"about":[{"href":"https:\/\/www.skandiaverken.com\/es\/wp-json\/wp\/v2\/types\/page"}],"author":[{"embeddable":true,"href":"https:\/\/www.skandiaverken.com\/es\/wp-json\/wp\/v2\/users\/1"}],"replies":[{"embeddable":true,"href":"https:\/\/www.skandiaverken.com\/es\/wp-json\/wp\/v2\/comments?post=10461"}],"version-history":[{"count":5,"href":"https:\/\/www.skandiaverken.com\/es\/wp-json\/wp\/v2\/pages\/10461\/revisions"}],"predecessor-version":[{"id":11164,"href":"https:\/\/www.skandiaverken.com\/es\/wp-json\/wp\/v2\/pages\/10461\/revisions\/11164"}],"wp:attachment":[{"href":"https:\/\/www.skandiaverken.com\/es\/wp-json\/wp\/v2\/media?parent=10461"}],"curies":[{"name":"wp","href":"https:\/\/api.w.org\/{rel}","templated":true}]}}