{"id":10457,"date":"2025-08-26T19:13:40","date_gmt":"2025-08-26T17:13:40","guid":{"rendered":"https:\/\/gold-ibis-155141.hostingersite.com\/revision-general-man-stx-6l32-40\/"},"modified":"2025-12-15T14:56:05","modified_gmt":"2025-12-15T13:56:05","slug":"revision-general-man-stx-6l32-40","status":"publish","type":"page","link":"https:\/\/www.skandiaverken.com\/es\/revision-general-man-stx-6l32-40\/","title":{"rendered":"Revisi\u00f3n general MAN STX 6L32\/40"},"content":{"rendered":"\t\t<div data-elementor-type=\"wp-page\" data-elementor-id=\"10457\" class=\"elementor elementor-10457 elementor-9084\" data-elementor-post-type=\"page\">\n\t\t\t\t<div class=\"elementor-element elementor-element-1fc8781f e-con-full e-flex e-con e-parent\" data-id=\"1fc8781f\" data-element_type=\"container\" data-e-type=\"container\">\n\t\t\t\t<\/div>\n\t\t<div class=\"elementor-element elementor-element-3b7b4f5d e-flex e-con-boxed e-con e-parent\" data-id=\"3b7b4f5d\" data-element_type=\"container\" data-e-type=\"container\">\n\t\t\t\t\t<div class=\"e-con-inner\">\n\t\t\t\t<div class=\"elementor-element elementor-element-3917cf22 anima-testo-zoom elementor-widget elementor-widget-heading\" data-id=\"3917cf22\" data-element_type=\"widget\" data-e-type=\"widget\" data-settings=\"{&quot;_animation&quot;:&quot;none&quot;,&quot;_animation_delay&quot;:200}\" data-widget_type=\"heading.default\">\n\t\t\t\t<div class=\"elementor-widget-container\">\n\t\t\t\t\t<h1 class=\"elementor-heading-title elementor-size-default\"><span class=\"tit-evidenza\">HISTORIA DEL CASO\n <\/span><br><small>Revisi\u00f3n general MAN STX 6L32\/40<\/small><\/h1>\t\t\t\t<\/div>\n\t\t\t\t<\/div>\n\t\t\t\t\t<\/div>\n\t\t\t\t<\/div>\n\t\t<div class=\"elementor-element elementor-element-4f2108e5 e-grid e-con-boxed e-con e-parent\" data-id=\"4f2108e5\" data-element_type=\"container\" data-e-type=\"container\">\n\t\t\t\t\t<div class=\"e-con-inner\">\n\t\t<div class=\"elementor-element elementor-element-53f329c e-con-full e-grid e-con e-child\" data-id=\"53f329c\" data-element_type=\"container\" data-e-type=\"container\">\n\t\t<div class=\"elementor-element elementor-element-3eca2b9 e-con-full e-flex e-con e-child\" data-id=\"3eca2b9\" data-element_type=\"container\" data-e-type=\"container\" data-settings=\"{&quot;background_background&quot;:&quot;classic&quot;}\">\n\t\t\t\t<\/div>\n\t\t<div class=\"elementor-element elementor-element-5cb9a86 e-con-full e-flex e-con e-child\" data-id=\"5cb9a86\" data-element_type=\"container\" data-e-type=\"container\" data-settings=\"{&quot;background_background&quot;:&quot;classic&quot;}\">\n\t\t\t\t<\/div>\n\t\t\t\t<\/div>\n\t\t<div class=\"elementor-element elementor-element-2597ee4e e-con-full e-flex e-con e-child\" data-id=\"2597ee4e\" data-element_type=\"container\" data-e-type=\"container\">\n\t\t\t\t<div class=\"elementor-element elementor-element-1d46a4db elementor-invisible elementor-widget elementor-widget-text-editor\" data-id=\"1d46a4db\" data-element_type=\"widget\" data-e-type=\"widget\" data-settings=\"{&quot;_animation&quot;:&quot;fadeIn&quot;,&quot;_animation_delay&quot;:300}\" data-widget_type=\"text-editor.default\">\n\t\t\t\t<div class=\"elementor-widget-container\">\n\t\t\t\t\t\t\t\t\t<ul><li>Piezas de motor suministradas.<\/li><li>68000 Horas de funcionamiento Revisi\u00f3n completa.<\/li><li>Piezas principales reconducidas en el taller SKV. Culatas, pistones, bielas, camisas, bombas HT y LT, enfriador de aire, v\u00e1lvula principal de arranque, bomba de aceite, etc. <\/li><li>Inspecci\u00f3n del \u00e1rbol de levas y del amortiguador del cig\u00fce\u00f1al.<\/li><li>Todos los par\u00e1metros de funcionamiento y dispositivos de seguridad comprobados.<\/li><\/ul>\t\t\t\t\t\t\t\t<\/div>\n\t\t\t\t<\/div>\n\t\t\t\t<\/div>\n\t\t\t\t\t<\/div>\n\t\t\t\t<\/div>\n\t\t\t\t<\/div>\n\t\t","protected":false},"excerpt":{"rendered":"<p>HISTORIA DEL CASO Revisi\u00f3n general MAN STX 6L32\/40 Piezas de motor suministradas. 68000 Horas de funcionamiento Revisi\u00f3n completa. Piezas principales reconducidas en el taller SKV. Culatas, pistones, bielas, camisas, bombas HT y LT, enfriador de aire, v\u00e1lvula principal de arranque, bomba de aceite, etc. Inspecci\u00f3n del \u00e1rbol de levas y del amortiguador del cig\u00fce\u00f1al. Todos [&hellip;]<\/p>\n","protected":false},"author":1,"featured_media":10325,"parent":0,"menu_order":0,"comment_status":"closed","ping_status":"closed","template":"","meta":{"footnotes":""},"class_list":["post-10457","page","type-page","status-publish","has-post-thumbnail","hentry"],"_links":{"self":[{"href":"https:\/\/www.skandiaverken.com\/es\/wp-json\/wp\/v2\/pages\/10457","targetHints":{"allow":["GET"]}}],"collection":[{"href":"https:\/\/www.skandiaverken.com\/es\/wp-json\/wp\/v2\/pages"}],"about":[{"href":"https:\/\/www.skandiaverken.com\/es\/wp-json\/wp\/v2\/types\/page"}],"author":[{"embeddable":true,"href":"https:\/\/www.skandiaverken.com\/es\/wp-json\/wp\/v2\/users\/1"}],"replies":[{"embeddable":true,"href":"https:\/\/www.skandiaverken.com\/es\/wp-json\/wp\/v2\/comments?post=10457"}],"version-history":[{"count":1,"href":"https:\/\/www.skandiaverken.com\/es\/wp-json\/wp\/v2\/pages\/10457\/revisions"}],"predecessor-version":[{"id":10460,"href":"https:\/\/www.skandiaverken.com\/es\/wp-json\/wp\/v2\/pages\/10457\/revisions\/10460"}],"wp:featuredmedia":[{"embeddable":true,"href":"https:\/\/www.skandiaverken.com\/es\/wp-json\/wp\/v2\/media\/10325"}],"wp:attachment":[{"href":"https:\/\/www.skandiaverken.com\/es\/wp-json\/wp\/v2\/media?parent=10457"}],"curies":[{"name":"wp","href":"https:\/\/api.w.org\/{rel}","templated":true}]}}