{"id":10451,"date":"2025-08-26T18:49:12","date_gmt":"2025-08-26T16:49:12","guid":{"rendered":"https:\/\/gold-ibis-155141.hostingersite.com\/rectificacion-de-la-fuga-de-gases-de-escape-motor-de-2-tiempos\/"},"modified":"2025-12-11T15:18:08","modified_gmt":"2025-12-11T14:18:08","slug":"rectificacion-de-la-fuga-de-gases-de-escape-motor-de-2-tiempos","status":"publish","type":"page","link":"https:\/\/www.skandiaverken.com\/es\/rectificacion-de-la-fuga-de-gases-de-escape-motor-de-2-tiempos\/","title":{"rendered":"Rectificaci\u00f3n de la fuga de gases de escape &#8211; Motor de 2 tiempos"},"content":{"rendered":"\t\t<div data-elementor-type=\"wp-page\" data-elementor-id=\"10451\" class=\"elementor elementor-10451 elementor-8993\" data-elementor-post-type=\"page\">\n\t\t\t\t<div class=\"elementor-element elementor-element-d4becde e-con-full e-flex e-con e-parent\" data-id=\"d4becde\" data-element_type=\"container\" data-e-type=\"container\">\n\t\t\t\t<\/div>\n\t\t<div class=\"elementor-element elementor-element-d3b7906 e-flex e-con-boxed e-con e-parent\" data-id=\"d3b7906\" data-element_type=\"container\" data-e-type=\"container\">\n\t\t\t\t\t<div class=\"e-con-inner\">\n\t\t\t\t<div class=\"elementor-element elementor-element-86de966 anima-testo-zoom elementor-widget elementor-widget-heading\" data-id=\"86de966\" data-element_type=\"widget\" data-e-type=\"widget\" data-settings=\"{&quot;_animation&quot;:&quot;none&quot;,&quot;_animation_delay&quot;:200}\" data-widget_type=\"heading.default\">\n\t\t\t\t<div class=\"elementor-widget-container\">\n\t\t\t\t\t<h1 class=\"elementor-heading-title elementor-size-default\"><span class=\"tit-evidenza\">CASO PR\u00c1CTICO\n <\/span><br><small>Rectificaci\u00f3n de la fuga de gases de escape - Motor de dos tiempos\n\n<\/small><\/h1>\t\t\t\t<\/div>\n\t\t\t\t<\/div>\n\t\t\t\t\t<\/div>\n\t\t\t\t<\/div>\n\t\t<div class=\"elementor-element elementor-element-897c28c e-grid e-con-boxed e-con e-parent\" data-id=\"897c28c\" data-element_type=\"container\" data-e-type=\"container\">\n\t\t\t\t\t<div class=\"e-con-inner\">\n\t\t<div class=\"elementor-element elementor-element-40c5126 e-con-full e-grid e-con e-child\" data-id=\"40c5126\" data-element_type=\"container\" data-e-type=\"container\">\n\t\t<div class=\"elementor-element elementor-element-e214325 e-con-full e-grid e-con e-child\" data-id=\"e214325\" data-element_type=\"container\" data-e-type=\"container\">\n\t\t<div class=\"elementor-element elementor-element-55306be e-con-full e-flex e-con e-child\" data-id=\"55306be\" data-element_type=\"container\" data-e-type=\"container\" data-settings=\"{&quot;background_background&quot;:&quot;classic&quot;}\">\n\t\t\t\t<\/div>\n\t\t<div class=\"elementor-element elementor-element-b6f5f60 e-con-full e-flex e-con e-child\" data-id=\"b6f5f60\" data-element_type=\"container\" data-e-type=\"container\" data-settings=\"{&quot;background_background&quot;:&quot;classic&quot;}\">\n\t\t\t\t<\/div>\n\t\t\t\t<\/div>\n\t\t<div class=\"elementor-element elementor-element-af95f49 e-grid e-con-full e-con e-child\" data-id=\"af95f49\" data-element_type=\"container\" data-e-type=\"container\">\n\t\t<div class=\"elementor-element elementor-element-0f501c2 e-con-full e-flex e-con e-child\" data-id=\"0f501c2\" data-element_type=\"container\" data-e-type=\"container\" data-settings=\"{&quot;background_background&quot;:&quot;classic&quot;}\">\n\t\t\t\t<\/div>\n\t\t<div class=\"elementor-element elementor-element-fa6d04b e-con-full e-flex e-con e-child\" data-id=\"fa6d04b\" data-element_type=\"container\" data-e-type=\"container\" data-settings=\"{&quot;background_background&quot;:&quot;classic&quot;}\">\n\t\t\t\t<\/div>\n\t\t\t\t<\/div>\n\t\t\t\t<\/div>\n\t\t<div class=\"elementor-element elementor-element-a789a2a e-con-full e-flex e-con e-child\" data-id=\"a789a2a\" data-element_type=\"container\" data-e-type=\"container\">\n\t\t\t\t<div class=\"elementor-element elementor-element-ba0c70f anima-testo-top elementor-widget elementor-widget-text-editor\" data-id=\"ba0c70f\" data-element_type=\"widget\" data-e-type=\"widget\" data-widget_type=\"text-editor.default\">\n\t\t\t\t<div class=\"elementor-widget-container\">\n\t\t\t\t\t\t\t\t\t<ul><li>Identificaci\u00f3n e inspecci\u00f3n de fugas de gases de escape entre la camisa y la tapa del cilindro<\/li><li>Movilizaci\u00f3n y desplazamiento de herramientas de mecanizado especializadas in situ<\/li><li>Mecanizado de precisi\u00f3n de la cara dividida de la superficie de estanqueidad de la tapa del cilindro<\/li><li>Mecanizado de la cara dividida del rellano superior de la camisa del cilindro para restablecer la planitud<\/li><li>Montaje preciso que garantiza una estanqueidad \u00f3ptima y un funcionamiento sin fugas<\/li><li>Realizado in situ con un tiempo m\u00ednimo de inactividad del motor<\/li><\/ul>\t\t\t\t\t\t\t\t<\/div>\n\t\t\t\t<\/div>\n\t\t\t\t<\/div>\n\t\t\t\t\t<\/div>\n\t\t\t\t<\/div>\n\t\t\t\t<\/div>\n\t\t","protected":false},"excerpt":{"rendered":"<p>CASO PR\u00c1CTICO Rectificaci\u00f3n de la fuga de gases de escape &#8211; Motor de dos tiempos Identificaci\u00f3n e inspecci\u00f3n de fugas de gases de escape entre la camisa y la tapa del cilindro Movilizaci\u00f3n y desplazamiento de herramientas de mecanizado especializadas in situ Mecanizado de precisi\u00f3n de la cara dividida de la superficie de estanqueidad de [&hellip;]<\/p>\n","protected":false},"author":1,"featured_media":10325,"parent":0,"menu_order":0,"comment_status":"closed","ping_status":"closed","template":"","meta":{"footnotes":""},"class_list":["post-10451","page","type-page","status-publish","has-post-thumbnail","hentry"],"_links":{"self":[{"href":"https:\/\/www.skandiaverken.com\/es\/wp-json\/wp\/v2\/pages\/10451","targetHints":{"allow":["GET"]}}],"collection":[{"href":"https:\/\/www.skandiaverken.com\/es\/wp-json\/wp\/v2\/pages"}],"about":[{"href":"https:\/\/www.skandiaverken.com\/es\/wp-json\/wp\/v2\/types\/page"}],"author":[{"embeddable":true,"href":"https:\/\/www.skandiaverken.com\/es\/wp-json\/wp\/v2\/users\/1"}],"replies":[{"embeddable":true,"href":"https:\/\/www.skandiaverken.com\/es\/wp-json\/wp\/v2\/comments?post=10451"}],"version-history":[{"count":1,"href":"https:\/\/www.skandiaverken.com\/es\/wp-json\/wp\/v2\/pages\/10451\/revisions"}],"predecessor-version":[{"id":10456,"href":"https:\/\/www.skandiaverken.com\/es\/wp-json\/wp\/v2\/pages\/10451\/revisions\/10456"}],"wp:featuredmedia":[{"embeddable":true,"href":"https:\/\/www.skandiaverken.com\/es\/wp-json\/wp\/v2\/media\/10325"}],"wp:attachment":[{"href":"https:\/\/www.skandiaverken.com\/es\/wp-json\/wp\/v2\/media?parent=10451"}],"curies":[{"name":"wp","href":"https:\/\/api.w.org\/{rel}","templated":true}]}}