{"id":10448,"date":"2025-08-26T18:15:57","date_gmt":"2025-08-26T16:15:57","guid":{"rendered":"https:\/\/gold-ibis-155141.hostingersite.com\/rectificacion-de-danos-en-los-cojinetes-del-generador\/"},"modified":"2025-12-15T14:52:36","modified_gmt":"2025-12-15T13:52:36","slug":"rectificacion-de-danos-en-los-cojinetes-del-generador","status":"publish","type":"page","link":"https:\/\/www.skandiaverken.com\/es\/rectificacion-de-danos-en-los-cojinetes-del-generador\/","title":{"rendered":"Rectificaci\u00f3n de da\u00f1os en los cojinetes del generador"},"content":{"rendered":"\t\t<div data-elementor-type=\"wp-page\" data-elementor-id=\"10448\" class=\"elementor elementor-10448 elementor-8925\" data-elementor-post-type=\"page\">\n\t\t\t\t<div class=\"elementor-element elementor-element-561593e e-con-full e-flex e-con e-parent\" data-id=\"561593e\" data-element_type=\"container\" data-e-type=\"container\">\n\t\t\t\t<\/div>\n\t\t<div class=\"elementor-element elementor-element-2bac077 e-flex e-con-boxed e-con e-parent\" data-id=\"2bac077\" data-element_type=\"container\" data-e-type=\"container\">\n\t\t\t\t\t<div class=\"e-con-inner\">\n\t\t\t\t<div class=\"elementor-element elementor-element-62f8a2c anima-testo-zoom elementor-widget elementor-widget-heading\" data-id=\"62f8a2c\" data-element_type=\"widget\" data-e-type=\"widget\" data-settings=\"{&quot;_animation&quot;:&quot;none&quot;,&quot;_animation_delay&quot;:200}\" data-widget_type=\"heading.default\">\n\t\t\t\t<div class=\"elementor-widget-container\">\n\t\t\t\t\t<h1 class=\"elementor-heading-title elementor-size-default\"><span class=\"tit-evidenza\">CASO REAL\n <\/span><br><small>Rectificaci\u00f3n de da\u00f1os en los cojinetes del generador\n\n<\/small><\/h1>\t\t\t\t<\/div>\n\t\t\t\t<\/div>\n\t\t\t\t\t<\/div>\n\t\t\t\t<\/div>\n\t\t<div class=\"elementor-element elementor-element-bcbdb0f e-grid e-con-boxed e-con e-parent\" data-id=\"bcbdb0f\" data-element_type=\"container\" data-e-type=\"container\">\n\t\t\t\t\t<div class=\"e-con-inner\">\n\t\t<div class=\"elementor-element elementor-element-a4e1004 e-con-full e-grid e-con e-child\" data-id=\"a4e1004\" data-element_type=\"container\" data-e-type=\"container\">\n\t\t<div class=\"elementor-element elementor-element-ba91910 e-con-full e-grid e-con e-child\" data-id=\"ba91910\" data-element_type=\"container\" data-e-type=\"container\">\n\t\t<div class=\"elementor-element elementor-element-e2ac55f e-con-full e-flex e-con e-child\" data-id=\"e2ac55f\" data-element_type=\"container\" data-e-type=\"container\" data-settings=\"{&quot;background_background&quot;:&quot;classic&quot;}\">\n\t\t\t\t<\/div>\n\t\t<div class=\"elementor-element elementor-element-c1f16d3 e-con-full e-flex e-con e-child\" data-id=\"c1f16d3\" data-element_type=\"container\" data-e-type=\"container\" data-settings=\"{&quot;background_background&quot;:&quot;classic&quot;}\">\n\t\t\t\t<\/div>\n\t\t\t\t<\/div>\n\t\t<div class=\"elementor-element elementor-element-e0aa9f8 e-grid e-con-full e-con e-child\" data-id=\"e0aa9f8\" data-element_type=\"container\" data-e-type=\"container\">\n\t\t<div class=\"elementor-element elementor-element-675d4a8 e-con-full e-flex e-con e-child\" data-id=\"675d4a8\" data-element_type=\"container\" data-e-type=\"container\" data-settings=\"{&quot;background_background&quot;:&quot;classic&quot;}\">\n\t\t\t\t<\/div>\n\t\t<div class=\"elementor-element elementor-element-5b48dbb e-con-full e-flex e-con e-child\" data-id=\"5b48dbb\" data-element_type=\"container\" data-e-type=\"container\" data-settings=\"{&quot;background_background&quot;:&quot;classic&quot;}\">\n\t\t\t\t<\/div>\n\t\t<div class=\"elementor-element elementor-element-c16c7bf e-con-full e-flex e-con e-child\" data-id=\"c16c7bf\" data-element_type=\"container\" data-e-type=\"container\" data-settings=\"{&quot;background_background&quot;:&quot;classic&quot;}\">\n\t\t\t\t<\/div>\n\t\t\t\t<\/div>\n\t\t\t\t<\/div>\n\t\t<div class=\"elementor-element elementor-element-0fdffe2 e-con-full e-flex e-con e-child\" data-id=\"0fdffe2\" data-element_type=\"container\" data-e-type=\"container\">\n\t\t\t\t<div class=\"elementor-element elementor-element-9ac87f2 elementor-invisible elementor-widget elementor-widget-text-editor\" data-id=\"9ac87f2\" data-element_type=\"widget\" data-e-type=\"widget\" data-settings=\"{&quot;_animation&quot;:&quot;fadeIn&quot;,&quot;_animation_delay&quot;:300}\" data-widget_type=\"text-editor.default\">\n\t\t\t\t<div class=\"elementor-widget-container\">\n\t\t\t\t\t\t\t\t\t<ul><li>Detecci\u00f3n e inspecci\u00f3n de da\u00f1os en la zona del cojinete del eje del generador<\/li><li>Escaneado 3D de alta precisi\u00f3n y medici\u00f3n digital de la geometr\u00eda del eje<\/li><li>Mecanizado in situ para restablecer el eje dentro de las tolerancias geom\u00e9tricas<\/li><li>Estrecha coordinaci\u00f3n con el fabricante de rodamientos (Renk) para una soluci\u00f3n a medida<\/li><li>Dise\u00f1o y producci\u00f3n de cojinetes especiales de tama\u00f1o inferior para adaptarse a la geometr\u00eda restaurada<\/li><li>Instalaci\u00f3n del nuevo rodamiento y alineaci\u00f3n final<\/li><li>Puesta en servicio y vuelta a la plena operatividad con \u00e9xito<\/li><li>Resultado: Excelencia t\u00e9cnica demostrada &#8211; condujo a otros encargos de alto nivel en el emplazamiento<\/li><\/ul>\t\t\t\t\t\t\t\t<\/div>\n\t\t\t\t<\/div>\n\t\t\t\t<\/div>\n\t\t\t\t\t<\/div>\n\t\t\t\t<\/div>\n\t\t\t\t<\/div>\n\t\t","protected":false},"excerpt":{"rendered":"<p>CASO REAL Rectificaci\u00f3n de da\u00f1os en los cojinetes del generador Detecci\u00f3n e inspecci\u00f3n de da\u00f1os en la zona del cojinete del eje del generador Escaneado 3D de alta precisi\u00f3n y medici\u00f3n digital de la geometr\u00eda del eje Mecanizado in situ para restablecer el eje dentro de las tolerancias geom\u00e9tricas Estrecha coordinaci\u00f3n con el fabricante de [&hellip;]<\/p>\n","protected":false},"author":1,"featured_media":10325,"parent":0,"menu_order":0,"comment_status":"closed","ping_status":"closed","template":"","meta":{"footnotes":""},"class_list":["post-10448","page","type-page","status-publish","has-post-thumbnail","hentry"],"_links":{"self":[{"href":"https:\/\/www.skandiaverken.com\/es\/wp-json\/wp\/v2\/pages\/10448","targetHints":{"allow":["GET"]}}],"collection":[{"href":"https:\/\/www.skandiaverken.com\/es\/wp-json\/wp\/v2\/pages"}],"about":[{"href":"https:\/\/www.skandiaverken.com\/es\/wp-json\/wp\/v2\/types\/page"}],"author":[{"embeddable":true,"href":"https:\/\/www.skandiaverken.com\/es\/wp-json\/wp\/v2\/users\/1"}],"replies":[{"embeddable":true,"href":"https:\/\/www.skandiaverken.com\/es\/wp-json\/wp\/v2\/comments?post=10448"}],"version-history":[{"count":1,"href":"https:\/\/www.skandiaverken.com\/es\/wp-json\/wp\/v2\/pages\/10448\/revisions"}],"predecessor-version":[{"id":10450,"href":"https:\/\/www.skandiaverken.com\/es\/wp-json\/wp\/v2\/pages\/10448\/revisions\/10450"}],"wp:featuredmedia":[{"embeddable":true,"href":"https:\/\/www.skandiaverken.com\/es\/wp-json\/wp\/v2\/media\/10325"}],"wp:attachment":[{"href":"https:\/\/www.skandiaverken.com\/es\/wp-json\/wp\/v2\/media?parent=10448"}],"curies":[{"name":"wp","href":"https:\/\/api.w.org\/{rel}","templated":true}]}}