{"id":10435,"date":"2025-08-26T19:04:16","date_gmt":"2025-08-26T17:04:16","guid":{"rendered":"https:\/\/gold-ibis-155141.hostingersite.com\/oceanica-8-x-bergen-c2533l9p\/"},"modified":"2025-12-11T15:22:57","modified_gmt":"2025-12-11T14:22:57","slug":"oceanica-8-x-bergen-c2533l9p","status":"publish","type":"page","link":"https:\/\/www.skandiaverken.com\/es\/oceanica-8-x-bergen-c2533l9p\/","title":{"rendered":"OCEANICA 8 x Bergen C25:33L9P"},"content":{"rendered":"\t\t<div data-elementor-type=\"wp-page\" data-elementor-id=\"10435\" class=\"elementor elementor-10435 elementor-9040\" data-elementor-post-type=\"page\">\n\t\t\t\t<div class=\"elementor-element elementor-element-56454245 e-con-full e-flex e-con e-parent\" data-id=\"56454245\" data-element_type=\"container\" data-e-type=\"container\">\n\t\t\t\t<\/div>\n\t\t<div class=\"elementor-element elementor-element-723fbaba e-flex e-con-boxed e-con e-parent\" data-id=\"723fbaba\" data-element_type=\"container\" data-e-type=\"container\">\n\t\t\t\t\t<div class=\"e-con-inner\">\n\t\t\t\t<div class=\"elementor-element elementor-element-2d99ce31 anima-testo-zoom elementor-widget elementor-widget-heading\" data-id=\"2d99ce31\" data-element_type=\"widget\" data-e-type=\"widget\" data-settings=\"{&quot;_animation&quot;:&quot;none&quot;,&quot;_animation_delay&quot;:200}\" data-widget_type=\"heading.default\">\n\t\t\t\t<div class=\"elementor-widget-container\">\n\t\t\t\t\t<h1 class=\"elementor-heading-title elementor-size-default\"><span class=\"tit-evidenza\">HISTORIA DE CASO\n <\/span><br><small>\"OCE\u00c1NICA\" 8 x Bergen C25:33L9P <\/small> <\/h1>\t\t\t\t<\/div>\n\t\t\t\t<\/div>\n\t\t\t\t\t<\/div>\n\t\t\t\t<\/div>\n\t\t<div class=\"elementor-element elementor-element-6d43a178 e-grid e-con-boxed e-con e-parent\" data-id=\"6d43a178\" data-element_type=\"container\" data-e-type=\"container\">\n\t\t\t\t\t<div class=\"e-con-inner\">\n\t\t<div class=\"elementor-element elementor-element-0d92868 e-con-full e-grid e-con e-child\" data-id=\"0d92868\" data-element_type=\"container\" data-e-type=\"container\">\n\t\t<div class=\"elementor-element elementor-element-ed1630d e-con-full e-flex e-con e-child\" data-id=\"ed1630d\" data-element_type=\"container\" data-e-type=\"container\" data-settings=\"{&quot;background_background&quot;:&quot;classic&quot;}\">\n\t\t\t\t<\/div>\n\t\t<div class=\"elementor-element elementor-element-da30927 e-grid e-con-full e-con e-child\" data-id=\"da30927\" data-element_type=\"container\" data-e-type=\"container\">\n\t\t<div class=\"elementor-element elementor-element-9217054 e-grid e-con-full e-con e-child\" data-id=\"9217054\" data-element_type=\"container\" data-e-type=\"container\">\n\t\t<div class=\"elementor-element elementor-element-99fdf9a e-con-full e-flex e-con e-child\" data-id=\"99fdf9a\" data-element_type=\"container\" data-e-type=\"container\" data-settings=\"{&quot;background_background&quot;:&quot;classic&quot;}\">\n\t\t\t\t<\/div>\n\t\t<div class=\"elementor-element elementor-element-25de3e5 e-con-full e-flex e-con e-child\" data-id=\"25de3e5\" data-element_type=\"container\" data-e-type=\"container\" data-settings=\"{&quot;background_background&quot;:&quot;classic&quot;}\">\n\t\t\t\t<\/div>\n\t\t\t\t<\/div>\n\t\t<div class=\"elementor-element elementor-element-a035aa3 e-con-full elementor-hidden-mobile_extra elementor-hidden-mobile e-flex e-con e-child\" data-id=\"a035aa3\" data-element_type=\"container\" data-e-type=\"container\" data-settings=\"{&quot;background_background&quot;:&quot;classic&quot;}\">\n\t\t\t\t<\/div>\n\t\t\t\t<\/div>\n\t\t\t\t<\/div>\n\t\t<div class=\"elementor-element elementor-element-54f4614 e-con-full e-flex e-con e-child\" data-id=\"54f4614\" data-element_type=\"container\" data-e-type=\"container\">\n\t\t\t\t<div class=\"elementor-element elementor-element-6e5bf65 elementor-invisible elementor-widget elementor-widget-text-editor\" data-id=\"6e5bf65\" data-element_type=\"widget\" data-e-type=\"widget\" data-settings=\"{&quot;_animation&quot;:&quot;fadeIn&quot;,&quot;_animation_delay&quot;:300}\" data-widget_type=\"text-editor.default\">\n\t\t\t\t<div class=\"elementor-widget-container\">\n\t\t\t\t\t\t\t\t\t<ul><li>Twinco fue recomendada para este trabajo por el anterior propietario, Solstad.<\/li><li>Alcance: Revisi\u00f3n general de 2 \u00d7 4 motores Bergen C25:33L9P a bordo de dos buques de manipulaci\u00f3n de anclas.<\/li><li>Servicios prestados:<\/li><li>Servicio a bordo<\/li><li>Revisiones de taller<\/li><li>Suministro de todas las piezas de recambio por Twinco<\/li><li>  Todo el proyecto se complet\u00f3 antes de lo previsto.<\/li><\/ul>\t\t\t\t\t\t\t\t<\/div>\n\t\t\t\t<\/div>\n\t\t\t\t<\/div>\n\t\t\t\t\t<\/div>\n\t\t\t\t<\/div>\n\t\t\t\t<\/div>\n\t\t","protected":false},"excerpt":{"rendered":"<p>HISTORIA DE CASO \u00abOCE\u00c1NICA\u00bb 8 x Bergen C25:33L9P Twinco fue recomendada para este trabajo por el anterior propietario, Solstad. Alcance: Revisi\u00f3n general de 2 \u00d7 4 motores Bergen C25:33L9P a bordo de dos buques de manipulaci\u00f3n de anclas. Servicios prestados: Servicio a bordo Revisiones de taller Suministro de todas las piezas de recambio por Twinco [&hellip;]<\/p>\n","protected":false},"author":1,"featured_media":10325,"parent":0,"menu_order":0,"comment_status":"closed","ping_status":"closed","template":"","meta":{"footnotes":""},"class_list":["post-10435","page","type-page","status-publish","has-post-thumbnail","hentry"],"_links":{"self":[{"href":"https:\/\/www.skandiaverken.com\/es\/wp-json\/wp\/v2\/pages\/10435","targetHints":{"allow":["GET"]}}],"collection":[{"href":"https:\/\/www.skandiaverken.com\/es\/wp-json\/wp\/v2\/pages"}],"about":[{"href":"https:\/\/www.skandiaverken.com\/es\/wp-json\/wp\/v2\/types\/page"}],"author":[{"embeddable":true,"href":"https:\/\/www.skandiaverken.com\/es\/wp-json\/wp\/v2\/users\/1"}],"replies":[{"embeddable":true,"href":"https:\/\/www.skandiaverken.com\/es\/wp-json\/wp\/v2\/comments?post=10435"}],"version-history":[{"count":1,"href":"https:\/\/www.skandiaverken.com\/es\/wp-json\/wp\/v2\/pages\/10435\/revisions"}],"predecessor-version":[{"id":10441,"href":"https:\/\/www.skandiaverken.com\/es\/wp-json\/wp\/v2\/pages\/10435\/revisions\/10441"}],"wp:featuredmedia":[{"embeddable":true,"href":"https:\/\/www.skandiaverken.com\/es\/wp-json\/wp\/v2\/media\/10325"}],"wp:attachment":[{"href":"https:\/\/www.skandiaverken.com\/es\/wp-json\/wp\/v2\/media?parent=10435"}],"curies":[{"name":"wp","href":"https:\/\/api.w.org\/{rel}","templated":true}]}}