{"id":10429,"date":"2025-08-26T19:01:56","date_gmt":"2025-08-26T17:01:56","guid":{"rendered":"https:\/\/gold-ibis-155141.hostingersite.com\/proceso-de-revision-conforme-al-oem-para-una-inyeccion-de-combustible-fiable\/"},"modified":"2025-12-11T15:21:35","modified_gmt":"2025-12-11T14:21:35","slug":"proceso-de-revision-conforme-al-oem-para-una-inyeccion-de-combustible-fiable","status":"publish","type":"page","link":"https:\/\/www.skandiaverken.com\/es\/proceso-de-revision-conforme-al-oem-para-una-inyeccion-de-combustible-fiable\/","title":{"rendered":"Proceso de revisi\u00f3n conforme al OEM para una inyecci\u00f3n de combustible fiable"},"content":{"rendered":"\t\t<div data-elementor-type=\"wp-page\" data-elementor-id=\"10429\" class=\"elementor elementor-10429 elementor-9026\" data-elementor-post-type=\"page\">\n\t\t\t\t<div class=\"elementor-element elementor-element-1d0a83fa e-con-full e-flex e-con e-parent\" data-id=\"1d0a83fa\" data-element_type=\"container\">\n\t\t\t\t<\/div>\n\t\t<div class=\"elementor-element elementor-element-24b10a07 e-flex e-con-boxed e-con e-parent\" data-id=\"24b10a07\" data-element_type=\"container\">\n\t\t\t\t\t<div class=\"e-con-inner\">\n\t\t\t\t<div class=\"elementor-element elementor-element-e27b6a anima-testo-zoom elementor-widget elementor-widget-heading\" data-id=\"e27b6a\" data-element_type=\"widget\" data-settings=\"{&quot;_animation&quot;:&quot;none&quot;,&quot;_animation_delay&quot;:200}\" data-widget_type=\"heading.default\">\n\t\t\t\t<div class=\"elementor-widget-container\">\n\t\t\t\t\t<h1 class=\"elementor-heading-title elementor-size-default\"><span class=\"tit-evidenza\">CASO REAL\n <\/span><br><small>Proceso de revisi\u00f3n conforme a OEM para una inyecci\u00f3n de combustible fiable\n<\/small><\/h1>\t\t\t\t<\/div>\n\t\t\t\t<\/div>\n\t\t\t\t\t<\/div>\n\t\t\t\t<\/div>\n\t\t<div class=\"elementor-element elementor-element-37d3b69a e-grid e-con-boxed e-con e-parent\" data-id=\"37d3b69a\" data-element_type=\"container\">\n\t\t\t\t\t<div class=\"e-con-inner\">\n\t\t<div class=\"elementor-element elementor-element-59c5422 e-con-full e-flex e-con e-child\" data-id=\"59c5422\" data-element_type=\"container\">\n\t\t<div class=\"elementor-element elementor-element-ae61863 e-con-full e-grid e-con e-child\" data-id=\"ae61863\" data-element_type=\"container\">\n\t\t<div class=\"elementor-element elementor-element-44d94b6 e-con-full e-flex e-con e-child\" data-id=\"44d94b6\" data-element_type=\"container\" data-settings=\"{&quot;background_background&quot;:&quot;classic&quot;}\">\n\t\t\t\t<\/div>\n\t\t<div class=\"elementor-element elementor-element-0104b7d e-con-full e-flex e-con e-child\" data-id=\"0104b7d\" data-element_type=\"container\" data-settings=\"{&quot;background_background&quot;:&quot;classic&quot;}\">\n\t\t\t\t<\/div>\n\t\t\t\t<\/div>\n\t\t<div class=\"elementor-element elementor-element-5319e42 e-grid e-con-full e-con e-child\" data-id=\"5319e42\" data-element_type=\"container\">\n\t\t<div class=\"elementor-element elementor-element-a814cbf e-con-full e-flex e-con e-child\" data-id=\"a814cbf\" data-element_type=\"container\" data-settings=\"{&quot;background_background&quot;:&quot;classic&quot;}\">\n\t\t\t\t<\/div>\n\t\t<div class=\"elementor-element elementor-element-6b2add2 e-con-full e-flex e-con e-child\" data-id=\"6b2add2\" data-element_type=\"container\" data-settings=\"{&quot;background_background&quot;:&quot;classic&quot;}\">\n\t\t\t\t<\/div>\n\t\t\t\t<\/div>\n\t\t\t\t<\/div>\n\t\t<div class=\"elementor-element elementor-element-29c1d7aa e-con-full e-flex e-con e-child\" data-id=\"29c1d7aa\" data-element_type=\"container\">\n\t\t\t\t<div class=\"elementor-element elementor-element-7b0a2d00 elementor-invisible elementor-widget elementor-widget-text-editor\" data-id=\"7b0a2d00\" data-element_type=\"widget\" data-settings=\"{&quot;_animation&quot;:&quot;fadeIn&quot;,&quot;_animation_delay&quot;:300}\" data-widget_type=\"text-editor.default\">\n\t\t\t\t<div class=\"elementor-widget-container\">\n\t\t\t\t\t\t\t\t\t<ul><li>Desmontaje completo de la bomba de fuel-oil (FOP) en taller<\/li><li>Limpieza a fondo y eliminaci\u00f3n de todos los componentes internos<\/li><li>Extracci\u00f3n de la v\u00e1lvula antirretorno para su inspecci\u00f3n y sustituci\u00f3n<\/li><li>Cambio de piezas desgastadas o da\u00f1adas seg\u00fan la evaluaci\u00f3n del estado<\/li><li>Reensamblaje de la bomba de combustible con componentes nuevos cuando sea necesario<\/li><li>Preparado para la reinstalaci\u00f3n con la funcionalidad totalmente restaurada<\/li><\/ul>\t\t\t\t\t\t\t\t<\/div>\n\t\t\t\t<\/div>\n\t\t\t\t<\/div>\n\t\t\t\t\t<\/div>\n\t\t\t\t<\/div>\n\t\t\t\t<\/div>\n\t\t","protected":false},"excerpt":{"rendered":"<p>CASO REAL Proceso de revisi\u00f3n conforme a OEM para una inyecci\u00f3n de combustible fiable Desmontaje completo de la bomba de fuel-oil (FOP) en taller Limpieza a fondo y eliminaci\u00f3n de todos los componentes internos Extracci\u00f3n de la v\u00e1lvula antirretorno para su inspecci\u00f3n y sustituci\u00f3n Cambio de piezas desgastadas o da\u00f1adas seg\u00fan la evaluaci\u00f3n del estado [&hellip;]<\/p>\n","protected":false},"author":1,"featured_media":10325,"parent":0,"menu_order":0,"comment_status":"closed","ping_status":"closed","template":"","meta":{"footnotes":""},"class_list":["post-10429","page","type-page","status-publish","has-post-thumbnail","hentry"],"_links":{"self":[{"href":"https:\/\/www.skandiaverken.com\/es\/wp-json\/wp\/v2\/pages\/10429","targetHints":{"allow":["GET"]}}],"collection":[{"href":"https:\/\/www.skandiaverken.com\/es\/wp-json\/wp\/v2\/pages"}],"about":[{"href":"https:\/\/www.skandiaverken.com\/es\/wp-json\/wp\/v2\/types\/page"}],"author":[{"embeddable":true,"href":"https:\/\/www.skandiaverken.com\/es\/wp-json\/wp\/v2\/users\/1"}],"replies":[{"embeddable":true,"href":"https:\/\/www.skandiaverken.com\/es\/wp-json\/wp\/v2\/comments?post=10429"}],"version-history":[{"count":1,"href":"https:\/\/www.skandiaverken.com\/es\/wp-json\/wp\/v2\/pages\/10429\/revisions"}],"predecessor-version":[{"id":10434,"href":"https:\/\/www.skandiaverken.com\/es\/wp-json\/wp\/v2\/pages\/10429\/revisions\/10434"}],"wp:featuredmedia":[{"embeddable":true,"href":"https:\/\/www.skandiaverken.com\/es\/wp-json\/wp\/v2\/media\/10325"}],"wp:attachment":[{"href":"https:\/\/www.skandiaverken.com\/es\/wp-json\/wp\/v2\/media?parent=10429"}],"curies":[{"name":"wp","href":"https:\/\/api.w.org\/{rel}","templated":true}]}}