{"id":10417,"date":"2025-08-26T18:59:41","date_gmt":"2025-08-26T16:59:41","guid":{"rendered":"https:\/\/gold-ibis-155141.hostingersite.com\/revision-de-amortiguadores-geislinger-man-bw-8l-48-60-cr\/"},"modified":"2025-12-11T15:19:19","modified_gmt":"2025-12-11T14:19:19","slug":"revision-de-amortiguadores-geislinger-man-bw-8l-48-60-cr","status":"publish","type":"page","link":"https:\/\/www.skandiaverken.com\/es\/revision-de-amortiguadores-geislinger-man-bw-8l-48-60-cr\/","title":{"rendered":"Revisi\u00f3n de amortiguadores Geislinger MAN B&amp;W 8L 48\/60 CR"},"content":{"rendered":"\t\t<div data-elementor-type=\"wp-page\" data-elementor-id=\"10417\" class=\"elementor elementor-10417 elementor-9014\" data-elementor-post-type=\"page\">\n\t\t\t\t<div class=\"elementor-element elementor-element-4f1ae77c e-con-full e-flex e-con e-parent\" data-id=\"4f1ae77c\" data-element_type=\"container\" data-e-type=\"container\">\n\t\t\t\t<\/div>\n\t\t<div class=\"elementor-element elementor-element-6e760005 e-flex e-con-boxed e-con e-parent\" data-id=\"6e760005\" data-element_type=\"container\" data-e-type=\"container\">\n\t\t\t\t\t<div class=\"e-con-inner\">\n\t\t\t\t<div class=\"elementor-element elementor-element-3cfe8b60 anima-testo-zoom elementor-widget elementor-widget-heading\" data-id=\"3cfe8b60\" data-element_type=\"widget\" data-e-type=\"widget\" data-settings=\"{&quot;_animation&quot;:&quot;none&quot;,&quot;_animation_delay&quot;:200}\" data-widget_type=\"heading.default\">\n\t\t\t\t<div class=\"elementor-widget-container\">\n\t\t\t\t\t<h1 class=\"elementor-heading-title elementor-size-default\"><span class=\"tit-evidenza\">HISTORIA DE UN CASO\n <\/span><br><small>Revisi\u00f3n de amortiguadores Geislinger MAN B&amp;W 8L 48\/60 CR <\/small> <\/h1>\t\t\t\t<\/div>\n\t\t\t\t<\/div>\n\t\t\t\t\t<\/div>\n\t\t\t\t<\/div>\n\t\t<div class=\"elementor-element elementor-element-519efb06 e-grid e-con-boxed e-con e-parent\" data-id=\"519efb06\" data-element_type=\"container\" data-e-type=\"container\">\n\t\t\t\t\t<div class=\"e-con-inner\">\n\t\t<div class=\"elementor-element elementor-element-8b68062 e-con-full e-grid e-con e-child\" data-id=\"8b68062\" data-element_type=\"container\" data-e-type=\"container\">\n\t\t<div class=\"elementor-element elementor-element-a6ee0c8 e-con-full e-flex e-con e-child\" data-id=\"a6ee0c8\" data-element_type=\"container\" data-e-type=\"container\" data-settings=\"{&quot;background_background&quot;:&quot;classic&quot;}\">\n\t\t\t\t<\/div>\n\t\t<div class=\"elementor-element elementor-element-4f42fac e-grid e-con-full e-con e-child\" data-id=\"4f42fac\" data-element_type=\"container\" data-e-type=\"container\">\n\t\t<div class=\"elementor-element elementor-element-a2d8809 e-grid e-con-full e-con e-child\" data-id=\"a2d8809\" data-element_type=\"container\" data-e-type=\"container\">\n\t\t<div class=\"elementor-element elementor-element-2efb558 e-con-full e-flex e-con e-child\" data-id=\"2efb558\" data-element_type=\"container\" data-e-type=\"container\" data-settings=\"{&quot;background_background&quot;:&quot;classic&quot;}\">\n\t\t\t\t<\/div>\n\t\t<div class=\"elementor-element elementor-element-8a82a00 e-con-full e-flex e-con e-child\" data-id=\"8a82a00\" data-element_type=\"container\" data-e-type=\"container\" data-settings=\"{&quot;background_background&quot;:&quot;classic&quot;}\">\n\t\t\t\t<\/div>\n\t\t\t\t<\/div>\n\t\t<div class=\"elementor-element elementor-element-cba4fcd e-con-full elementor-hidden-mobile_extra elementor-hidden-mobile e-flex e-con e-child\" data-id=\"cba4fcd\" data-element_type=\"container\" data-e-type=\"container\" data-settings=\"{&quot;background_background&quot;:&quot;classic&quot;}\">\n\t\t\t\t<\/div>\n\t\t\t\t<\/div>\n\t\t\t\t<\/div>\n\t\t<div class=\"elementor-element elementor-element-3aa5ff9e e-con-full e-flex e-con e-child\" data-id=\"3aa5ff9e\" data-element_type=\"container\" data-e-type=\"container\">\n\t\t\t\t<div class=\"elementor-element elementor-element-7c4218b3 elementor-invisible elementor-widget elementor-widget-text-editor\" data-id=\"7c4218b3\" data-element_type=\"widget\" data-e-type=\"widget\" data-settings=\"{&quot;_animation&quot;:&quot;fadeIn&quot;,&quot;_animation_delay&quot;:300}\" data-widget_type=\"text-editor.default\">\n\t\t\t\t<div class=\"elementor-widget-container\">\n\t\t\t\t\t\t\t\t\t<ul><li>Desmontaje de la compuerta montada en el motor como parte del mantenimiento programado<\/li><li>Retirada y transporte de la compuerta al taller para inspecci\u00f3n interna<\/li><li>Desmontaje de la unidad de amortiguaci\u00f3n y medici\u00f3n detallada de los componentes internos<\/li><li>Sustituci\u00f3n del kit completo de juntas OEM<\/li><li>Montaje y reinstalaci\u00f3n del amortiguador con la alineaci\u00f3n y el par de apriete correctos<\/li><li>Todos los trabajos ejecutados por personal formado por Geislinger<\/li><li>Garantizaba el cumplimiento de las especificaciones y normas de seguridad del OEM<\/li><li>Resultado: Rendimiento del amortiguador restaurado y vida \u00fatil prolongada<\/li><\/ul>\t\t\t\t\t\t\t\t<\/div>\n\t\t\t\t<\/div>\n\t\t\t\t<\/div>\n\t\t\t\t\t<\/div>\n\t\t\t\t<\/div>\n\t\t\t\t<\/div>\n\t\t","protected":false},"excerpt":{"rendered":"<p>HISTORIA DE UN CASO Revisi\u00f3n de amortiguadores Geislinger MAN B&amp;W 8L 48\/60 CR Desmontaje de la compuerta montada en el motor como parte del mantenimiento programado Retirada y transporte de la compuerta al taller para inspecci\u00f3n interna Desmontaje de la unidad de amortiguaci\u00f3n y medici\u00f3n detallada de los componentes internos Sustituci\u00f3n del kit completo de [&hellip;]<\/p>\n","protected":false},"author":1,"featured_media":10325,"parent":0,"menu_order":0,"comment_status":"closed","ping_status":"closed","template":"","meta":{"footnotes":""},"class_list":["post-10417","page","type-page","status-publish","has-post-thumbnail","hentry"],"_links":{"self":[{"href":"https:\/\/www.skandiaverken.com\/es\/wp-json\/wp\/v2\/pages\/10417","targetHints":{"allow":["GET"]}}],"collection":[{"href":"https:\/\/www.skandiaverken.com\/es\/wp-json\/wp\/v2\/pages"}],"about":[{"href":"https:\/\/www.skandiaverken.com\/es\/wp-json\/wp\/v2\/types\/page"}],"author":[{"embeddable":true,"href":"https:\/\/www.skandiaverken.com\/es\/wp-json\/wp\/v2\/users\/1"}],"replies":[{"embeddable":true,"href":"https:\/\/www.skandiaverken.com\/es\/wp-json\/wp\/v2\/comments?post=10417"}],"version-history":[{"count":1,"href":"https:\/\/www.skandiaverken.com\/es\/wp-json\/wp\/v2\/pages\/10417\/revisions"}],"predecessor-version":[{"id":10423,"href":"https:\/\/www.skandiaverken.com\/es\/wp-json\/wp\/v2\/pages\/10417\/revisions\/10423"}],"wp:featuredmedia":[{"embeddable":true,"href":"https:\/\/www.skandiaverken.com\/es\/wp-json\/wp\/v2\/media\/10325"}],"wp:attachment":[{"href":"https:\/\/www.skandiaverken.com\/es\/wp-json\/wp\/v2\/media?parent=10417"}],"curies":[{"name":"wp","href":"https:\/\/api.w.org\/{rel}","templated":true}]}}