{"id":10403,"date":"2025-08-26T18:57:20","date_gmt":"2025-08-26T16:57:20","guid":{"rendered":"https:\/\/gold-ibis-155141.hostingersite.com\/filipinas-wartsila-18v46\/"},"modified":"2025-12-11T15:18:43","modified_gmt":"2025-12-11T14:18:43","slug":"filipinas-wartsila-18v46","status":"publish","type":"page","link":"https:\/\/www.skandiaverken.com\/es\/filipinas-wartsila-18v46\/","title":{"rendered":"Filipinas Wartsila 18V46"},"content":{"rendered":"\t\t<div data-elementor-type=\"wp-page\" data-elementor-id=\"10403\" class=\"elementor elementor-10403 elementor-9006\" data-elementor-post-type=\"page\">\n\t\t\t\t<div class=\"elementor-element elementor-element-6a5efefc e-con-full e-flex e-con e-parent\" data-id=\"6a5efefc\" data-element_type=\"container\" data-e-type=\"container\">\n\t\t\t\t<\/div>\n\t\t<div class=\"elementor-element elementor-element-3b51ce2b e-flex e-con-boxed e-con e-parent\" data-id=\"3b51ce2b\" data-element_type=\"container\" data-e-type=\"container\">\n\t\t\t\t\t<div class=\"e-con-inner\">\n\t\t\t\t<div class=\"elementor-element elementor-element-38abc782 anima-testo-zoom elementor-widget elementor-widget-heading\" data-id=\"38abc782\" data-element_type=\"widget\" data-e-type=\"widget\" data-settings=\"{&quot;_animation&quot;:&quot;none&quot;,&quot;_animation_delay&quot;:200}\" data-widget_type=\"heading.default\">\n\t\t\t\t<div class=\"elementor-widget-container\">\n\t\t\t\t\t<h1 class=\"elementor-heading-title elementor-size-default\"><span class=\"tit-evidenza\">HISTORIA DE CASO\n <\/span><br><small>\"Filipinas\" W\u00e4rtsila 18V46 <\/small> <\/h1>\t\t\t\t<\/div>\n\t\t\t\t<\/div>\n\t\t\t\t\t<\/div>\n\t\t\t\t<\/div>\n\t\t<div class=\"elementor-element elementor-element-42991971 e-grid e-con-boxed e-con e-parent\" data-id=\"42991971\" data-element_type=\"container\" data-e-type=\"container\">\n\t\t\t\t\t<div class=\"e-con-inner\">\n\t\t<div class=\"elementor-element elementor-element-42a6362 e-con-full e-flex e-con e-child\" data-id=\"42a6362\" data-element_type=\"container\" data-e-type=\"container\">\n\t\t<div class=\"elementor-element elementor-element-e18d82c e-con-full e-grid e-con e-child\" data-id=\"e18d82c\" data-element_type=\"container\" data-e-type=\"container\">\n\t\t<div class=\"elementor-element elementor-element-b0e7f02 e-con-full e-flex e-con e-child\" data-id=\"b0e7f02\" data-element_type=\"container\" data-e-type=\"container\" data-settings=\"{&quot;background_background&quot;:&quot;classic&quot;}\">\n\t\t\t\t<div class=\"elementor-element elementor-element-552da40 elementor-widget elementor-widget-spacer\" data-id=\"552da40\" data-element_type=\"widget\" data-e-type=\"widget\" data-widget_type=\"spacer.default\">\n\t\t\t\t<div class=\"elementor-widget-container\">\n\t\t\t\t\t\t\t<div class=\"elementor-spacer\">\n\t\t\t<div class=\"elementor-spacer-inner\"><\/div>\n\t\t<\/div>\n\t\t\t\t\t\t<\/div>\n\t\t\t\t<\/div>\n\t\t\t\t<\/div>\n\t\t<div class=\"elementor-element elementor-element-aa800e9 e-con-full e-flex e-con e-child\" data-id=\"aa800e9\" data-element_type=\"container\" data-e-type=\"container\" data-settings=\"{&quot;background_background&quot;:&quot;classic&quot;}\">\n\t\t\t\t<\/div>\n\t\t<div class=\"elementor-element elementor-element-f58dd81 e-con-full e-flex e-con e-child\" data-id=\"f58dd81\" data-element_type=\"container\" data-e-type=\"container\" data-settings=\"{&quot;background_background&quot;:&quot;classic&quot;}\">\n\t\t\t\t<\/div>\n\t\t<div class=\"elementor-element elementor-element-f07deb5 e-con-full e-flex e-con e-child\" data-id=\"f07deb5\" data-element_type=\"container\" data-e-type=\"container\" data-settings=\"{&quot;background_background&quot;:&quot;classic&quot;}\">\n\t\t\t\t<\/div>\n\t\t\t\t<\/div>\n\t\t<div class=\"elementor-element elementor-element-2b60f05 e-con-full e-flex e-con e-child\" data-id=\"2b60f05\" data-element_type=\"container\" data-e-type=\"container\">\n\t\t<div class=\"elementor-element elementor-element-b753dad e-con-full e-flex e-con e-child\" data-id=\"b753dad\" data-element_type=\"container\" data-e-type=\"container\" data-settings=\"{&quot;background_background&quot;:&quot;classic&quot;}\">\n\t\t\t\t<div class=\"elementor-element elementor-element-9445de1 elementor-widget elementor-widget-spacer\" data-id=\"9445de1\" data-element_type=\"widget\" data-e-type=\"widget\" data-widget_type=\"spacer.default\">\n\t\t\t\t<div class=\"elementor-widget-container\">\n\t\t\t\t\t\t\t<div class=\"elementor-spacer\">\n\t\t\t<div class=\"elementor-spacer-inner\"><\/div>\n\t\t<\/div>\n\t\t\t\t\t\t<\/div>\n\t\t\t\t<\/div>\n\t\t\t\t<\/div>\n\t\t<div class=\"elementor-element elementor-element-c35461c e-con-full e-flex e-con e-child\" data-id=\"c35461c\" data-element_type=\"container\" data-e-type=\"container\" data-settings=\"{&quot;background_background&quot;:&quot;classic&quot;}\">\n\t\t\t\t<div class=\"elementor-element elementor-element-72188c4 elementor-widget elementor-widget-spacer\" data-id=\"72188c4\" data-element_type=\"widget\" data-e-type=\"widget\" data-widget_type=\"spacer.default\">\n\t\t\t\t<div class=\"elementor-widget-container\">\n\t\t\t\t\t\t\t<div class=\"elementor-spacer\">\n\t\t\t<div class=\"elementor-spacer-inner\"><\/div>\n\t\t<\/div>\n\t\t\t\t\t\t<\/div>\n\t\t\t\t<\/div>\n\t\t\t\t<\/div>\n\t\t\t\t<\/div>\n\t\t\t\t<\/div>\n\t\t<div class=\"elementor-element elementor-element-62c6d328 e-con-full e-flex e-con e-child\" data-id=\"62c6d328\" data-element_type=\"container\" data-e-type=\"container\">\n\t\t\t\t<div class=\"elementor-element elementor-element-78a5006c elementor-invisible elementor-widget elementor-widget-text-editor\" data-id=\"78a5006c\" data-element_type=\"widget\" data-e-type=\"widget\" data-settings=\"{&quot;_animation&quot;:&quot;fadeIn&quot;,&quot;_animation_delay&quot;:300}\" data-widget_type=\"text-editor.default\">\n\t\t\t\t<div class=\"elementor-widget-container\">\n\t\t\t\t\t\t\t\t\t<ul><li>Inspecci\u00f3n inicial de da\u00f1os y evaluaci\u00f3n de la causa ra\u00edz<\/li><li>Desmontaje completo del motor en la configuraci\u00f3n de la central el\u00e9ctrica<\/li><li>Revisi\u00f3n completa de todos los componentes del motor desmontados<\/li><li>Retirada y elevaci\u00f3n del cig\u00fce\u00f1al da\u00f1ado mediante soluciones de aparejo de ingenier\u00eda<\/li><li>Taladrado de los asientos de los cojinetes principales para garantizar las tolerancias<\/li><li>Instalaci\u00f3n de un nuevo cig\u00fce\u00f1al con alineaci\u00f3n precisa<\/li><li>Montaje final y puesta en marcha completa del motor<\/li><li>Proyecto ejecutado in situ por un experimentado equipo de servicio de campo seg\u00fan las normas OEM<\/li><\/ul>\t\t\t\t\t\t\t\t<\/div>\n\t\t\t\t<\/div>\n\t\t\t\t<\/div>\n\t\t\t\t\t<\/div>\n\t\t\t\t<\/div>\n\t\t\t\t<\/div>\n\t\t","protected":false},"excerpt":{"rendered":"<p>HISTORIA DE CASO \u00abFilipinas\u00bb W\u00e4rtsila 18V46 Inspecci\u00f3n inicial de da\u00f1os y evaluaci\u00f3n de la causa ra\u00edz Desmontaje completo del motor en la configuraci\u00f3n de la central el\u00e9ctrica Revisi\u00f3n completa de todos los componentes del motor desmontados Retirada y elevaci\u00f3n del cig\u00fce\u00f1al da\u00f1ado mediante soluciones de aparejo de ingenier\u00eda Taladrado de los asientos de los cojinetes [&hellip;]<\/p>\n","protected":false},"author":1,"featured_media":10325,"parent":0,"menu_order":0,"comment_status":"closed","ping_status":"closed","template":"","meta":{"footnotes":""},"class_list":["post-10403","page","type-page","status-publish","has-post-thumbnail","hentry"],"_links":{"self":[{"href":"https:\/\/www.skandiaverken.com\/es\/wp-json\/wp\/v2\/pages\/10403","targetHints":{"allow":["GET"]}}],"collection":[{"href":"https:\/\/www.skandiaverken.com\/es\/wp-json\/wp\/v2\/pages"}],"about":[{"href":"https:\/\/www.skandiaverken.com\/es\/wp-json\/wp\/v2\/types\/page"}],"author":[{"embeddable":true,"href":"https:\/\/www.skandiaverken.com\/es\/wp-json\/wp\/v2\/users\/1"}],"replies":[{"embeddable":true,"href":"https:\/\/www.skandiaverken.com\/es\/wp-json\/wp\/v2\/comments?post=10403"}],"version-history":[{"count":1,"href":"https:\/\/www.skandiaverken.com\/es\/wp-json\/wp\/v2\/pages\/10403\/revisions"}],"predecessor-version":[{"id":10415,"href":"https:\/\/www.skandiaverken.com\/es\/wp-json\/wp\/v2\/pages\/10403\/revisions\/10415"}],"wp:featuredmedia":[{"embeddable":true,"href":"https:\/\/www.skandiaverken.com\/es\/wp-json\/wp\/v2\/media\/10325"}],"wp:attachment":[{"href":"https:\/\/www.skandiaverken.com\/es\/wp-json\/wp\/v2\/media?parent=10403"}],"curies":[{"name":"wp","href":"https:\/\/api.w.org\/{rel}","templated":true}]}}