{"id":10399,"date":"2025-08-26T17:24:34","date_gmt":"2025-08-26T15:24:34","guid":{"rendered":"https:\/\/gold-ibis-155141.hostingersite.com\/cojinetes-lisos\/"},"modified":"2025-12-19T09:14:47","modified_gmt":"2025-12-19T08:14:47","slug":"cojinetes-lisos","status":"publish","type":"page","link":"https:\/\/www.skandiaverken.com\/es\/cojinetes-lisos\/","title":{"rendered":"Cojinetes lisos"},"content":{"rendered":"\t\t<div data-elementor-type=\"wp-page\" data-elementor-id=\"10399\" class=\"elementor elementor-10399 elementor-8856\" data-elementor-post-type=\"page\">\n\t\t\t\t<div class=\"elementor-element elementor-element-9b4b90d e-con-full e-flex e-con e-parent\" data-id=\"9b4b90d\" data-element_type=\"container\">\n\t\t\t\t<\/div>\n\t\t<div class=\"elementor-element elementor-element-81b2983 e-con-full e-flex e-con e-parent\" data-id=\"81b2983\" data-element_type=\"container\" data-settings=\"{&quot;background_background&quot;:&quot;classic&quot;}\">\n\t\t<div class=\"elementor-element elementor-element-69ae7cc e-con-full e-flex e-con e-child\" data-id=\"69ae7cc\" data-element_type=\"container\" data-settings=\"{&quot;position&quot;:&quot;absolute&quot;}\">\n\t\t\t\t<div class=\"elementor-element elementor-element-ff23a82 elementor-invisible elementor-widget elementor-widget-heading\" data-id=\"ff23a82\" data-element_type=\"widget\" data-settings=\"{&quot;_animation&quot;:&quot;fadeInDown&quot;}\" data-widget_type=\"heading.default\">\n\t\t\t\t<div class=\"elementor-widget-container\">\n\t\t\t\t\t<h2 class=\"elementor-heading-title elementor-size-default\"><b>COJINETES LISOS  <\/b><\/h2>\t\t\t\t<\/div>\n\t\t\t\t<\/div>\n\t\t\t\t<div class=\"elementor-element elementor-element-7883fbd elementor-invisible elementor-widget elementor-widget-text-editor\" data-id=\"7883fbd\" data-element_type=\"widget\" data-settings=\"{&quot;_animation&quot;:&quot;fadeInUp&quot;,&quot;_animation_delay&quot;:0.5}\" data-widget_type=\"text-editor.default\">\n\t\t\t\t<div class=\"elementor-widget-container\">\n\t\t\t\t\t\t\t\t\t<p>Producci\u00f3n de cojinetes de reparaci\u00f3n de cuatro tiempos.<\/p>\t\t\t\t\t\t\t\t<\/div>\n\t\t\t\t<\/div>\n\t\t\t\t<\/div>\n\t\t\t\t<\/div>\n\t\t<div class=\"elementor-element elementor-element-c9b54eb e-flex e-con-boxed e-con e-parent\" data-id=\"c9b54eb\" data-element_type=\"container\">\n\t\t\t\t\t<div class=\"e-con-inner\">\n\t\t\t\t<div class=\"elementor-element elementor-element-ea8cc79 anima-testo-zoom elementor-widget elementor-widget-heading\" data-id=\"ea8cc79\" data-element_type=\"widget\" data-settings=\"{&quot;_animation&quot;:&quot;none&quot;,&quot;_animation_delay&quot;:200}\" data-widget_type=\"heading.default\">\n\t\t\t\t<div class=\"elementor-widget-container\">\n\t\t\t\t\t<h1 class=\"elementor-heading-title elementor-size-default\"><span class=\"tit-evidenza\">COJINETES LISOS <\/span><br><small>PRODUCCI\u00d3N PARA \nCOJINETES DE REPARACI\u00d3N DE CUATRO TIEMPOS<\/small><\/h1>\t\t\t\t<\/div>\n\t\t\t\t<\/div>\n\t\t\t\t\t<\/div>\n\t\t\t\t<\/div>\n\t\t<div class=\"elementor-element elementor-element-ea1fec7 e-grid e-con-boxed e-con e-parent\" data-id=\"ea1fec7\" data-element_type=\"container\">\n\t\t\t\t\t<div class=\"e-con-inner\">\n\t\t\t\t<div class=\"elementor-element elementor-element-dedd10c elementor-widget elementor-widget-image\" data-id=\"dedd10c\" data-element_type=\"widget\" data-widget_type=\"image.default\">\n\t\t\t\t<div class=\"elementor-widget-container\">\n\t\t\t\t\t\t\t\t\t\t\t\t\t\t\t<img fetchpriority=\"high\" decoding=\"async\" width=\"854\" height=\"739\" src=\"https:\/\/www.skandiaverken.com\/wp-content\/uploads\/2025\/08\/plain_bearing.webp\" class=\"attachment-full size-full wp-image-10401\" alt=\"Foto de componentes met\u00e1licos industriales. Proceso de fabricaci\u00f3n de metales.\" srcset=\"https:\/\/www.skandiaverken.com\/wp-content\/uploads\/2025\/08\/plain_bearing.webp 854w, https:\/\/www.skandiaverken.com\/wp-content\/uploads\/2025\/08\/plain_bearing-300x260.webp 300w, https:\/\/www.skandiaverken.com\/wp-content\/uploads\/2025\/08\/plain_bearing-768x665.webp 768w\" sizes=\"(max-width: 854px) 100vw, 854px\" \/>\t\t\t\t\t\t\t\t\t\t\t\t\t\t\t<\/div>\n\t\t\t\t<\/div>\n\t\t<div class=\"elementor-element elementor-element-00c987a e-con-full e-flex e-con e-child\" data-id=\"00c987a\" data-element_type=\"container\">\n\t\t\t\t<div class=\"elementor-element elementor-element-01b60af elementor-invisible elementor-widget elementor-widget-text-editor\" data-id=\"01b60af\" data-element_type=\"widget\" data-settings=\"{&quot;_animation&quot;:&quot;fadeIn&quot;,&quot;_animation_delay&quot;:300}\" data-widget_type=\"text-editor.default\">\n\t\t\t\t<div class=\"elementor-widget-container\">\n\t\t\t\t\t\t\t\t\t<p>Uno de los puntos fuertes de nuestro grupo es la fabricaci\u00f3n r\u00e1pida in situ de cojinetes sobredimensionados y subdimensionados para motores di\u00e9sel de 4 tiempos.<\/p><p>Ya sea para revisiones planificadas o reparaciones de emergencia, suministramos cojinetes lisos de alta precisi\u00f3n adaptados a la geometr\u00eda de tu cig\u00fce\u00f1al: r\u00e1pidos, fiables y listos para su despliegue global.<\/p><ul><li>Cojinetes lisos a medida para motores di\u00e9sel de 4 tiempos<\/li><li>Fabricaci\u00f3n expr\u00e9s disponible para situaciones de emergencia<\/li><li>Paquete completo de servicio del cig\u00fce\u00f1al a petici\u00f3n<br>Servicio en todo el mundo a cargo de t\u00e9cnicos experimentados<\/li><\/ul>\t\t\t\t\t\t\t\t<\/div>\n\t\t\t\t<\/div>\n\t\t\t\t<\/div>\n\t\t\t\t\t<\/div>\n\t\t\t\t<\/div>\n\t\t<div class=\"elementor-element elementor-element-2357a50 e-flex e-con-boxed e-con e-parent\" data-id=\"2357a50\" data-element_type=\"container\" data-settings=\"{&quot;background_background&quot;:&quot;classic&quot;}\">\n\t\t\t\t\t<div class=\"e-con-inner\">\n\t\t\t\t<div class=\"elementor-element elementor-element-5f0fbf3 anima-testo-zoom elementor-widget elementor-widget-heading\" data-id=\"5f0fbf3\" data-element_type=\"widget\" data-widget_type=\"heading.default\">\n\t\t\t\t<div class=\"elementor-widget-container\">\n\t\t\t\t\t<h2 class=\"elementor-heading-title elementor-size-default\">CONTACTA CON NOSOTROS\n<br><b class=\"tit-evidenza\">HABLEMOS<\/b><\/h2>\t\t\t\t<\/div>\n\t\t\t\t<\/div>\n\t\t<div class=\"elementor-element elementor-element-7c22e47 e-flex e-con-boxed e-con e-child\" data-id=\"7c22e47\" data-element_type=\"container\" data-settings=\"{&quot;background_background&quot;:&quot;classic&quot;}\">\n\t\t\t\t\t<div class=\"e-con-inner\">\n\t\t\t\t<div class=\"elementor-element elementor-element-23ec513 elementor-button-align-center elementor-widget elementor-widget-global elementor-global-11027 elementor-global-10991 elementor-widget-form\" data-id=\"23ec513\" data-element_type=\"widget\" data-settings=\"{&quot;step_next_label&quot;:&quot;Successivo&quot;,&quot;step_previous_label&quot;:&quot;Precedente&quot;,&quot;button_width&quot;:&quot;100&quot;,&quot;step_type&quot;:&quot;number_text&quot;,&quot;step_icon_shape&quot;:&quot;circle&quot;}\" data-widget_type=\"form.default\">\n\t\t\t\t<div class=\"elementor-widget-container\">\n\t\t\t\t\t\t\t<form class=\"elementor-form\" method=\"post\" name=\"Contatti home\" aria-label=\"Contatti home\">\n\t\t\t<input type=\"hidden\" name=\"post_id\" value=\"10399\"\/>\n\t\t\t<input type=\"hidden\" name=\"form_id\" value=\"23ec513\"\/>\n\t\t\t<input type=\"hidden\" name=\"referer_title\" value=\"\" \/>\n\n\t\t\t\n\t\t\t<div class=\"elementor-form-fields-wrapper elementor-labels-\">\n\t\t\t\t\t\t\t\t<div class=\"elementor-field-type-text elementor-field-group elementor-column elementor-field-group-name elementor-col-50\">\n\t\t\t\t\t\t\t\t\t\t\t\t<label for=\"form-field-name\" class=\"elementor-field-label elementor-screen-only\">\n\t\t\t\t\t\t\t\tName\t\t\t\t\t\t\t<\/label>\n\t\t\t\t\t\t\t\t\t\t\t\t\t\t<input size=\"1\" type=\"text\" name=\"form_fields[name]\" id=\"form-field-name\" class=\"elementor-field elementor-size-sm  elementor-field-textual\" placeholder=\"Name\">\n\t\t\t\t\t\t\t\t\t\t\t<\/div>\n\t\t\t\t\t\t\t\t<div class=\"elementor-field-type-text elementor-field-group elementor-column elementor-field-group-field_6c5a184 elementor-col-50\">\n\t\t\t\t\t\t\t\t\t\t\t\t<label for=\"form-field-field_6c5a184\" class=\"elementor-field-label elementor-screen-only\">\n\t\t\t\t\t\t\t\tTelephone\t\t\t\t\t\t\t<\/label>\n\t\t\t\t\t\t\t\t\t\t\t\t\t\t<input size=\"1\" type=\"text\" name=\"form_fields[field_6c5a184]\" id=\"form-field-field_6c5a184\" class=\"elementor-field elementor-size-sm  elementor-field-textual\" placeholder=\"Telephone\">\n\t\t\t\t\t\t\t\t\t\t\t<\/div>\n\t\t\t\t\t\t\t\t<div class=\"elementor-field-type-email elementor-field-group elementor-column elementor-field-group-email elementor-col-50 elementor-field-required\">\n\t\t\t\t\t\t\t\t\t\t\t\t<label for=\"form-field-email\" class=\"elementor-field-label elementor-screen-only\">\n\t\t\t\t\t\t\t\tEmail\t\t\t\t\t\t\t<\/label>\n\t\t\t\t\t\t\t\t\t\t\t\t\t\t<input size=\"1\" type=\"email\" name=\"form_fields[email]\" id=\"form-field-email\" class=\"elementor-field elementor-size-sm  elementor-field-textual\" placeholder=\"Email\" required=\"required\">\n\t\t\t\t\t\t\t\t\t\t\t<\/div>\n\t\t\t\t\t\t\t\t<div class=\"elementor-field-type-text elementor-field-group elementor-column elementor-field-group-field_6829ddb elementor-col-50 elementor-field-required\">\n\t\t\t\t\t\t\t\t\t\t\t\t<label for=\"form-field-field_6829ddb\" class=\"elementor-field-label elementor-screen-only\">\n\t\t\t\t\t\t\t\tCountry\t\t\t\t\t\t\t<\/label>\n\t\t\t\t\t\t\t\t\t\t\t\t\t\t<input size=\"1\" type=\"text\" name=\"form_fields[field_6829ddb]\" id=\"form-field-field_6829ddb\" class=\"elementor-field elementor-size-sm  elementor-field-textual\" placeholder=\"Country\" required=\"required\">\n\t\t\t\t\t\t\t\t\t\t\t<\/div>\n\t\t\t\t\t\t\t\t<div class=\"elementor-field-type-textarea elementor-field-group elementor-column elementor-field-group-message elementor-col-100\">\n\t\t\t\t\t\t\t\t\t\t\t\t<label for=\"form-field-message\" class=\"elementor-field-label elementor-screen-only\">\n\t\t\t\t\t\t\t\tMessage\t\t\t\t\t\t\t<\/label>\n\t\t\t\t\t\t<textarea class=\"elementor-field-textual elementor-field  elementor-size-sm\" name=\"form_fields[message]\" id=\"form-field-message\" rows=\"6\" placeholder=\"Message\"><\/textarea>\t\t\t\t<\/div>\n\t\t\t\t\t\t\t\t<div class=\"elementor-field-type-acceptance elementor-field-group elementor-column elementor-field-group-field_b722eb5 elementor-col-100 elementor-field-required\">\n\t\t\t\t\t\t\t<div class=\"elementor-field-subgroup\">\n\t\t\t<span class=\"elementor-field-option\">\n\t\t\t\t<input type=\"checkbox\" name=\"form_fields[field_b722eb5]\" id=\"form-field-field_b722eb5\" class=\"elementor-field elementor-size-sm  elementor-acceptance-field\" required=\"required\">\n\t\t\t\t<label for=\"form-field-field_b722eb5\">I agree to the processing of my personal information by SKV (<a href=\"\/privacy-policy\/\" target=\"_blank\">Privacy Policy<\/a>)<\/label>\t\t\t<\/span>\n\t\t<\/div>\n\t\t\t\t\t\t<\/div>\n\t\t\t\t\t\t\t\t<div class=\"elementor-field-type-recaptcha_v3 elementor-field-group elementor-column elementor-field-group-field_c872532 elementor-col-100 recaptcha_v3-bottomleft\">\n\t\t\t\t\t<div class=\"elementor-field\" id=\"form-field-field_c872532\"><div class=\"elementor-g-recaptcha\" data-sitekey=\"6LdJcTAsAAAAAPPj5MjxkwmAsyO6wZDEXesTaIl_\" data-type=\"v3\" data-action=\"Form\" data-badge=\"bottomleft\" data-size=\"invisible\"><\/div><\/div>\t\t\t\t<\/div>\n\t\t\t\t\t\t\t\t<div class=\"elementor-field-group elementor-column elementor-field-type-submit elementor-col-100 e-form__buttons\">\n\t\t\t\t\t<button class=\"elementor-button elementor-size-sm\" type=\"submit\">\n\t\t\t\t\t\t<span class=\"elementor-button-content-wrapper\">\n\t\t\t\t\t\t\t\t\t\t\t\t\t\t\t\t\t\t\t\t\t\t<span class=\"elementor-button-text\">Send<\/span>\n\t\t\t\t\t\t\t\t\t\t\t\t\t<\/span>\n\t\t\t\t\t<\/button>\n\t\t\t\t<\/div>\n\t\t\t<\/div>\n\t\t<\/form>\n\t\t\t\t\t\t<\/div>\n\t\t\t\t<\/div>\n\t\t\t\t\t<\/div>\n\t\t\t\t<\/div>\n\t\t\t\t\t<\/div>\n\t\t\t\t<\/div>\n\t\t\t\t<\/div>\n\t\t","protected":false},"excerpt":{"rendered":"<p>COJINETES LISOS Producci\u00f3n de cojinetes de reparaci\u00f3n de cuatro tiempos. COJINETES LISOS PRODUCCI\u00d3N PARA COJINETES DE REPARACI\u00d3N DE CUATRO TIEMPOS Uno de los puntos fuertes de nuestro grupo es la fabricaci\u00f3n r\u00e1pida in situ de cojinetes sobredimensionados y subdimensionados para motores di\u00e9sel de 4 tiempos. Ya sea para revisiones planificadas o reparaciones de emergencia, suministramos [&hellip;]<\/p>\n","protected":false},"author":1,"featured_media":10400,"parent":0,"menu_order":0,"comment_status":"closed","ping_status":"closed","template":"","meta":{"footnotes":""},"class_list":["post-10399","page","type-page","status-publish","has-post-thumbnail","hentry"],"_links":{"self":[{"href":"https:\/\/www.skandiaverken.com\/es\/wp-json\/wp\/v2\/pages\/10399","targetHints":{"allow":["GET"]}}],"collection":[{"href":"https:\/\/www.skandiaverken.com\/es\/wp-json\/wp\/v2\/pages"}],"about":[{"href":"https:\/\/www.skandiaverken.com\/es\/wp-json\/wp\/v2\/types\/page"}],"author":[{"embeddable":true,"href":"https:\/\/www.skandiaverken.com\/es\/wp-json\/wp\/v2\/users\/1"}],"replies":[{"embeddable":true,"href":"https:\/\/www.skandiaverken.com\/es\/wp-json\/wp\/v2\/comments?post=10399"}],"version-history":[{"count":2,"href":"https:\/\/www.skandiaverken.com\/es\/wp-json\/wp\/v2\/pages\/10399\/revisions"}],"predecessor-version":[{"id":11106,"href":"https:\/\/www.skandiaverken.com\/es\/wp-json\/wp\/v2\/pages\/10399\/revisions\/11106"}],"wp:featuredmedia":[{"embeddable":true,"href":"https:\/\/www.skandiaverken.com\/es\/wp-json\/wp\/v2\/media\/10400"}],"wp:attachment":[{"href":"https:\/\/www.skandiaverken.com\/es\/wp-json\/wp\/v2\/media?parent=10399"}],"curies":[{"name":"wp","href":"https:\/\/api.w.org\/{rel}","templated":true}]}}