{"id":10336,"date":"2025-10-10T17:16:03","date_gmt":"2025-10-10T15:16:03","guid":{"rendered":"https:\/\/gold-ibis-155141.hostingersite.com\/sustitucion-del-ciguenal-man-8l-28-32hmv-autumn-steam\/"},"modified":"2025-12-19T09:17:56","modified_gmt":"2025-12-19T08:17:56","slug":"sustitucion-del-ciguenal-man-8l-28-32hmv-autumn-steam","status":"publish","type":"page","link":"https:\/\/www.skandiaverken.com\/es\/sustitucion-del-ciguenal-man-8l-28-32hmv-autumn-steam\/","title":{"rendered":"Sustituci\u00f3n del cig\u00fce\u00f1al MAN 8L 28\/32HMV AUTUMN STEAM"},"content":{"rendered":"\t\t<div data-elementor-type=\"wp-page\" data-elementor-id=\"10336\" class=\"elementor elementor-10336 elementor-9944\" data-elementor-post-type=\"page\">\n\t\t\t\t<div class=\"elementor-element elementor-element-3ba9c5a e-con-full e-flex e-con e-parent\" data-id=\"3ba9c5a\" data-element_type=\"container\" data-e-type=\"container\">\n\t\t\t\t<\/div>\n\t\t<div class=\"elementor-element elementor-element-dace5e0 e-flex e-con-boxed e-con e-parent\" data-id=\"dace5e0\" data-element_type=\"container\" data-e-type=\"container\">\n\t\t\t\t\t<div class=\"e-con-inner\">\n\t\t\t\t<div class=\"elementor-element elementor-element-48598b9 anima-testo-zoom elementor-widget elementor-widget-heading\" data-id=\"48598b9\" data-element_type=\"widget\" data-e-type=\"widget\" data-settings=\"{&quot;_animation&quot;:&quot;none&quot;,&quot;_animation_delay&quot;:200}\" data-widget_type=\"heading.default\">\n\t\t\t\t<div class=\"elementor-widget-container\">\n\t\t\t\t\t<h1 class=\"elementor-heading-title elementor-size-default\">HISTORIA DEL CASO\n\n<br>MAN 8L 28\/32H Sustituci\u00f3n del cig\u00fce\u00f1al\nMV AUTUMN STEAM<br><small> <\/small><\/h1>\t\t\t\t<\/div>\n\t\t\t\t<\/div>\n\t\t\t\t\t<\/div>\n\t\t\t\t<\/div>\n\t\t<div class=\"elementor-element elementor-element-171d1fd e-grid e-con-boxed e-con e-parent\" data-id=\"171d1fd\" data-element_type=\"container\" data-e-type=\"container\">\n\t\t\t\t\t<div class=\"e-con-inner\">\n\t\t<div class=\"elementor-element elementor-element-96eb966 e-con-full e-flex e-con e-child\" data-id=\"96eb966\" data-element_type=\"container\" data-e-type=\"container\">\n\t\t<div class=\"elementor-element elementor-element-1c35913 e-con-full e-grid e-con e-child\" data-id=\"1c35913\" data-element_type=\"container\" data-e-type=\"container\">\n\t\t<div class=\"elementor-element elementor-element-9c21402 e-con-full e-flex e-con e-child\" data-id=\"9c21402\" data-element_type=\"container\" data-e-type=\"container\" data-settings=\"{&quot;background_background&quot;:&quot;classic&quot;}\">\n\t\t\t\t<\/div>\n\t\t<div class=\"elementor-element elementor-element-5f232db e-con-full e-flex e-con e-child\" data-id=\"5f232db\" data-element_type=\"container\" data-e-type=\"container\" data-settings=\"{&quot;background_background&quot;:&quot;classic&quot;}\">\n\t\t\t\t<\/div>\n\t\t\t\t<\/div>\n\t\t<div class=\"elementor-element elementor-element-f873167 e-grid e-con-full e-con e-child\" data-id=\"f873167\" data-element_type=\"container\" data-e-type=\"container\">\n\t\t<div class=\"elementor-element elementor-element-40ad3bc e-con-full e-flex e-con e-child\" data-id=\"40ad3bc\" data-element_type=\"container\" data-e-type=\"container\" data-settings=\"{&quot;background_background&quot;:&quot;classic&quot;}\">\n\t\t\t\t<\/div>\n\t\t<div class=\"elementor-element elementor-element-d732eed e-con-full e-flex e-con e-child\" data-id=\"d732eed\" data-element_type=\"container\" data-e-type=\"container\" data-settings=\"{&quot;background_background&quot;:&quot;classic&quot;}\">\n\t\t\t\t<\/div>\n\t\t\t\t<\/div>\n\t\t\t\t<\/div>\n\t\t<div class=\"elementor-element elementor-element-0f3e753 e-con-full e-flex e-con e-child\" data-id=\"0f3e753\" data-element_type=\"container\" data-e-type=\"container\">\n\t\t\t\t<div class=\"elementor-element elementor-element-7a07774 elementor-invisible elementor-widget elementor-widget-text-editor\" data-id=\"7a07774\" data-element_type=\"widget\" data-e-type=\"widget\" data-settings=\"{&quot;_animation&quot;:&quot;fadeIn&quot;,&quot;_animation_delay&quot;:300}\" data-widget_type=\"text-editor.default\">\n\t\t\t\t<div class=\"elementor-widget-container\">\n\t\t\t\t\t\t\t\t\t<p>Asistencia urgente para reparaciones a bordo<\/p><ul><li>Desmontaje del alternador y del volante del cig\u00fce\u00f1al<\/li><li>Sustituci\u00f3n del bloque motor y del cig\u00fce\u00f1al<\/li><li>Revisi\u00f3n de piezas principales a bordo<\/li><li>Prueba del motor<\/li><\/ul>\t\t\t\t\t\t\t\t<\/div>\n\t\t\t\t<\/div>\n\t\t\t\t<\/div>\n\t\t\t\t\t<\/div>\n\t\t\t\t<\/div>\n\t\t\t\t<\/div>\n\t\t","protected":false},"excerpt":{"rendered":"<p>HISTORIA DEL CASO MAN 8L 28\/32H Sustituci\u00f3n del cig\u00fce\u00f1al MV AUTUMN STEAM Asistencia urgente para reparaciones a bordo Desmontaje del alternador y del volante del cig\u00fce\u00f1al Sustituci\u00f3n del bloque motor y del cig\u00fce\u00f1al Revisi\u00f3n de piezas principales a bordo Prueba del motor<\/p>\n","protected":false},"author":1,"featured_media":0,"parent":0,"menu_order":0,"comment_status":"closed","ping_status":"closed","template":"","meta":{"footnotes":""},"class_list":["post-10336","page","type-page","status-publish","hentry"],"_links":{"self":[{"href":"https:\/\/www.skandiaverken.com\/es\/wp-json\/wp\/v2\/pages\/10336","targetHints":{"allow":["GET"]}}],"collection":[{"href":"https:\/\/www.skandiaverken.com\/es\/wp-json\/wp\/v2\/pages"}],"about":[{"href":"https:\/\/www.skandiaverken.com\/es\/wp-json\/wp\/v2\/types\/page"}],"author":[{"embeddable":true,"href":"https:\/\/www.skandiaverken.com\/es\/wp-json\/wp\/v2\/users\/1"}],"replies":[{"embeddable":true,"href":"https:\/\/www.skandiaverken.com\/es\/wp-json\/wp\/v2\/comments?post=10336"}],"version-history":[{"count":2,"href":"https:\/\/www.skandiaverken.com\/es\/wp-json\/wp\/v2\/pages\/10336\/revisions"}],"predecessor-version":[{"id":11109,"href":"https:\/\/www.skandiaverken.com\/es\/wp-json\/wp\/v2\/pages\/10336\/revisions\/11109"}],"wp:attachment":[{"href":"https:\/\/www.skandiaverken.com\/es\/wp-json\/wp\/v2\/media?parent=10336"}],"curies":[{"name":"wp","href":"https:\/\/api.w.org\/{rel}","templated":true}]}}