{"id":10322,"date":"2025-08-26T19:12:02","date_gmt":"2025-08-26T17:12:02","guid":{"rendered":"https:\/\/gold-ibis-155141.hostingersite.com\/sustitucion-del-ciguenal-y-el-bloque-motor-de-unyanmar-6ey18alw\/"},"modified":"2025-12-11T15:26:37","modified_gmt":"2025-12-11T14:26:37","slug":"sustitucion-del-ciguenal-y-el-bloque-motor-de-unyanmar-6ey18alw","status":"publish","type":"page","link":"https:\/\/www.skandiaverken.com\/es\/sustitucion-del-ciguenal-y-el-bloque-motor-de-unyanmar-6ey18alw\/","title":{"rendered":"Sustituci\u00f3n del cig\u00fce\u00f1al y el bloque motor de un(YANMAR 6EY18ALW)"},"content":{"rendered":"\t\t<div data-elementor-type=\"wp-page\" data-elementor-id=\"10322\" class=\"elementor elementor-10322 elementor-9075\" data-elementor-post-type=\"page\">\n\t\t\t\t<div class=\"elementor-element elementor-element-5b500d8d e-con-full e-flex e-con e-parent\" data-id=\"5b500d8d\" data-element_type=\"container\" data-e-type=\"container\">\n\t\t\t\t<\/div>\n\t\t<div class=\"elementor-element elementor-element-ddd7ec8 e-flex e-con-boxed e-con e-parent\" data-id=\"ddd7ec8\" data-element_type=\"container\" data-e-type=\"container\">\n\t\t\t\t\t<div class=\"e-con-inner\">\n\t\t\t\t<div class=\"elementor-element elementor-element-3beca9a7 anima-testo-zoom elementor-widget elementor-widget-heading\" data-id=\"3beca9a7\" data-element_type=\"widget\" data-e-type=\"widget\" data-settings=\"{&quot;_animation&quot;:&quot;none&quot;,&quot;_animation_delay&quot;:200}\" data-widget_type=\"heading.default\">\n\t\t\t\t<div class=\"elementor-widget-container\">\n\t\t\t\t\t<h1 class=\"elementor-heading-title elementor-size-default\"><span class=\"tit-evidenza\">HISTORIA DE UN CASO\n <\/span><br><small>Sustituci\u00f3n del cig\u00fce\u00f1al y del bloque motor en una(YANMAR 6EY18ALW)\n<\/small><\/h1>\t\t\t\t<\/div>\n\t\t\t\t<\/div>\n\t\t\t\t\t<\/div>\n\t\t\t\t<\/div>\n\t\t<div class=\"elementor-element elementor-element-543e8856 e-grid e-con-boxed e-con e-parent\" data-id=\"543e8856\" data-element_type=\"container\" data-e-type=\"container\">\n\t\t\t\t\t<div class=\"e-con-inner\">\n\t\t<div class=\"elementor-element elementor-element-7989531 e-con-full e-grid e-con e-child\" data-id=\"7989531\" data-element_type=\"container\" data-e-type=\"container\">\n\t\t<div class=\"elementor-element elementor-element-4e72ee8 e-grid e-con-full e-con e-child\" data-id=\"4e72ee8\" data-element_type=\"container\" data-e-type=\"container\">\n\t\t<div class=\"elementor-element elementor-element-987b415 e-con-full e-flex e-con e-child\" data-id=\"987b415\" data-element_type=\"container\" data-e-type=\"container\" data-settings=\"{&quot;background_background&quot;:&quot;classic&quot;}\">\n\t\t\t\t<\/div>\n\t\t<div class=\"elementor-element elementor-element-34ba69c e-con-full e-flex e-con e-child\" data-id=\"34ba69c\" data-element_type=\"container\" data-e-type=\"container\" data-settings=\"{&quot;background_background&quot;:&quot;classic&quot;}\">\n\t\t\t\t<\/div>\n\t\t\t\t<\/div>\n\t\t<div class=\"elementor-element elementor-element-bb9c042 e-con-full e-flex e-con e-child\" data-id=\"bb9c042\" data-element_type=\"container\" data-e-type=\"container\" data-settings=\"{&quot;background_background&quot;:&quot;classic&quot;}\">\n\t\t\t\t<\/div>\n\t\t\t\t<\/div>\n\t\t<div class=\"elementor-element elementor-element-2cafcd24 e-con-full e-flex e-con e-child\" data-id=\"2cafcd24\" data-element_type=\"container\" data-e-type=\"container\">\n\t\t\t\t<div class=\"elementor-element elementor-element-1395fa5e elementor-invisible elementor-widget elementor-widget-text-editor\" data-id=\"1395fa5e\" data-element_type=\"widget\" data-e-type=\"widget\" data-settings=\"{&quot;_animation&quot;:&quot;fadeIn&quot;,&quot;_animation_delay&quot;:300}\" data-widget_type=\"text-editor.default\">\n\t\t\t\t<div class=\"elementor-widget-container\">\n\t\t\t\t\t\t\t\t\t<ul><li>Piezas del motor suministradas.<br>Desmontaje del bloque motor y del cig\u00fce\u00f1al da\u00f1ados.<\/li><li>Reensamblaje y reinstalaci\u00f3n de nuevos componentes.<\/li><li>Servicio T\u00e9cnico realizado a bordo durante la estancia del buque en puerto.<\/li><li>Todos los par\u00e1metros de funcionamiento comprobados.<\/li><\/ul>\t\t\t\t\t\t\t\t<\/div>\n\t\t\t\t<\/div>\n\t\t\t\t<\/div>\n\t\t\t\t\t<\/div>\n\t\t\t\t<\/div>\n\t\t\t\t<\/div>\n\t\t","protected":false},"excerpt":{"rendered":"<p>HISTORIA DE UN CASO Sustituci\u00f3n del cig\u00fce\u00f1al y del bloque motor en una(YANMAR 6EY18ALW) Piezas del motor suministradas.Desmontaje del bloque motor y del cig\u00fce\u00f1al da\u00f1ados. Reensamblaje y reinstalaci\u00f3n de nuevos componentes. Servicio T\u00e9cnico realizado a bordo durante la estancia del buque en puerto. Todos los par\u00e1metros de funcionamiento comprobados.<\/p>\n","protected":false},"author":1,"featured_media":10325,"parent":0,"menu_order":0,"comment_status":"closed","ping_status":"closed","template":"","meta":{"footnotes":""},"class_list":["post-10322","page","type-page","status-publish","has-post-thumbnail","hentry"],"_links":{"self":[{"href":"https:\/\/www.skandiaverken.com\/es\/wp-json\/wp\/v2\/pages\/10322","targetHints":{"allow":["GET"]}}],"collection":[{"href":"https:\/\/www.skandiaverken.com\/es\/wp-json\/wp\/v2\/pages"}],"about":[{"href":"https:\/\/www.skandiaverken.com\/es\/wp-json\/wp\/v2\/types\/page"}],"author":[{"embeddable":true,"href":"https:\/\/www.skandiaverken.com\/es\/wp-json\/wp\/v2\/users\/1"}],"replies":[{"embeddable":true,"href":"https:\/\/www.skandiaverken.com\/es\/wp-json\/wp\/v2\/comments?post=10322"}],"version-history":[{"count":1,"href":"https:\/\/www.skandiaverken.com\/es\/wp-json\/wp\/v2\/pages\/10322\/revisions"}],"predecessor-version":[{"id":10330,"href":"https:\/\/www.skandiaverken.com\/es\/wp-json\/wp\/v2\/pages\/10322\/revisions\/10330"}],"wp:featuredmedia":[{"embeddable":true,"href":"https:\/\/www.skandiaverken.com\/es\/wp-json\/wp\/v2\/media\/10325"}],"wp:attachment":[{"href":"https:\/\/www.skandiaverken.com\/es\/wp-json\/wp\/v2\/media?parent=10322"}],"curies":[{"name":"wp","href":"https:\/\/api.w.org\/{rel}","templated":true}]}}